{"id":145446,"date":"2025-05-18T23:31:20","date_gmt":"2025-05-18T23:31:20","guid":{"rendered":"https:\/\/staging2.stylingagenten.com\/da\/produkt\/schwarzkopf-osis-refresh-dust-300ml\/"},"modified":"2026-03-29T16:38:35","modified_gmt":"2026-03-29T16:38:35","slug":"schwarzkopf-osis-refresh-dust-300ml","status":"publish","type":"product","link":"https:\/\/stylingagenten.com\/da\/produkt\/schwarzkopf-osis-refresh-dust-300ml\/","title":{"rendered":"Schwarzkopf Osis Refresh Dust 300ml"},"content":{"rendered":"<p>?Schwarzkopf Osis Refresh Dust 300ml<br \/>OSiS Refresh Dust er en vegansk t\u00f8rshampoo, der fylder h\u00e5ret og modvirker fedtet hovedbund, samtidig med at den giver \u00f8jeblikkelig volumen og hold.<\/p>\n","protected":false},"excerpt":{"rendered":"<p>?Schwarzkopf Osis Refresh Dust 300mlOSiS Refresh Dust er en vegansk t\u00f8rshampoo, der fylder h\u00e5ret og modvirker fedtet hovedbund, samtidig med at den giver \u00f8jeblikkelig volumen og hold.<\/p>\n","protected":false},"featured_media":145445,"comment_status":"open","ping_status":"closed","template":"","meta":{"_trash_the_other_posts":false},"product_brand":[],"product_cat":[1003,575],"product_tag":[],"berocket_brand":[1060],"class_list":{"0":"post-145446","1":"product","2":"type-product","3":"status-publish","4":"has-post-thumbnail","6":"product_cat-bestsellere","7":"product_cat-toer-shampoo","8":"pa_brand-schwarzkopf","9":"berocket_brand-schwarzkopf","11":"first","12":"instock","13":"sale","14":"taxable","15":"shipping-taxable","16":"purchasable","17":"product-type-simple"},"_links":{"self":[{"href":"https:\/\/stylingagenten.com\/da\/wp-json\/wp\/v2\/product\/145446","targetHints":{"allow":["GET"]}}],"collection":[{"href":"https:\/\/stylingagenten.com\/da\/wp-json\/wp\/v2\/product"}],"about":[{"href":"https:\/\/stylingagenten.com\/da\/wp-json\/wp\/v2\/types\/product"}],"replies":[{"embeddable":true,"href":"https:\/\/stylingagenten.com\/da\/wp-json\/wp\/v2\/comments?post=145446"}],"version-history":[{"count":0,"href":"https:\/\/stylingagenten.com\/da\/wp-json\/wp\/v2\/product\/145446\/revisions"}],"wp:featuredmedia":[{"embeddable":true,"href":"https:\/\/stylingagenten.com\/da\/wp-json\/wp\/v2\/media\/145445"}],"wp:attachment":[{"href":"https:\/\/stylingagenten.com\/da\/wp-json\/wp\/v2\/media?parent=145446"}],"wp:term":[{"taxonomy":"product_brand","embeddable":true,"href":"https:\/\/stylingagenten.com\/da\/wp-json\/wp\/v2\/product_brand?post=145446"},{"taxonomy":"product_cat","embeddable":true,"href":"https:\/\/stylingagenten.com\/da\/wp-json\/wp\/v2\/product_cat?post=145446"},{"taxonomy":"product_tag","embeddable":true,"href":"https:\/\/stylingagenten.com\/da\/wp-json\/wp\/v2\/product_tag?post=145446"},{"taxonomy":"berocket_brand","embeddable":true,"href":"https:\/\/stylingagenten.com\/da\/wp-json\/wp\/v2\/berocket_brand?post=145446"}],"curies":[{"name":"wp","href":"https:\/\/api.w.org\/{rel}","templated":true}]}}