{"id":145431,"date":"2025-05-18T23:31:16","date_gmt":"2025-05-18T23:31:16","guid":{"rendered":"https:\/\/staging2.stylingagenten.com\/da\/produkt\/bjork-skydda-torr-dry-heat-protection-100ml\/"},"modified":"2026-03-16T09:30:10","modified_gmt":"2026-03-16T09:30:10","slug":"bjork-skydda-torr-dry-heat-protection-100ml","status":"publish","type":"product","link":"https:\/\/stylingagenten.com\/da\/produkt\/bjork-skydda-torr-dry-heat-protection-100ml\/","title":{"rendered":"Bj\u00f6rk SKYDDA TORR Dry Heat Protection 100ml"},"content":{"rendered":"<p>Bj\u00f6rk SKYDDA TORR Dry Heat Protection er en varmebeskyttelse i t\u00f8r sprayform til alle h\u00e5rtyper. Den n\u00e6rende formel med rose- og bl\u00e5b\u00e6r-ekstrakt beskytter og giver naturlig glans. Farvebevarende, modvirker krus og giver let hold. Beskytter h\u00e5ret mod fugt og varmeskader op til 210 grader.<\/p>\n<p>Duft: Luksuri\u00f8s og frisk duft med hint af fersken.<\/p>\n<p>100ml<\/p>\n","protected":false},"excerpt":{"rendered":"<p>Bj\u00f6rk SKYDDA TORR Dry Heat Protection er en varmebeskyttelse i t\u00f8r sprayform til alle h\u00e5rtyper. Den n\u00e6rende formel med rose- og bl\u00e5b\u00e6r-ekstrakt beskytter og giver naturlig glans. Farvebevarende, modvirker krus og giver let hold. Beskytter h\u00e5ret mod fugt og varmeskader op til 210 grader. Duft: Luksuri\u00f8s og frisk duft med hint af fersken. 100ml<\/p>\n","protected":false},"featured_media":145430,"comment_status":"open","ping_status":"closed","template":"","meta":{"_trash_the_other_posts":false},"product_brand":[],"product_cat":[624],"product_tag":[2571],"berocket_brand":[1418],"class_list":{"0":"post-145431","1":"product","2":"type-product","3":"status-publish","4":"has-post-thumbnail","6":"product_cat-varmebeskyttelse","7":"product_tag-bjork-skydda-torr-dry-heat-protection","8":"pa_brand-bjork","9":"pa_variant-100ml","10":"berocket_brand-bjork","12":"first","13":"instock","14":"sale","15":"taxable","16":"shipping-taxable","17":"purchasable","18":"product-type-simple"},"_links":{"self":[{"href":"https:\/\/stylingagenten.com\/da\/wp-json\/wp\/v2\/product\/145431","targetHints":{"allow":["GET"]}}],"collection":[{"href":"https:\/\/stylingagenten.com\/da\/wp-json\/wp\/v2\/product"}],"about":[{"href":"https:\/\/stylingagenten.com\/da\/wp-json\/wp\/v2\/types\/product"}],"replies":[{"embeddable":true,"href":"https:\/\/stylingagenten.com\/da\/wp-json\/wp\/v2\/comments?post=145431"}],"version-history":[{"count":0,"href":"https:\/\/stylingagenten.com\/da\/wp-json\/wp\/v2\/product\/145431\/revisions"}],"wp:featuredmedia":[{"embeddable":true,"href":"https:\/\/stylingagenten.com\/da\/wp-json\/wp\/v2\/media\/145430"}],"wp:attachment":[{"href":"https:\/\/stylingagenten.com\/da\/wp-json\/wp\/v2\/media?parent=145431"}],"wp:term":[{"taxonomy":"product_brand","embeddable":true,"href":"https:\/\/stylingagenten.com\/da\/wp-json\/wp\/v2\/product_brand?post=145431"},{"taxonomy":"product_cat","embeddable":true,"href":"https:\/\/stylingagenten.com\/da\/wp-json\/wp\/v2\/product_cat?post=145431"},{"taxonomy":"product_tag","embeddable":true,"href":"https:\/\/stylingagenten.com\/da\/wp-json\/wp\/v2\/product_tag?post=145431"},{"taxonomy":"berocket_brand","embeddable":true,"href":"https:\/\/stylingagenten.com\/da\/wp-json\/wp\/v2\/berocket_brand?post=145431"}],"curies":[{"name":"wp","href":"https:\/\/api.w.org\/{rel}","templated":true}]}}