{"id":145428,"date":"2025-05-18T23:31:15","date_gmt":"2025-05-18T23:31:15","guid":{"rendered":"https:\/\/staging2.stylingagenten.com\/da\/produkt\/bjork-forma-torr-dry-shampoo-200ml\/"},"modified":"2026-03-16T09:30:33","modified_gmt":"2026-03-16T09:30:33","slug":"bjork-forma-torr-dry-shampoo-200ml","status":"publish","type":"product","link":"https:\/\/stylingagenten.com\/da\/produkt\/bjork-forma-torr-dry-shampoo-200ml\/","title":{"rendered":"Bj\u00f6rk FORMA TORR Dry Shampoo 200ml"},"content":{"rendered":"<p>Bj\u00f6rk FORMA TORR T\u00f8rshampoo er en t\u00f8rshampoo, der frisker h\u00e5ret op, samtidig med at den giver tekstur og volumen. Den h\u00f8jt absorberende formel fjerner overskydende fedt og neutraliserer u\u00f8nskede lugte. G\u00f8r h\u00e5ret friskt, f\u00f8les godt og dufter friskt p\u00e5 ingen tid.<\/p>\n<p>Duft: Frisk og frugtig duft med strejf af vandmelon.<\/p>\n<p>200 ml<\/p>\n","protected":false},"excerpt":{"rendered":"<p>Bj\u00f6rk FORMA TORR T\u00f8rshampoo er en t\u00f8rshampoo, der frisker h\u00e5ret op, samtidig med at den giver tekstur og volumen. Den h\u00f8jt absorberende formel fjerner overskydende fedt og neutraliserer u\u00f8nskede lugte. G\u00f8r h\u00e5ret friskt, f\u00f8les godt og dufter friskt p\u00e5 ingen tid. Duft: Frisk og frugtig duft med strejf af vandmelon. 200 ml<\/p>\n","protected":false},"featured_media":145427,"comment_status":"open","ping_status":"closed","template":"","meta":{"_trash_the_other_posts":false},"product_brand":[],"product_cat":[575],"product_tag":[],"berocket_brand":[1418],"class_list":{"0":"post-145428","1":"product","2":"type-product","3":"status-publish","4":"has-post-thumbnail","6":"product_cat-toer-shampoo","7":"pa_brand-bjork","8":"berocket_brand-bjork","10":"first","11":"instock","12":"sale","13":"taxable","14":"shipping-taxable","15":"purchasable","16":"product-type-simple"},"_links":{"self":[{"href":"https:\/\/stylingagenten.com\/da\/wp-json\/wp\/v2\/product\/145428","targetHints":{"allow":["GET"]}}],"collection":[{"href":"https:\/\/stylingagenten.com\/da\/wp-json\/wp\/v2\/product"}],"about":[{"href":"https:\/\/stylingagenten.com\/da\/wp-json\/wp\/v2\/types\/product"}],"replies":[{"embeddable":true,"href":"https:\/\/stylingagenten.com\/da\/wp-json\/wp\/v2\/comments?post=145428"}],"version-history":[{"count":0,"href":"https:\/\/stylingagenten.com\/da\/wp-json\/wp\/v2\/product\/145428\/revisions"}],"wp:featuredmedia":[{"embeddable":true,"href":"https:\/\/stylingagenten.com\/da\/wp-json\/wp\/v2\/media\/145427"}],"wp:attachment":[{"href":"https:\/\/stylingagenten.com\/da\/wp-json\/wp\/v2\/media?parent=145428"}],"wp:term":[{"taxonomy":"product_brand","embeddable":true,"href":"https:\/\/stylingagenten.com\/da\/wp-json\/wp\/v2\/product_brand?post=145428"},{"taxonomy":"product_cat","embeddable":true,"href":"https:\/\/stylingagenten.com\/da\/wp-json\/wp\/v2\/product_cat?post=145428"},{"taxonomy":"product_tag","embeddable":true,"href":"https:\/\/stylingagenten.com\/da\/wp-json\/wp\/v2\/product_tag?post=145428"},{"taxonomy":"berocket_brand","embeddable":true,"href":"https:\/\/stylingagenten.com\/da\/wp-json\/wp\/v2\/berocket_brand?post=145428"}],"curies":[{"name":"wp","href":"https:\/\/api.w.org\/{rel}","templated":true}]}}