{"id":145422,"date":"2025-05-18T23:31:13","date_gmt":"2025-05-18T23:31:13","guid":{"rendered":"https:\/\/staging2.stylingagenten.com\/da\/produkt\/balmain-dry-shampoo-75ml\/"},"modified":"2026-03-11T21:47:36","modified_gmt":"2026-03-11T21:47:36","slug":"balmain-dry-shampoo-75ml","status":"publish","type":"product","link":"https:\/\/stylingagenten.com\/da\/produkt\/balmain-dry-shampoo-75ml\/","title":{"rendered":"Balmain Dry Shampoo 75ml"},"content":{"rendered":"<p>\u00d8jeblikkeligt opfriskende t\u00f8rreshampo-spray. T\u00f8rreshampoen absorberer olie og overskydende talg, samtidig med at den l\u00f8fter r\u00f8dderne og giver volumen. Forl\u00e6nger holdbarheden af din frisure og skaber en mat tekstur med fyldigt h\u00e5r.<\/p>\n<p>75 ml<\/p>\n","protected":false},"excerpt":{"rendered":"<p>\u00d8jeblikkeligt opfriskende t\u00f8rreshampo-spray. T\u00f8rreshampoen absorberer olie og overskydende talg, samtidig med at den l\u00f8fter r\u00f8dderne og giver volumen. Forl\u00e6nger holdbarheden af din frisure og skaber en mat tekstur med fyldigt h\u00e5r. 75 ml<\/p>\n","protected":false},"featured_media":145415,"comment_status":"open","ping_status":"closed","template":"","meta":{"_trash_the_other_posts":false},"product_brand":[],"product_cat":[575],"product_tag":[2456],"berocket_brand":[1144],"class_list":{"0":"post-145422","1":"product","2":"type-product","3":"status-publish","4":"has-post-thumbnail","6":"product_cat-toer-shampoo","7":"product_tag-balmain-dry-shampoo","8":"pa_brand-balmain","9":"pa_variant-75ml","10":"berocket_brand-balmain","12":"first","13":"instock","14":"sale","15":"taxable","16":"shipping-taxable","17":"purchasable","18":"product-type-simple"},"_links":{"self":[{"href":"https:\/\/stylingagenten.com\/da\/wp-json\/wp\/v2\/product\/145422","targetHints":{"allow":["GET"]}}],"collection":[{"href":"https:\/\/stylingagenten.com\/da\/wp-json\/wp\/v2\/product"}],"about":[{"href":"https:\/\/stylingagenten.com\/da\/wp-json\/wp\/v2\/types\/product"}],"replies":[{"embeddable":true,"href":"https:\/\/stylingagenten.com\/da\/wp-json\/wp\/v2\/comments?post=145422"}],"version-history":[{"count":0,"href":"https:\/\/stylingagenten.com\/da\/wp-json\/wp\/v2\/product\/145422\/revisions"}],"wp:featuredmedia":[{"embeddable":true,"href":"https:\/\/stylingagenten.com\/da\/wp-json\/wp\/v2\/media\/145415"}],"wp:attachment":[{"href":"https:\/\/stylingagenten.com\/da\/wp-json\/wp\/v2\/media?parent=145422"}],"wp:term":[{"taxonomy":"product_brand","embeddable":true,"href":"https:\/\/stylingagenten.com\/da\/wp-json\/wp\/v2\/product_brand?post=145422"},{"taxonomy":"product_cat","embeddable":true,"href":"https:\/\/stylingagenten.com\/da\/wp-json\/wp\/v2\/product_cat?post=145422"},{"taxonomy":"product_tag","embeddable":true,"href":"https:\/\/stylingagenten.com\/da\/wp-json\/wp\/v2\/product_tag?post=145422"},{"taxonomy":"berocket_brand","embeddable":true,"href":"https:\/\/stylingagenten.com\/da\/wp-json\/wp\/v2\/berocket_brand?post=145422"}],"curies":[{"name":"wp","href":"https:\/\/api.w.org\/{rel}","templated":true}]}}