{"id":145416,"date":"2025-05-18T23:31:12","date_gmt":"2025-05-18T23:31:12","guid":{"rendered":"https:\/\/staging2.stylingagenten.com\/da\/produkt\/bjork-forma-torr-brown-dry-shampoo-200ml\/"},"modified":"2026-03-16T09:30:34","modified_gmt":"2026-03-16T09:30:34","slug":"bjork-forma-torr-brown-dry-shampoo-200ml","status":"publish","type":"product","link":"https:\/\/stylingagenten.com\/da\/produkt\/bjork-forma-torr-brown-dry-shampoo-200ml\/","title":{"rendered":"Bj\u00f6rk FORMA TORR Brown Dry Shampoo 200ml"},"content":{"rendered":"<p>Bj\u00f6rk FORMA TORR Brown Dry Shampoo er en t\u00f8rshampoo med brune pigmenter, der frisker h\u00e5ret op p\u00e5 ingen tid. H\u00f8jabsorberende formel fjerner overskydende olie og neutraliserer u\u00f8nskede lugte. Giver en let volumen- og textureffekt. Indeholder birkeekstrakter, der virker beroligende og vitaliserende p\u00e5 hovedbunden. F\u00e5r h\u00e5ret til at se, f\u00f8les og dufte rent. Frisk og frugtig duft med indslag af vandmelon.<\/p>\n<p>Duft: Frisk og frugtig duft med indslag af vandmelon.<\/p>\n<p>200 ml<\/p>\n","protected":false},"excerpt":{"rendered":"<p>Bj\u00f6rk FORMA TORR Brown Dry Shampoo er en t\u00f8rshampoo med brune pigmenter, der frisker h\u00e5ret op p\u00e5 ingen tid. H\u00f8jabsorberende formel fjerner overskydende olie og neutraliserer u\u00f8nskede lugte. Giver en let volumen- og textureffekt. Indeholder birkeekstrakter, der virker beroligende og vitaliserende p\u00e5 hovedbunden. F\u00e5r h\u00e5ret til at se, f\u00f8les og dufte rent. Frisk og frugtig [&hellip;]<\/p>\n","protected":false},"featured_media":145414,"comment_status":"open","ping_status":"closed","template":"","meta":{"_trash_the_other_posts":false},"product_brand":[],"product_cat":[575],"product_tag":[],"berocket_brand":[1418],"class_list":{"0":"post-145416","1":"product","2":"type-product","3":"status-publish","4":"has-post-thumbnail","6":"product_cat-toer-shampoo","7":"pa_brand-bjork","8":"berocket_brand-bjork","10":"first","11":"instock","12":"sale","13":"taxable","14":"shipping-taxable","15":"purchasable","16":"product-type-simple"},"_links":{"self":[{"href":"https:\/\/stylingagenten.com\/da\/wp-json\/wp\/v2\/product\/145416","targetHints":{"allow":["GET"]}}],"collection":[{"href":"https:\/\/stylingagenten.com\/da\/wp-json\/wp\/v2\/product"}],"about":[{"href":"https:\/\/stylingagenten.com\/da\/wp-json\/wp\/v2\/types\/product"}],"replies":[{"embeddable":true,"href":"https:\/\/stylingagenten.com\/da\/wp-json\/wp\/v2\/comments?post=145416"}],"version-history":[{"count":0,"href":"https:\/\/stylingagenten.com\/da\/wp-json\/wp\/v2\/product\/145416\/revisions"}],"wp:featuredmedia":[{"embeddable":true,"href":"https:\/\/stylingagenten.com\/da\/wp-json\/wp\/v2\/media\/145414"}],"wp:attachment":[{"href":"https:\/\/stylingagenten.com\/da\/wp-json\/wp\/v2\/media?parent=145416"}],"wp:term":[{"taxonomy":"product_brand","embeddable":true,"href":"https:\/\/stylingagenten.com\/da\/wp-json\/wp\/v2\/product_brand?post=145416"},{"taxonomy":"product_cat","embeddable":true,"href":"https:\/\/stylingagenten.com\/da\/wp-json\/wp\/v2\/product_cat?post=145416"},{"taxonomy":"product_tag","embeddable":true,"href":"https:\/\/stylingagenten.com\/da\/wp-json\/wp\/v2\/product_tag?post=145416"},{"taxonomy":"berocket_brand","embeddable":true,"href":"https:\/\/stylingagenten.com\/da\/wp-json\/wp\/v2\/berocket_brand?post=145416"}],"curies":[{"name":"wp","href":"https:\/\/api.w.org\/{rel}","templated":true}]}}