{"id":145410,"date":"2025-05-18T23:31:09","date_gmt":"2025-05-18T23:31:09","guid":{"rendered":"https:\/\/staging2.stylingagenten.com\/da\/produkt\/kokie-after-math-post-makeup-spray\/"},"modified":"2025-12-18T21:49:46","modified_gmt":"2025-12-18T21:49:46","slug":"kokie-after-math-post-makeup-spray","status":"publish","type":"product","link":"https:\/\/stylingagenten.com\/da\/produkt\/kokie-after-math-post-makeup-spray\/","title":{"rendered":"Kokie After Math Post Makeup Spray"},"content":{"rendered":"<p>Kokie After Math Post Makeup Spray er en ansigtsspray, der indeholder vitaminer og mineraler, der rynker, fornyer, beroliger og opfrisker kedelig hud. <br \/>Brug efter makeupfjerning med eller uden din hudplejerutine. Troldn\u00f8d toner og opfrisker huden. Magnesium, zink og pilebarkekstrakt hj\u00e6lper med at holde huden sund og klar, mens andre aktive ingredienser giver fugt og udstr\u00e5ling.<\/p>\n<p>Indeholder: 88,7 ml<\/p>\n<p> p&gt;<\/p>\n","protected":false},"excerpt":{"rendered":"<p>Kokie After Math Post Makeup Spray er en ansigtsspray, der indeholder vitaminer og mineraler, der rynker, fornyer, beroliger og opfrisker kedelig hud. Brug efter makeupfjerning med eller uden din hudplejerutine. Troldn\u00f8d toner og opfrisker huden. Magnesium, zink og pilebarkekstrakt hj\u00e6lper med at holde huden sund og klar, mens andre aktive ingredienser giver fugt og udstr\u00e5ling. [&hellip;]<\/p>\n","protected":false},"featured_media":145404,"comment_status":"open","ping_status":"closed","template":"","meta":{"_trash_the_other_posts":false},"product_brand":[],"product_cat":[654],"product_tag":[],"berocket_brand":[1198],"class_list":{"0":"post-145410","1":"product","2":"type-product","3":"status-publish","4":"has-post-thumbnail","6":"product_cat-toner","7":"pa_brand-kokie-cosmetics","8":"berocket_brand-kokie-cosmetics","10":"first","11":"instock","12":"sale","13":"taxable","14":"shipping-taxable","15":"purchasable","16":"product-type-simple"},"_links":{"self":[{"href":"https:\/\/stylingagenten.com\/da\/wp-json\/wp\/v2\/product\/145410","targetHints":{"allow":["GET"]}}],"collection":[{"href":"https:\/\/stylingagenten.com\/da\/wp-json\/wp\/v2\/product"}],"about":[{"href":"https:\/\/stylingagenten.com\/da\/wp-json\/wp\/v2\/types\/product"}],"replies":[{"embeddable":true,"href":"https:\/\/stylingagenten.com\/da\/wp-json\/wp\/v2\/comments?post=145410"}],"version-history":[{"count":0,"href":"https:\/\/stylingagenten.com\/da\/wp-json\/wp\/v2\/product\/145410\/revisions"}],"wp:featuredmedia":[{"embeddable":true,"href":"https:\/\/stylingagenten.com\/da\/wp-json\/wp\/v2\/media\/145404"}],"wp:attachment":[{"href":"https:\/\/stylingagenten.com\/da\/wp-json\/wp\/v2\/media?parent=145410"}],"wp:term":[{"taxonomy":"product_brand","embeddable":true,"href":"https:\/\/stylingagenten.com\/da\/wp-json\/wp\/v2\/product_brand?post=145410"},{"taxonomy":"product_cat","embeddable":true,"href":"https:\/\/stylingagenten.com\/da\/wp-json\/wp\/v2\/product_cat?post=145410"},{"taxonomy":"product_tag","embeddable":true,"href":"https:\/\/stylingagenten.com\/da\/wp-json\/wp\/v2\/product_tag?post=145410"},{"taxonomy":"berocket_brand","embeddable":true,"href":"https:\/\/stylingagenten.com\/da\/wp-json\/wp\/v2\/berocket_brand?post=145410"}],"curies":[{"name":"wp","href":"https:\/\/api.w.org\/{rel}","templated":true}]}}