{"id":145363,"date":"2025-05-18T23:30:59","date_gmt":"2025-05-18T23:30:59","guid":{"rendered":"https:\/\/staging2.stylingagenten.com\/da\/produkt\/filorga-ncef-essence-150ml\/"},"modified":"2026-04-13T07:10:03","modified_gmt":"2026-04-13T07:10:03","slug":"filorga-ncef-essence-150ml","status":"publish","type":"product","link":"https:\/\/stylingagenten.com\/da\/produkt\/filorga-ncef-essence-150ml\/","title":{"rendered":"Filorga NCEF Essence 150ml"},"content":{"rendered":"<p>Overlegen revitaliserende essens &#8211; en fugtl\u00e5s til smuk hud<br \/>Revitaliserende essens med h\u00f8j hydrering og koncentration af NCEF. Et pr\u00e6-serum, der forbereder huden og booster effekten af \u200b\u200befterf\u00f8lgende anti-aging hudplejeprodukter. Giver straks huden glans og en beskyttende effekt, samt bevarer fugten i huden. Velegnet til alle hudtyper.<\/p>\n<p>-Forbereder huden og booster effekten af \u200b\u200befterf\u00f8lgende produkter<br \/>-Beskytter og bevarer fugten i huden<br \/>-Giver glans og beskytter mod forurening<\/p>\n<p>NCEF: Et polyrevitaliserende kompleks for forbedret hudkvalitet med en koncentration svarende til en injicerbar anti-aging NCEF-behandling. For en komplet anti-aging effekt p\u00e5 rynker, fasthed, hudtone, porer, hydrering.<br \/>AQUA-MX teknologi: Et fugtgivende koncentrat, der giver b\u00e5de \u00f8jeblikkelig og langvarig hydrering og forbedrer egenskaberne af efterf\u00f8lgende produkter.<br \/> Salvia urteekstrakt: Modvirker vandtab i huden og har en anti-inflammatorisk effekt.<\/p>\n<p>Sk\u00f8nhedstip!<br \/>P\u00e5f\u00f8r essensen efter din rensning, derefter serum og creme, for at optimere deres optagelse og booste dens virkninger <\/p>\n<p>Anvendelse: Brug morgen og aften p\u00e5 renset hud og f\u00f8r serum\/creme. P\u00e5f\u00f8r produktet p\u00e5 dine h\u00e6nder og dup derefter forsigtigt formlen ind med fingrene. Skyl ikke af.<\/p>\n","protected":false},"excerpt":{"rendered":"<p>Overlegen revitaliserende essens &#8211; en fugtl\u00e5s til smuk hudRevitaliserende essens med h\u00f8j hydrering og koncentration af NCEF. Et pr\u00e6-serum, der forbereder huden og booster effekten af \u200b\u200befterf\u00f8lgende anti-aging hudplejeprodukter. Giver straks huden glans og en beskyttende effekt, samt bevarer fugten i huden. Velegnet til alle hudtyper. -Forbereder huden og booster effekten af \u200b\u200befterf\u00f8lgende produkter-Beskytter og [&hellip;]<\/p>\n","protected":false},"featured_media":145355,"comment_status":"open","ping_status":"closed","template":"","meta":{"_trash_the_other_posts":false},"product_brand":[],"product_cat":[546],"product_tag":[],"berocket_brand":[1317],"class_list":{"0":"post-145363","1":"product","2":"type-product","3":"status-publish","4":"has-post-thumbnail","6":"product_cat-harstyling","7":"pa_brand-filorga","8":"berocket_brand-filorga","10":"first","11":"instock","12":"sale","13":"taxable","14":"shipping-taxable","15":"purchasable","16":"product-type-simple"},"_links":{"self":[{"href":"https:\/\/stylingagenten.com\/da\/wp-json\/wp\/v2\/product\/145363","targetHints":{"allow":["GET"]}}],"collection":[{"href":"https:\/\/stylingagenten.com\/da\/wp-json\/wp\/v2\/product"}],"about":[{"href":"https:\/\/stylingagenten.com\/da\/wp-json\/wp\/v2\/types\/product"}],"replies":[{"embeddable":true,"href":"https:\/\/stylingagenten.com\/da\/wp-json\/wp\/v2\/comments?post=145363"}],"version-history":[{"count":0,"href":"https:\/\/stylingagenten.com\/da\/wp-json\/wp\/v2\/product\/145363\/revisions"}],"wp:featuredmedia":[{"embeddable":true,"href":"https:\/\/stylingagenten.com\/da\/wp-json\/wp\/v2\/media\/145355"}],"wp:attachment":[{"href":"https:\/\/stylingagenten.com\/da\/wp-json\/wp\/v2\/media?parent=145363"}],"wp:term":[{"taxonomy":"product_brand","embeddable":true,"href":"https:\/\/stylingagenten.com\/da\/wp-json\/wp\/v2\/product_brand?post=145363"},{"taxonomy":"product_cat","embeddable":true,"href":"https:\/\/stylingagenten.com\/da\/wp-json\/wp\/v2\/product_cat?post=145363"},{"taxonomy":"product_tag","embeddable":true,"href":"https:\/\/stylingagenten.com\/da\/wp-json\/wp\/v2\/product_tag?post=145363"},{"taxonomy":"berocket_brand","embeddable":true,"href":"https:\/\/stylingagenten.com\/da\/wp-json\/wp\/v2\/berocket_brand?post=145363"}],"curies":[{"name":"wp","href":"https:\/\/api.w.org\/{rel}","templated":true}]}}