{"id":145301,"date":"2025-05-18T23:30:46","date_gmt":"2025-05-18T23:30:46","guid":{"rendered":"https:\/\/staging2.stylingagenten.com\/da\/produkt\/cosrx-ac-collection-calming-liquid-intensive-toner-125ml\/"},"modified":"2025-12-18T21:40:10","modified_gmt":"2025-12-18T21:40:10","slug":"cosrx-ac-collection-calming-liquid-intensive-toner-125ml","status":"publish","type":"product","link":"https:\/\/stylingagenten.com\/da\/produkt\/cosrx-ac-collection-calming-liquid-intensive-toner-125ml\/","title":{"rendered":"COSRX AC Collection Calming Liquid Intensive Toner 125ml"},"content":{"rendered":"<p>COSRX AC Collection Calming Liquid Intensive Toner 125ml<br \/>AC Collection Calming Liquid Intensive er en intens, hurtigtvirkende v\u00e6ske, der opfrisker og renser hud, der er udsat for akne. Den giver en dejlig, k\u00f8lende effekt og er is\u00e6r velegnet til urolig hud.<\/p>\n<p>Indeholder CentellAC-Rx-kompleks.<br \/>Dette er en formel, der effektivt behandler acne og ogs\u00e5 hj\u00e6lper med at restituere og revitalisere huden, helt uden irritation takket v\u00e6re COSRX Centella AC-Rx Complex. Den beroligende formel indeholder tre legendariske helbredende ingredienser &#8211; Madecassic acid, Asiaticoside og Asiatic acid.<\/p>\n<p>Den er ogs\u00e5 beriget med over 60 % propolis ekstrakt, som hj\u00e6lper med at opretholde hudens fugtbalance hele dagen. Zink-PCA hj\u00e6lper med at reducere risikoen for infektion og lindre cystisk acne. Derudover indeholder den b\u00e5de BHA og AHA syre for at fjerne overskydende olie og arbejde for en j\u00e6vn og klarere hudtone.<br \/>Velegnet til alle hudtyper, is\u00e6r velegnet til urolig, irriteret akne-udsat hud.<\/p>\n","protected":false},"excerpt":{"rendered":"<p>COSRX AC Collection Calming Liquid Intensive Toner 125mlAC Collection Calming Liquid Intensive er en intens, hurtigtvirkende v\u00e6ske, der opfrisker og renser hud, der er udsat for akne. Den giver en dejlig, k\u00f8lende effekt og er is\u00e6r velegnet til urolig hud. Indeholder CentellAC-Rx-kompleks.Dette er en formel, der effektivt behandler acne og ogs\u00e5 hj\u00e6lper med at restituere [&hellip;]<\/p>\n","protected":false},"featured_media":145286,"comment_status":"open","ping_status":"closed","template":"","meta":{"_trash_the_other_posts":false},"product_brand":[],"product_cat":[1001,1005,654],"product_tag":[],"berocket_brand":[1396],"class_list":{"0":"post-145301","1":"product","2":"type-product","3":"status-publish","4":"has-post-thumbnail","6":"product_cat-k-beauty","7":"product_cat-outlet","8":"product_cat-toner","9":"pa_brand-cosrx","10":"berocket_brand-cosrx","12":"first","13":"instock","14":"sale","15":"taxable","16":"shipping-taxable","17":"purchasable","18":"product-type-simple"},"_links":{"self":[{"href":"https:\/\/stylingagenten.com\/da\/wp-json\/wp\/v2\/product\/145301","targetHints":{"allow":["GET"]}}],"collection":[{"href":"https:\/\/stylingagenten.com\/da\/wp-json\/wp\/v2\/product"}],"about":[{"href":"https:\/\/stylingagenten.com\/da\/wp-json\/wp\/v2\/types\/product"}],"replies":[{"embeddable":true,"href":"https:\/\/stylingagenten.com\/da\/wp-json\/wp\/v2\/comments?post=145301"}],"version-history":[{"count":0,"href":"https:\/\/stylingagenten.com\/da\/wp-json\/wp\/v2\/product\/145301\/revisions"}],"wp:featuredmedia":[{"embeddable":true,"href":"https:\/\/stylingagenten.com\/da\/wp-json\/wp\/v2\/media\/145286"}],"wp:attachment":[{"href":"https:\/\/stylingagenten.com\/da\/wp-json\/wp\/v2\/media?parent=145301"}],"wp:term":[{"taxonomy":"product_brand","embeddable":true,"href":"https:\/\/stylingagenten.com\/da\/wp-json\/wp\/v2\/product_brand?post=145301"},{"taxonomy":"product_cat","embeddable":true,"href":"https:\/\/stylingagenten.com\/da\/wp-json\/wp\/v2\/product_cat?post=145301"},{"taxonomy":"product_tag","embeddable":true,"href":"https:\/\/stylingagenten.com\/da\/wp-json\/wp\/v2\/product_tag?post=145301"},{"taxonomy":"berocket_brand","embeddable":true,"href":"https:\/\/stylingagenten.com\/da\/wp-json\/wp\/v2\/berocket_brand?post=145301"}],"curies":[{"name":"wp","href":"https:\/\/api.w.org\/{rel}","templated":true}]}}