{"id":145290,"date":"2025-05-18T23:30:44","date_gmt":"2025-05-18T23:30:44","guid":{"rendered":"https:\/\/staging2.stylingagenten.com\/da\/produkt\/anua-peach-77-niacin-essence-toner-250ml\/"},"modified":"2025-11-19T12:37:00","modified_gmt":"2025-11-19T12:37:00","slug":"anua-peach-77-niacin-essence-toner-250ml","status":"publish","type":"product","link":"https:\/\/stylingagenten.com\/da\/produkt\/anua-peach-77-niacin-essence-toner-250ml\/","title":{"rendered":"Anua Peach 77% Niacin Essence Toner 250ml"},"content":{"rendered":"<p>ANUA Peach 77% Niacin Essence Toner er et let og fugtgivende ansigtsvand og essens, der oplyser huden og reducerer uj\u00e6vnheder.<\/p>\n<p>Dette ansigtsvand er et multifunktionelt produkt, der fungerer som b\u00e5de ansigtsvand og essens. Denne lette og fugtgivende formel er egnet til alle hudtyper, is\u00e6r dem med en mat hudtone og uj\u00e6vn hudstruktur. Ansigtsvandet indeholder 77 % ferskenekstrakt (Prunus persica), som er rig p\u00e5 vitaminer, mineraler og antioxidanter. Det hj\u00e6lper med at fugte huden, give den gl\u00f8d og reducere r\u00f8dme. Niacinamid (Vitamin B3) p\u00e5 2 % g\u00f8r hyperpigmentering og m\u00f8rke pletter mindre synlige og j\u00e6vner hudtonen, samtidig med at det hj\u00e6lper med at kontrollere talgproduktionen og minimere store porer. Hyaluronsyre holder huden fugtet og elastisk, mens Alpha Arbutin lyser op huden og reducerer hyperpigmentering. Centella Asiatica beroliger irriteret hud og styrker hudbarrieren.<\/p>\n<p>250ml<\/p>\n","protected":false},"excerpt":{"rendered":"<p>ANUA Peach 77% Niacin Essence Toner er et let og fugtgivende ansigtsvand og essens, der oplyser huden og reducerer uj\u00e6vnheder. Dette ansigtsvand er et multifunktionelt produkt, der fungerer som b\u00e5de ansigtsvand og essens. Denne lette og fugtgivende formel er egnet til alle hudtyper, is\u00e6r dem med en mat hudtone og uj\u00e6vn hudstruktur. Ansigtsvandet indeholder 77 [&hellip;]<\/p>\n","protected":false},"featured_media":145261,"comment_status":"open","ping_status":"closed","template":"","meta":{"_trash_the_other_posts":false},"product_brand":[],"product_cat":[654],"product_tag":[],"berocket_brand":[1421],"class_list":{"0":"post-145290","1":"product","2":"type-product","3":"status-publish","4":"has-post-thumbnail","6":"product_cat-toner","7":"pa_brand-anua","8":"berocket_brand-anua","10":"first","11":"instock","12":"sale","13":"taxable","14":"shipping-taxable","15":"purchasable","16":"product-type-simple"},"_links":{"self":[{"href":"https:\/\/stylingagenten.com\/da\/wp-json\/wp\/v2\/product\/145290","targetHints":{"allow":["GET"]}}],"collection":[{"href":"https:\/\/stylingagenten.com\/da\/wp-json\/wp\/v2\/product"}],"about":[{"href":"https:\/\/stylingagenten.com\/da\/wp-json\/wp\/v2\/types\/product"}],"replies":[{"embeddable":true,"href":"https:\/\/stylingagenten.com\/da\/wp-json\/wp\/v2\/comments?post=145290"}],"version-history":[{"count":0,"href":"https:\/\/stylingagenten.com\/da\/wp-json\/wp\/v2\/product\/145290\/revisions"}],"wp:featuredmedia":[{"embeddable":true,"href":"https:\/\/stylingagenten.com\/da\/wp-json\/wp\/v2\/media\/145261"}],"wp:attachment":[{"href":"https:\/\/stylingagenten.com\/da\/wp-json\/wp\/v2\/media?parent=145290"}],"wp:term":[{"taxonomy":"product_brand","embeddable":true,"href":"https:\/\/stylingagenten.com\/da\/wp-json\/wp\/v2\/product_brand?post=145290"},{"taxonomy":"product_cat","embeddable":true,"href":"https:\/\/stylingagenten.com\/da\/wp-json\/wp\/v2\/product_cat?post=145290"},{"taxonomy":"product_tag","embeddable":true,"href":"https:\/\/stylingagenten.com\/da\/wp-json\/wp\/v2\/product_tag?post=145290"},{"taxonomy":"berocket_brand","embeddable":true,"href":"https:\/\/stylingagenten.com\/da\/wp-json\/wp\/v2\/berocket_brand?post=145290"}],"curies":[{"name":"wp","href":"https:\/\/api.w.org\/{rel}","templated":true}]}}