{"id":145267,"date":"2025-05-18T23:30:40","date_gmt":"2025-05-18T23:30:40","guid":{"rendered":"https:\/\/staging2.stylingagenten.com\/da\/produkt\/anua-peach-77-niacin-conditioning-milk-150ml\/"},"modified":"2025-12-18T21:28:23","modified_gmt":"2025-12-18T21:28:23","slug":"anua-peach-77-niacin-conditioning-milk-150ml","status":"publish","type":"product","link":"https:\/\/stylingagenten.com\/da\/produkt\/anua-peach-77-niacin-conditioning-milk-150ml\/","title":{"rendered":"Anua Peach 77% Niacin Conditioning Milk 150ml"},"content":{"rendered":"<p>Peach 77% Niacin Conditioning Milk fra det prisvindende m\u00e6rke Anua er en styrkende, lysnende og dybt fugtgivende essens\/lotion til alle hudtyper, inklusive sensitiv hud. Den er is\u00e6r perfekt til dem, der \u00f8nsker at opn\u00e5 glass-skin-effekt og en ferskenbl\u00f8d base til makeup.<\/p>\n<p>Essensen indeholder 77% n\u00e6rende ferskenekstrakt, ceramider, adenosin og triple hyaluronsyre, som sammen styrker hudens beskyttelsesbarriere mod ydre irritanter (f.eks. kulde og t\u00f8r luft) samtidig med, at den giver huden langvarig dyb fugt. Peach Melting Peel\u2122-komplekset, som indeholder salicylsyre og fugtgivende betain, hj\u00e6lper med at eksfoliere d\u00f8de hudceller, der har dannet sig p\u00e5 hudens overflade i l\u00f8bet af dagen.<\/p>\n<p>Essensen er beriget med 2% niacinamid og vitamin B12 for at minimere synligheden af hyperpigmentering, lysne hudens samlede udseende og give huden en frisk gl\u00f8d. Panthenol og m\u00e6lkesyrebakterier hj\u00e6lper med at berolige hudirritation og r\u00f8dme, hvilket g\u00f8r huden rolig og afbalanceret. Formlen, der har en bl\u00f8d ferskenduft, er rig som en emulsion, spreder sig let og fungerer meget godt under makeup \u2013 slutresultatet er afbalanceret, ferskenbl\u00f8d og glasslignende hud.<\/p>\n<p>150ml<\/p>\n","protected":false},"excerpt":{"rendered":"<p>Peach 77% Niacin Conditioning Milk fra det prisvindende m\u00e6rke Anua er en styrkende, lysnende og dybt fugtgivende essens\/lotion til alle hudtyper, inklusive sensitiv hud. Den er is\u00e6r perfekt til dem, der \u00f8nsker at opn\u00e5 glass-skin-effekt og en ferskenbl\u00f8d base til makeup. Essensen indeholder 77% n\u00e6rende ferskenekstrakt, ceramider, adenosin og triple hyaluronsyre, som sammen styrker hudens [&hellip;]<\/p>\n","protected":false},"featured_media":145251,"comment_status":"open","ping_status":"closed","template":"","meta":{"_trash_the_other_posts":false},"product_brand":[],"product_cat":[654],"product_tag":[],"berocket_brand":[1421],"class_list":{"0":"post-145267","1":"product","2":"type-product","3":"status-publish","4":"has-post-thumbnail","6":"product_cat-toner","7":"pa_brand-anua","8":"berocket_brand-anua","10":"first","11":"instock","12":"sale","13":"taxable","14":"shipping-taxable","15":"purchasable","16":"product-type-simple"},"_links":{"self":[{"href":"https:\/\/stylingagenten.com\/da\/wp-json\/wp\/v2\/product\/145267","targetHints":{"allow":["GET"]}}],"collection":[{"href":"https:\/\/stylingagenten.com\/da\/wp-json\/wp\/v2\/product"}],"about":[{"href":"https:\/\/stylingagenten.com\/da\/wp-json\/wp\/v2\/types\/product"}],"replies":[{"embeddable":true,"href":"https:\/\/stylingagenten.com\/da\/wp-json\/wp\/v2\/comments?post=145267"}],"version-history":[{"count":0,"href":"https:\/\/stylingagenten.com\/da\/wp-json\/wp\/v2\/product\/145267\/revisions"}],"wp:featuredmedia":[{"embeddable":true,"href":"https:\/\/stylingagenten.com\/da\/wp-json\/wp\/v2\/media\/145251"}],"wp:attachment":[{"href":"https:\/\/stylingagenten.com\/da\/wp-json\/wp\/v2\/media?parent=145267"}],"wp:term":[{"taxonomy":"product_brand","embeddable":true,"href":"https:\/\/stylingagenten.com\/da\/wp-json\/wp\/v2\/product_brand?post=145267"},{"taxonomy":"product_cat","embeddable":true,"href":"https:\/\/stylingagenten.com\/da\/wp-json\/wp\/v2\/product_cat?post=145267"},{"taxonomy":"product_tag","embeddable":true,"href":"https:\/\/stylingagenten.com\/da\/wp-json\/wp\/v2\/product_tag?post=145267"},{"taxonomy":"berocket_brand","embeddable":true,"href":"https:\/\/stylingagenten.com\/da\/wp-json\/wp\/v2\/berocket_brand?post=145267"}],"curies":[{"name":"wp","href":"https:\/\/api.w.org\/{rel}","templated":true}]}}