{"id":145148,"date":"2025-05-18T23:30:06","date_gmt":"2025-05-18T23:30:06","guid":{"rendered":"https:\/\/staging2.stylingagenten.com\/da\/produkt\/piz-buin-moisturizing-sun-lotion-spf15-200ml\/"},"modified":"2026-04-13T07:10:22","modified_gmt":"2026-04-13T07:10:22","slug":"piz-buin-moisturizing-sun-lotion-spf15-200ml","status":"publish","type":"product","link":"https:\/\/stylingagenten.com\/da\/produkt\/piz-buin-moisturizing-sun-lotion-spf15-200ml\/","title":{"rendered":"Piz Buin Moisturizing Sun Lotion SPF15 200ml"},"content":{"rendered":"<p style='margin-top:0cm;margin-right:0cm;margin-bottom:8.0pt;margin-left:0cm;font-size:15px;font-family:\"Calibri\",sans-serif'> PIZ BUIN&reg; MOISTURISING Sun Lotion fugter intensivt din hud, mens du solbader uden at efterlade en klistret hinde. Huden holdes bl\u00f8d og silkebl\u00f8d hele dagen. PIZ BUIN&reg; Fugtgivende Sun Lotion er sved- og vandafvisende.<\/p>\n<p style='margin: 0cm 0cm 8pt;font-family: \"Calibri\", sans-serif'>P\u00e5f\u00f8r gener\u00f8st og j\u00e6vnt f\u00f8r soleksponering. For lille en m\u00e6ngde s\u00e6nker beskyttelsesniveauet betragteligt. P\u00e5f\u00f8r ofte, is\u00e6r efter sveden, sv\u00f8mning eller t\u00f8rring med et h\u00e5ndkl\u00e6de. Undg\u00e5 middagssolen og ophold i solen i lang tid, selv n\u00e5r du bruger solcreme.<\/p>\n","protected":false},"excerpt":{"rendered":"<p>PIZ BUIN&reg; MOISTURISING Sun Lotion fugter intensivt din hud, mens du solbader uden at efterlade en klistret hinde. Huden holdes bl\u00f8d og silkebl\u00f8d hele dagen. PIZ BUIN&reg; Fugtgivende Sun Lotion er sved- og vandafvisende. P\u00e5f\u00f8r gener\u00f8st og j\u00e6vnt f\u00f8r soleksponering. For lille en m\u00e6ngde s\u00e6nker beskyttelsesniveauet betragteligt. P\u00e5f\u00f8r ofte, is\u00e6r efter sveden, sv\u00f8mning eller t\u00f8rring [&hellip;]<\/p>\n","protected":false},"featured_media":145145,"comment_status":"open","ping_status":"closed","template":"","meta":{"_trash_the_other_posts":false},"product_brand":[],"product_cat":[573],"product_tag":[],"berocket_brand":[1054],"class_list":{"0":"post-145148","1":"product","2":"type-product","3":"status-publish","4":"has-post-thumbnail","6":"product_cat-solcreme","7":"pa_brand-piz-buin","8":"berocket_brand-piz-buin","10":"first","11":"instock","12":"sale","13":"taxable","14":"shipping-taxable","15":"purchasable","16":"product-type-simple"},"_links":{"self":[{"href":"https:\/\/stylingagenten.com\/da\/wp-json\/wp\/v2\/product\/145148","targetHints":{"allow":["GET"]}}],"collection":[{"href":"https:\/\/stylingagenten.com\/da\/wp-json\/wp\/v2\/product"}],"about":[{"href":"https:\/\/stylingagenten.com\/da\/wp-json\/wp\/v2\/types\/product"}],"replies":[{"embeddable":true,"href":"https:\/\/stylingagenten.com\/da\/wp-json\/wp\/v2\/comments?post=145148"}],"version-history":[{"count":0,"href":"https:\/\/stylingagenten.com\/da\/wp-json\/wp\/v2\/product\/145148\/revisions"}],"wp:featuredmedia":[{"embeddable":true,"href":"https:\/\/stylingagenten.com\/da\/wp-json\/wp\/v2\/media\/145145"}],"wp:attachment":[{"href":"https:\/\/stylingagenten.com\/da\/wp-json\/wp\/v2\/media?parent=145148"}],"wp:term":[{"taxonomy":"product_brand","embeddable":true,"href":"https:\/\/stylingagenten.com\/da\/wp-json\/wp\/v2\/product_brand?post=145148"},{"taxonomy":"product_cat","embeddable":true,"href":"https:\/\/stylingagenten.com\/da\/wp-json\/wp\/v2\/product_cat?post=145148"},{"taxonomy":"product_tag","embeddable":true,"href":"https:\/\/stylingagenten.com\/da\/wp-json\/wp\/v2\/product_tag?post=145148"},{"taxonomy":"berocket_brand","embeddable":true,"href":"https:\/\/stylingagenten.com\/da\/wp-json\/wp\/v2\/berocket_brand?post=145148"}],"curies":[{"name":"wp","href":"https:\/\/api.w.org\/{rel}","templated":true}]}}