{"id":145124,"date":"2025-05-18T23:29:57","date_gmt":"2025-05-18T23:29:57","guid":{"rendered":"https:\/\/staging2.stylingagenten.com\/da\/produkt\/nuxe-sun-melting-cream-high-protection-spf50-50ml\/"},"modified":"2025-12-18T21:53:26","modified_gmt":"2025-12-18T21:53:26","slug":"nuxe-sun-melting-cream-high-protection-spf50-50ml","status":"publish","type":"product","link":"https:\/\/stylingagenten.com\/da\/produkt\/nuxe-sun-melting-cream-high-protection-spf50-50ml\/","title":{"rendered":"Nuxe Sun Melting Cream High Protection SPF50 50ml"},"content":{"rendered":"<p>Nuxe Sun Melting Cream High Protection SPF 50 er en solcreme med sol- og vandblomster, der beskytter cellerne mod solens \u00e6ldning og hj\u00e6lper dig med at opn\u00e5 en perfekt solbrun farve. Specielt designet til den f\u00f8lsomme hud ansigtet absorberes let og efterlader ikke en hvid hinde. <br \/>En fortryllende duft med noter af s\u00f8d appelsin, tiareblomst og vanilje. <\/p>\n","protected":false},"excerpt":{"rendered":"<p>Nuxe Sun Melting Cream High Protection SPF 50 er en solcreme med sol- og vandblomster, der beskytter cellerne mod solens \u00e6ldning og hj\u00e6lper dig med at opn\u00e5 en perfekt solbrun farve. Specielt designet til den f\u00f8lsomme hud ansigtet absorberes let og efterlader ikke en hvid hinde. En fortryllende duft med noter af s\u00f8d appelsin, tiareblomst [&hellip;]<\/p>\n","protected":false},"featured_media":145117,"comment_status":"open","ping_status":"closed","template":"","meta":{"_trash_the_other_posts":false},"product_brand":[],"product_cat":[573],"product_tag":[],"berocket_brand":[1024],"class_list":{"0":"post-145124","1":"product","2":"type-product","3":"status-publish","4":"has-post-thumbnail","6":"product_cat-solcreme","7":"pa_brand-nuxe","8":"berocket_brand-nuxe","10":"first","11":"instock","12":"sale","13":"taxable","14":"shipping-taxable","15":"purchasable","16":"product-type-simple"},"_links":{"self":[{"href":"https:\/\/stylingagenten.com\/da\/wp-json\/wp\/v2\/product\/145124","targetHints":{"allow":["GET"]}}],"collection":[{"href":"https:\/\/stylingagenten.com\/da\/wp-json\/wp\/v2\/product"}],"about":[{"href":"https:\/\/stylingagenten.com\/da\/wp-json\/wp\/v2\/types\/product"}],"replies":[{"embeddable":true,"href":"https:\/\/stylingagenten.com\/da\/wp-json\/wp\/v2\/comments?post=145124"}],"version-history":[{"count":0,"href":"https:\/\/stylingagenten.com\/da\/wp-json\/wp\/v2\/product\/145124\/revisions"}],"wp:featuredmedia":[{"embeddable":true,"href":"https:\/\/stylingagenten.com\/da\/wp-json\/wp\/v2\/media\/145117"}],"wp:attachment":[{"href":"https:\/\/stylingagenten.com\/da\/wp-json\/wp\/v2\/media?parent=145124"}],"wp:term":[{"taxonomy":"product_brand","embeddable":true,"href":"https:\/\/stylingagenten.com\/da\/wp-json\/wp\/v2\/product_brand?post=145124"},{"taxonomy":"product_cat","embeddable":true,"href":"https:\/\/stylingagenten.com\/da\/wp-json\/wp\/v2\/product_cat?post=145124"},{"taxonomy":"product_tag","embeddable":true,"href":"https:\/\/stylingagenten.com\/da\/wp-json\/wp\/v2\/product_tag?post=145124"},{"taxonomy":"berocket_brand","embeddable":true,"href":"https:\/\/stylingagenten.com\/da\/wp-json\/wp\/v2\/berocket_brand?post=145124"}],"curies":[{"name":"wp","href":"https:\/\/api.w.org\/{rel}","templated":true}]}}