{"id":145091,"date":"2025-05-18T23:29:46","date_gmt":"2025-05-18T23:29:46","guid":{"rendered":"https:\/\/staging2.stylingagenten.com\/da\/produkt\/nuxe-sun-tanning-oil-high-protection-spf30-150ml\/"},"modified":"2025-12-18T21:53:27","modified_gmt":"2025-12-18T21:53:27","slug":"nuxe-sun-tanning-oil-high-protection-spf30-150ml","status":"publish","type":"product","link":"https:\/\/stylingagenten.com\/da\/produkt\/nuxe-sun-tanning-oil-high-protection-spf30-150ml\/","title":{"rendered":"Nuxe Sun Tanning Oil High Protection SPF30 150ml"},"content":{"rendered":"<p>Nuxe Sun Tanning Oil High Protection SPF30 beskytter huden mod solens str\u00e5ler, forhindrer \u00e6ldningstegn og hj\u00e6lper dig med at opn\u00e5 den perfekte tan. Absorberes let og efterlader huden fl\u00f8jlsbl\u00f8d uden pletter. Tilf\u00f8rer n\u00e6ring og fugt til huden og er fri for silikone, alkohol og mineralolie.<\/p>\n","protected":false},"excerpt":{"rendered":"<p>Nuxe Sun Tanning Oil High Protection SPF30 beskytter huden mod solens str\u00e5ler, forhindrer \u00e6ldningstegn og hj\u00e6lper dig med at opn\u00e5 den perfekte tan. Absorberes let og efterlader huden fl\u00f8jlsbl\u00f8d uden pletter. Tilf\u00f8rer n\u00e6ring og fugt til huden og er fri for silikone, alkohol og mineralolie.<\/p>\n","protected":false},"featured_media":145086,"comment_status":"open","ping_status":"closed","template":"","meta":{"_trash_the_other_posts":false},"product_brand":[],"product_cat":[573],"product_tag":[],"berocket_brand":[1024],"class_list":{"0":"post-145091","1":"product","2":"type-product","3":"status-publish","4":"has-post-thumbnail","6":"product_cat-solcreme","7":"pa_brand-nuxe","8":"berocket_brand-nuxe","10":"first","11":"instock","12":"sale","13":"taxable","14":"shipping-taxable","15":"purchasable","16":"product-type-simple"},"_links":{"self":[{"href":"https:\/\/stylingagenten.com\/da\/wp-json\/wp\/v2\/product\/145091","targetHints":{"allow":["GET"]}}],"collection":[{"href":"https:\/\/stylingagenten.com\/da\/wp-json\/wp\/v2\/product"}],"about":[{"href":"https:\/\/stylingagenten.com\/da\/wp-json\/wp\/v2\/types\/product"}],"replies":[{"embeddable":true,"href":"https:\/\/stylingagenten.com\/da\/wp-json\/wp\/v2\/comments?post=145091"}],"version-history":[{"count":0,"href":"https:\/\/stylingagenten.com\/da\/wp-json\/wp\/v2\/product\/145091\/revisions"}],"wp:featuredmedia":[{"embeddable":true,"href":"https:\/\/stylingagenten.com\/da\/wp-json\/wp\/v2\/media\/145086"}],"wp:attachment":[{"href":"https:\/\/stylingagenten.com\/da\/wp-json\/wp\/v2\/media?parent=145091"}],"wp:term":[{"taxonomy":"product_brand","embeddable":true,"href":"https:\/\/stylingagenten.com\/da\/wp-json\/wp\/v2\/product_brand?post=145091"},{"taxonomy":"product_cat","embeddable":true,"href":"https:\/\/stylingagenten.com\/da\/wp-json\/wp\/v2\/product_cat?post=145091"},{"taxonomy":"product_tag","embeddable":true,"href":"https:\/\/stylingagenten.com\/da\/wp-json\/wp\/v2\/product_tag?post=145091"},{"taxonomy":"berocket_brand","embeddable":true,"href":"https:\/\/stylingagenten.com\/da\/wp-json\/wp\/v2\/berocket_brand?post=145091"}],"curies":[{"name":"wp","href":"https:\/\/api.w.org\/{rel}","templated":true}]}}