{"id":145071,"date":"2025-05-18T23:29:40","date_gmt":"2025-05-18T23:29:40","guid":{"rendered":"https:\/\/staging2.stylingagenten.com\/da\/produkt\/shiseido-sun-expert-pro-face-body-lotion-spf50-150ml\/"},"modified":"2026-04-14T19:48:30","modified_gmt":"2026-04-14T19:48:30","slug":"shiseido-sun-expert-pro-face-body-lotion-spf50-150ml","status":"publish","type":"product","link":"https:\/\/stylingagenten.com\/da\/produkt\/shiseido-sun-expert-pro-face-body-lotion-spf50-150ml\/","title":{"rendered":"Shiseido Sun Expert Pro Face &amp; Body Lotion SPF50+ 150ml"},"content":{"rendered":"<p>En hudplejeformel, kraftfuld beskyttelse<\/p>\n<p>Beriget med hudplejeingredienser beskytter den mod fine linjer, rynker og uj\u00e6vn hudtone for\u00e5rsaget af foto\u00e6ldning.<\/p>\n<p>&nbsp;<\/p>\n<p>Formuleret med NatureSurge Complex og indeholder en ingrediens med antioxidantegenskaber. *<\/p>\n<p>* in vitro test<\/p>\n<p>En unik struktur Denne lotion er vandt\u00e6t, samtidig med at den er behagelig, let og usynlig for alle hudtyper. Den smelter ind i huden med komplement\u00e6re duftingredienser for at skabe en tiltalende \u2013 og personlig \u2013 duft. Det fremmer en glattere p\u00e5f\u00f8ring af foundation og en holdbar makeup-finish.<\/p>\n<p>150 ml<\/p>\n","protected":false},"excerpt":{"rendered":"<p>En hudplejeformel, kraftfuld beskyttelse Beriget med hudplejeingredienser beskytter den mod fine linjer, rynker og uj\u00e6vn hudtone for\u00e5rsaget af foto\u00e6ldning. &nbsp; Formuleret med NatureSurge Complex og indeholder en ingrediens med antioxidantegenskaber. * * in vitro test En unik struktur Denne lotion er vandt\u00e6t, samtidig med at den er behagelig, let og usynlig for alle hudtyper. Den [&hellip;]<\/p>\n","protected":false},"featured_media":145070,"comment_status":"open","ping_status":"closed","template":"","meta":{"_trash_the_other_posts":false},"product_brand":[],"product_cat":[573],"product_tag":[],"berocket_brand":[1193],"class_list":{"0":"post-145071","1":"product","2":"type-product","3":"status-publish","4":"has-post-thumbnail","6":"product_cat-solcreme","7":"pa_brand-shiseido","8":"berocket_brand-shiseido","10":"first","11":"instock","12":"sale","13":"taxable","14":"shipping-taxable","15":"purchasable","16":"product-type-simple"},"_links":{"self":[{"href":"https:\/\/stylingagenten.com\/da\/wp-json\/wp\/v2\/product\/145071","targetHints":{"allow":["GET"]}}],"collection":[{"href":"https:\/\/stylingagenten.com\/da\/wp-json\/wp\/v2\/product"}],"about":[{"href":"https:\/\/stylingagenten.com\/da\/wp-json\/wp\/v2\/types\/product"}],"replies":[{"embeddable":true,"href":"https:\/\/stylingagenten.com\/da\/wp-json\/wp\/v2\/comments?post=145071"}],"version-history":[{"count":0,"href":"https:\/\/stylingagenten.com\/da\/wp-json\/wp\/v2\/product\/145071\/revisions"}],"wp:featuredmedia":[{"embeddable":true,"href":"https:\/\/stylingagenten.com\/da\/wp-json\/wp\/v2\/media\/145070"}],"wp:attachment":[{"href":"https:\/\/stylingagenten.com\/da\/wp-json\/wp\/v2\/media?parent=145071"}],"wp:term":[{"taxonomy":"product_brand","embeddable":true,"href":"https:\/\/stylingagenten.com\/da\/wp-json\/wp\/v2\/product_brand?post=145071"},{"taxonomy":"product_cat","embeddable":true,"href":"https:\/\/stylingagenten.com\/da\/wp-json\/wp\/v2\/product_cat?post=145071"},{"taxonomy":"product_tag","embeddable":true,"href":"https:\/\/stylingagenten.com\/da\/wp-json\/wp\/v2\/product_tag?post=145071"},{"taxonomy":"berocket_brand","embeddable":true,"href":"https:\/\/stylingagenten.com\/da\/wp-json\/wp\/v2\/berocket_brand?post=145071"}],"curies":[{"name":"wp","href":"https:\/\/api.w.org\/{rel}","templated":true}]}}