{"id":145037,"date":"2025-05-18T23:29:29","date_gmt":"2025-05-18T23:29:29","guid":{"rendered":"https:\/\/staging2.stylingagenten.com\/da\/produkt\/piz-buin-moisturising-sun-lotion-spf50-200ml\/"},"modified":"2026-04-14T19:18:31","modified_gmt":"2026-04-14T19:18:31","slug":"piz-buin-moisturising-sun-lotion-spf50-200ml","status":"publish","type":"product","link":"https:\/\/stylingagenten.com\/da\/produkt\/piz-buin-moisturising-sun-lotion-spf50-200ml\/","title":{"rendered":"Piz Buin Moisturising Sun Lotion SPF50+ 200ml"},"content":{"rendered":"<p>Den ikke-fedtede, ikke-kl\u00e6bende formel af PIZ BUIN&reg; MOISTURISING Sun Lotion fugter intensivt din hud, mens du soler dig i solen og efterlader din hud bl\u00f8d og silkebl\u00f8d dagen lang.<\/p>\n<p>PIZ BUIN&reg; MOISTURIZING Sun Lotion er sved- og vandafvisende.<\/p>\n<p>Som solbeskyttelsesspecialister bruger PIZ BUIN innovativ teknologi til at sikre, at du opn\u00e5r den rette balance mellem farve og beskyttelse, n\u00e5r du nyder solen.<\/p>\n<p>Hver af de avancerede UVA \/ UVB solfiltersystemer er en kraftfuld solbeskyttelsesteknologi udviklet af PIZ BUIN&reg;. De tilbyder effektiv fotostabil, bredspektret UVA- og UVB-beskyttelse og hj\u00e6lper med at opn\u00e5 at PIZ BUIN&reg;-solcremer f\u00f8lger Europa-Kommissionens seneste anbefaling om solcremer.<\/p>\n<p>Alle de avancerede UVA\/UVB-solfiltersystemer beskytter mod UVA- og UVB-str\u00e5ling.<\/p>\n","protected":false},"excerpt":{"rendered":"<p>Den ikke-fedtede, ikke-kl\u00e6bende formel af PIZ BUIN&reg; MOISTURISING Sun Lotion fugter intensivt din hud, mens du soler dig i solen og efterlader din hud bl\u00f8d og silkebl\u00f8d dagen lang. PIZ BUIN&reg; MOISTURIZING Sun Lotion er sved- og vandafvisende. Som solbeskyttelsesspecialister bruger PIZ BUIN innovativ teknologi til at sikre, at du opn\u00e5r den rette balance mellem [&hellip;]<\/p>\n","protected":false},"featured_media":145036,"comment_status":"open","ping_status":"closed","template":"","meta":{"_trash_the_other_posts":false},"product_brand":[],"product_cat":[1003,573],"product_tag":[],"berocket_brand":[1054],"class_list":{"0":"post-145037","1":"product","2":"type-product","3":"status-publish","4":"has-post-thumbnail","6":"product_cat-bestsellere","7":"product_cat-solcreme","8":"pa_brand-piz-buin","9":"berocket_brand-piz-buin","11":"first","12":"instock","13":"sale","14":"taxable","15":"shipping-taxable","16":"purchasable","17":"product-type-simple"},"_links":{"self":[{"href":"https:\/\/stylingagenten.com\/da\/wp-json\/wp\/v2\/product\/145037","targetHints":{"allow":["GET"]}}],"collection":[{"href":"https:\/\/stylingagenten.com\/da\/wp-json\/wp\/v2\/product"}],"about":[{"href":"https:\/\/stylingagenten.com\/da\/wp-json\/wp\/v2\/types\/product"}],"replies":[{"embeddable":true,"href":"https:\/\/stylingagenten.com\/da\/wp-json\/wp\/v2\/comments?post=145037"}],"version-history":[{"count":0,"href":"https:\/\/stylingagenten.com\/da\/wp-json\/wp\/v2\/product\/145037\/revisions"}],"wp:featuredmedia":[{"embeddable":true,"href":"https:\/\/stylingagenten.com\/da\/wp-json\/wp\/v2\/media\/145036"}],"wp:attachment":[{"href":"https:\/\/stylingagenten.com\/da\/wp-json\/wp\/v2\/media?parent=145037"}],"wp:term":[{"taxonomy":"product_brand","embeddable":true,"href":"https:\/\/stylingagenten.com\/da\/wp-json\/wp\/v2\/product_brand?post=145037"},{"taxonomy":"product_cat","embeddable":true,"href":"https:\/\/stylingagenten.com\/da\/wp-json\/wp\/v2\/product_cat?post=145037"},{"taxonomy":"product_tag","embeddable":true,"href":"https:\/\/stylingagenten.com\/da\/wp-json\/wp\/v2\/product_tag?post=145037"},{"taxonomy":"berocket_brand","embeddable":true,"href":"https:\/\/stylingagenten.com\/da\/wp-json\/wp\/v2\/berocket_brand?post=145037"}],"curies":[{"name":"wp","href":"https:\/\/api.w.org\/{rel}","templated":true}]}}