{"id":145000,"date":"2025-05-18T23:29:15","date_gmt":"2025-05-18T23:29:15","guid":{"rendered":"https:\/\/staging2.stylingagenten.com\/da\/produkt\/malibu-fast-tanning-oil-with-beta-carotene-100ml\/"},"modified":"2026-04-14T21:37:46","modified_gmt":"2026-04-14T21:37:46","slug":"malibu-fast-tanning-oil-with-beta-carotene-100ml","status":"publish","type":"product","link":"https:\/\/stylingagenten.com\/da\/produkt\/malibu-fast-tanning-oil-with-beta-carotene-100ml\/","title":{"rendered":"Malibu Fast Tanning Oil with Beta Carotene 100ml"},"content":{"rendered":"<p>Malibu Fast Tanning Oil med Beta-Carotene er en sololie, der ikke indeholder nogen solcreme. Den er perfekt til personer med h\u00f8je niveauer af melanin i huden, og som aldrig br\u00e6nder i solen. Dette produkt g\u00f8r din hud glat og fugtig, men giver ingen beskyttelse mod solen.<\/p>\n","protected":false},"excerpt":{"rendered":"<p>Malibu Fast Tanning Oil med Beta-Carotene er en sololie, der ikke indeholder nogen solcreme. Den er perfekt til personer med h\u00f8je niveauer af melanin i huden, og som aldrig br\u00e6nder i solen. Dette produkt g\u00f8r din hud glat og fugtig, men giver ingen beskyttelse mod solen.<\/p>\n","protected":false},"featured_media":144998,"comment_status":"open","ping_status":"closed","template":"","meta":{"_trash_the_other_posts":false},"product_brand":[],"product_cat":[1003,573],"product_tag":[3365],"berocket_brand":[1241],"class_list":{"0":"post-145000","1":"product","2":"type-product","3":"status-publish","4":"has-post-thumbnail","6":"product_cat-bestsellere","7":"product_cat-solcreme","8":"product_tag-malibu-fast-tanning-oil-with-beta-carotene","9":"pa_brand-malibu","10":"pa_variant-100ml","11":"berocket_brand-malibu","13":"first","14":"instock","15":"sale","16":"taxable","17":"shipping-taxable","18":"purchasable","19":"product-type-simple"},"_links":{"self":[{"href":"https:\/\/stylingagenten.com\/da\/wp-json\/wp\/v2\/product\/145000","targetHints":{"allow":["GET"]}}],"collection":[{"href":"https:\/\/stylingagenten.com\/da\/wp-json\/wp\/v2\/product"}],"about":[{"href":"https:\/\/stylingagenten.com\/da\/wp-json\/wp\/v2\/types\/product"}],"replies":[{"embeddable":true,"href":"https:\/\/stylingagenten.com\/da\/wp-json\/wp\/v2\/comments?post=145000"}],"version-history":[{"count":0,"href":"https:\/\/stylingagenten.com\/da\/wp-json\/wp\/v2\/product\/145000\/revisions"}],"wp:featuredmedia":[{"embeddable":true,"href":"https:\/\/stylingagenten.com\/da\/wp-json\/wp\/v2\/media\/144998"}],"wp:attachment":[{"href":"https:\/\/stylingagenten.com\/da\/wp-json\/wp\/v2\/media?parent=145000"}],"wp:term":[{"taxonomy":"product_brand","embeddable":true,"href":"https:\/\/stylingagenten.com\/da\/wp-json\/wp\/v2\/product_brand?post=145000"},{"taxonomy":"product_cat","embeddable":true,"href":"https:\/\/stylingagenten.com\/da\/wp-json\/wp\/v2\/product_cat?post=145000"},{"taxonomy":"product_tag","embeddable":true,"href":"https:\/\/stylingagenten.com\/da\/wp-json\/wp\/v2\/product_tag?post=145000"},{"taxonomy":"berocket_brand","embeddable":true,"href":"https:\/\/stylingagenten.com\/da\/wp-json\/wp\/v2\/berocket_brand?post=145000"}],"curies":[{"name":"wp","href":"https:\/\/api.w.org\/{rel}","templated":true}]}}