{"id":144987,"date":"2025-05-18T23:29:09","date_gmt":"2025-05-18T23:29:09","guid":{"rendered":"https:\/\/staging2.stylingagenten.com\/da\/produkt\/malibu-kids-sun-lotion-spf30-200ml\/"},"modified":"2026-03-10T15:42:30","modified_gmt":"2026-03-10T15:42:30","slug":"malibu-kids-sun-lotion-spf30-200ml","status":"publish","type":"product","link":"https:\/\/stylingagenten.com\/da\/produkt\/malibu-kids-sun-lotion-spf30-200ml\/","title":{"rendered":"Malibu Kids Sun Lotion SPF30 200ml"},"content":{"rendered":"<p>Malibu Kids SPF30 Protective Lotion giver h\u00f8j beskyttelse mod UVA- og UVB-str\u00e5ler og er specielt udviklet til at udstyre alle b\u00f8rns strandaktiviteter. Det er en fotostabil lotion, som er klinisk bevist at v\u00e6re venlig mod de fleste hudtyper. Desuden er den beriget med vitaminer, indeholder Aloe Vera og er vandafvisende. Solcremen er nem at p\u00e5f\u00f8re og er perfekt til stranden og ferier.<\/p>\n","protected":false},"excerpt":{"rendered":"<p>Malibu Kids SPF30 Protective Lotion giver h\u00f8j beskyttelse mod UVA- og UVB-str\u00e5ler og er specielt udviklet til at udstyre alle b\u00f8rns strandaktiviteter. Det er en fotostabil lotion, som er klinisk bevist at v\u00e6re venlig mod de fleste hudtyper. Desuden er den beriget med vitaminer, indeholder Aloe Vera og er vandafvisende. Solcremen er nem at p\u00e5f\u00f8re [&hellip;]<\/p>\n","protected":false},"featured_media":144986,"comment_status":"open","ping_status":"closed","template":"","meta":{"_trash_the_other_posts":false},"product_brand":[],"product_cat":[573,1011],"product_tag":[3366],"berocket_brand":[1241],"class_list":{"0":"post-144987","1":"product","2":"type-product","3":"status-publish","4":"has-post-thumbnail","6":"product_cat-solcreme","7":"product_cat-solbeskyttelse-boern","8":"product_tag-malibu-kids-sun-lotion-spf30","9":"pa_brand-malibu","10":"pa_variant-200ml","11":"berocket_brand-malibu","13":"first","14":"instock","15":"sale","16":"taxable","17":"shipping-taxable","18":"purchasable","19":"product-type-simple"},"_links":{"self":[{"href":"https:\/\/stylingagenten.com\/da\/wp-json\/wp\/v2\/product\/144987","targetHints":{"allow":["GET"]}}],"collection":[{"href":"https:\/\/stylingagenten.com\/da\/wp-json\/wp\/v2\/product"}],"about":[{"href":"https:\/\/stylingagenten.com\/da\/wp-json\/wp\/v2\/types\/product"}],"replies":[{"embeddable":true,"href":"https:\/\/stylingagenten.com\/da\/wp-json\/wp\/v2\/comments?post=144987"}],"version-history":[{"count":0,"href":"https:\/\/stylingagenten.com\/da\/wp-json\/wp\/v2\/product\/144987\/revisions"}],"wp:featuredmedia":[{"embeddable":true,"href":"https:\/\/stylingagenten.com\/da\/wp-json\/wp\/v2\/media\/144986"}],"wp:attachment":[{"href":"https:\/\/stylingagenten.com\/da\/wp-json\/wp\/v2\/media?parent=144987"}],"wp:term":[{"taxonomy":"product_brand","embeddable":true,"href":"https:\/\/stylingagenten.com\/da\/wp-json\/wp\/v2\/product_brand?post=144987"},{"taxonomy":"product_cat","embeddable":true,"href":"https:\/\/stylingagenten.com\/da\/wp-json\/wp\/v2\/product_cat?post=144987"},{"taxonomy":"product_tag","embeddable":true,"href":"https:\/\/stylingagenten.com\/da\/wp-json\/wp\/v2\/product_tag?post=144987"},{"taxonomy":"berocket_brand","embeddable":true,"href":"https:\/\/stylingagenten.com\/da\/wp-json\/wp\/v2\/berocket_brand?post=144987"}],"curies":[{"name":"wp","href":"https:\/\/api.w.org\/{rel}","templated":true}]}}