{"id":144904,"date":"2025-05-18T23:28:35","date_gmt":"2025-05-18T23:28:35","guid":{"rendered":"https:\/\/staging2.stylingagenten.com\/da\/produkt\/shiseido-sun-expert-pro-face-body-lotion-spf30-150ml\/"},"modified":"2026-02-20T09:06:30","modified_gmt":"2026-02-20T09:06:30","slug":"shiseido-sun-expert-pro-face-body-lotion-spf30-150ml","status":"publish","type":"product","link":"https:\/\/stylingagenten.com\/da\/produkt\/shiseido-sun-expert-pro-face-body-lotion-spf30-150ml\/","title":{"rendered":"Shiseido Sun Expert Pro Face &amp; Body Lotion SPF30 150ml"},"content":{"rendered":"<p>SHISEIDO solcreme giver beskyttelse mod UVA- og UVB-str\u00e5ler, byforurening ** og t\u00f8rhed.<\/p>\n<p>Med SynchroShield Technology &trade;rme, sved eller vand, jo st\u00e6rkere bliver den. * Beriget med hudplejeingredienser hj\u00e6lper det med at forhindre forekomsten af \u200b\u200bfine linjer, rynker og uj\u00e6vn hudtone for\u00e5rsaget af UV-str\u00e5ler. *<\/p>\n<p>Let og hurtigt absorberet, det f\u00f8les som hudpleje. Dens smarte duft synkroniserer med sved: \u200b\u200bblander den med komplement\u00e6re duftingredienser for at skabe en tiltalende &#8211; og personlig &#8211; duft.<\/p>\n<p>&nbsp;<\/p>\n<p>&#8211; Cremen efterlader ingen fedtethed eller hvide rester<\/p>\n<p>&#8211; Fjernes nemt med almindelig s\u00e6be eller ansigtsrens<\/p>\n<p>&#8211; Meget vandafvisende<\/p>\n<p>&nbsp;<\/p>\n<p>* In vitro.<\/p>\n<p>&lt;p ** St\u00f8v og sod<\/p>\n","protected":false},"excerpt":{"rendered":"<p>SHISEIDO solcreme giver beskyttelse mod UVA- og UVB-str\u00e5ler, byforurening ** og t\u00f8rhed. Med SynchroShield Technology &trade;rme, sved eller vand, jo st\u00e6rkere bliver den. * Beriget med hudplejeingredienser hj\u00e6lper det med at forhindre forekomsten af \u200b\u200bfine linjer, rynker og uj\u00e6vn hudtone for\u00e5rsaget af UV-str\u00e5ler. * Let og hurtigt absorberet, det f\u00f8les som hudpleje. Dens smarte duft [&hellip;]<\/p>\n","protected":false},"featured_media":443154,"comment_status":"open","ping_status":"closed","template":"","meta":{"_trash_the_other_posts":false},"product_brand":[],"product_cat":[573],"product_tag":[],"berocket_brand":[1193],"class_list":{"0":"post-144904","1":"product","2":"type-product","3":"status-publish","4":"has-post-thumbnail","6":"product_cat-solcreme","7":"pa_brand-shiseido","8":"berocket_brand-shiseido","10":"first","11":"instock","12":"sale","13":"taxable","14":"shipping-taxable","15":"purchasable","16":"product-type-simple"},"_links":{"self":[{"href":"https:\/\/stylingagenten.com\/da\/wp-json\/wp\/v2\/product\/144904","targetHints":{"allow":["GET"]}}],"collection":[{"href":"https:\/\/stylingagenten.com\/da\/wp-json\/wp\/v2\/product"}],"about":[{"href":"https:\/\/stylingagenten.com\/da\/wp-json\/wp\/v2\/types\/product"}],"replies":[{"embeddable":true,"href":"https:\/\/stylingagenten.com\/da\/wp-json\/wp\/v2\/comments?post=144904"}],"version-history":[{"count":0,"href":"https:\/\/stylingagenten.com\/da\/wp-json\/wp\/v2\/product\/144904\/revisions"}],"wp:featuredmedia":[{"embeddable":true,"href":"https:\/\/stylingagenten.com\/da\/wp-json\/wp\/v2\/media\/443154"}],"wp:attachment":[{"href":"https:\/\/stylingagenten.com\/da\/wp-json\/wp\/v2\/media?parent=144904"}],"wp:term":[{"taxonomy":"product_brand","embeddable":true,"href":"https:\/\/stylingagenten.com\/da\/wp-json\/wp\/v2\/product_brand?post=144904"},{"taxonomy":"product_cat","embeddable":true,"href":"https:\/\/stylingagenten.com\/da\/wp-json\/wp\/v2\/product_cat?post=144904"},{"taxonomy":"product_tag","embeddable":true,"href":"https:\/\/stylingagenten.com\/da\/wp-json\/wp\/v2\/product_tag?post=144904"},{"taxonomy":"berocket_brand","embeddable":true,"href":"https:\/\/stylingagenten.com\/da\/wp-json\/wp\/v2\/berocket_brand?post=144904"}],"curies":[{"name":"wp","href":"https:\/\/api.w.org\/{rel}","templated":true}]}}