{"id":144901,"date":"2025-05-18T23:28:35","date_gmt":"2025-05-18T23:28:35","guid":{"rendered":"https:\/\/staging2.stylingagenten.com\/da\/produkt\/shiseido-expert-sun-protector-cream-spf30-50ml\/"},"modified":"2026-03-30T07:32:00","modified_gmt":"2026-03-30T07:32:00","slug":"shiseido-expert-sun-protector-cream-spf30-50ml","status":"publish","type":"product","link":"https:\/\/stylingagenten.com\/da\/produkt\/shiseido-expert-sun-protector-cream-spf30-50ml\/","title":{"rendered":"Shiseido Expert Sun Protector Cream SPF30 50ml"},"content":{"rendered":"<p>SHISEIDO solcreme giver beskyttelse mod UVA- og UVB-str\u00e5ler, byforurening ** og t\u00f8rhed.<\/p>\n<p>Med SynchroShield Technology &trade;rme, sved eller vand, jo st\u00e6rkere bliver den. * Beriget med hudplejeingredienser hj\u00e6lper det med at forhindre forekomsten af \u200b\u200bfine linjer, rynker og uj\u00e6vn hudtone for\u00e5rsaget af UV-str\u00e5ler. *<\/p>\n<p>Let og hurtigt absorberet, det f\u00f8les som hudpleje. Dens smarte duft synkroniserer med sved: \u200b\u200bblander den med komplement\u00e6re duftingredienser for at skabe en tiltalende &#8211; og personlig &#8211; duft.<\/p>\n<p>&nbsp;<\/p>\n<p>&#8211; Cremen efterlader ingen fedtethed eller hvide rester<\/p>\n<p>&#8211; Fjernes nemt med almindelig s\u00e6be eller ansigtsrens<\/p>\n<p>&#8211; Glat, langtidsholdbar base til foundation<\/p>\n<p>&#8211; Meget vandig<\/p>\n<p>&nbsp;<\/ p><\/p>\n<p>* In vitro.<\/p>\n<p>** St\u00f8v og sod<\/p>\n","protected":false},"excerpt":{"rendered":"<p>SHISEIDO solcreme giver beskyttelse mod UVA- og UVB-str\u00e5ler, byforurening ** og t\u00f8rhed. Med SynchroShield Technology &trade;rme, sved eller vand, jo st\u00e6rkere bliver den. * Beriget med hudplejeingredienser hj\u00e6lper det med at forhindre forekomsten af \u200b\u200bfine linjer, rynker og uj\u00e6vn hudtone for\u00e5rsaget af UV-str\u00e5ler. * Let og hurtigt absorberet, det f\u00f8les som hudpleje. Dens smarte duft [&hellip;]<\/p>\n","protected":false},"featured_media":144897,"comment_status":"open","ping_status":"closed","template":"","meta":{"_trash_the_other_posts":false},"product_brand":[],"product_cat":[573],"product_tag":[],"berocket_brand":[1193],"class_list":{"0":"post-144901","1":"product","2":"type-product","3":"status-publish","4":"has-post-thumbnail","6":"product_cat-solcreme","7":"pa_brand-shiseido","8":"berocket_brand-shiseido","10":"first","11":"instock","12":"sale","13":"taxable","14":"shipping-taxable","15":"purchasable","16":"product-type-simple"},"_links":{"self":[{"href":"https:\/\/stylingagenten.com\/da\/wp-json\/wp\/v2\/product\/144901","targetHints":{"allow":["GET"]}}],"collection":[{"href":"https:\/\/stylingagenten.com\/da\/wp-json\/wp\/v2\/product"}],"about":[{"href":"https:\/\/stylingagenten.com\/da\/wp-json\/wp\/v2\/types\/product"}],"replies":[{"embeddable":true,"href":"https:\/\/stylingagenten.com\/da\/wp-json\/wp\/v2\/comments?post=144901"}],"version-history":[{"count":0,"href":"https:\/\/stylingagenten.com\/da\/wp-json\/wp\/v2\/product\/144901\/revisions"}],"wp:featuredmedia":[{"embeddable":true,"href":"https:\/\/stylingagenten.com\/da\/wp-json\/wp\/v2\/media\/144897"}],"wp:attachment":[{"href":"https:\/\/stylingagenten.com\/da\/wp-json\/wp\/v2\/media?parent=144901"}],"wp:term":[{"taxonomy":"product_brand","embeddable":true,"href":"https:\/\/stylingagenten.com\/da\/wp-json\/wp\/v2\/product_brand?post=144901"},{"taxonomy":"product_cat","embeddable":true,"href":"https:\/\/stylingagenten.com\/da\/wp-json\/wp\/v2\/product_cat?post=144901"},{"taxonomy":"product_tag","embeddable":true,"href":"https:\/\/stylingagenten.com\/da\/wp-json\/wp\/v2\/product_tag?post=144901"},{"taxonomy":"berocket_brand","embeddable":true,"href":"https:\/\/stylingagenten.com\/da\/wp-json\/wp\/v2\/berocket_brand?post=144901"}],"curies":[{"name":"wp","href":"https:\/\/api.w.org\/{rel}","templated":true}]}}