{"id":144891,"date":"2025-05-18T23:28:31","date_gmt":"2025-05-18T23:28:31","guid":{"rendered":"https:\/\/staging2.stylingagenten.com\/da\/produkt\/shiseido-sports-invisible-protective-mist-spf50-150ml\/"},"modified":"2026-04-14T13:08:31","modified_gmt":"2026-04-14T13:08:31","slug":"shiseido-sports-invisible-protective-mist-spf50-150ml","status":"publish","type":"product","link":"https:\/\/stylingagenten.com\/da\/produkt\/shiseido-sports-invisible-protective-mist-spf50-150ml\/","title":{"rendered":"Shiseido Sports Invisible Protective Mist SPF50+ 150ml"},"content":{"rendered":"<p><span data-contrast=\"auto\" lang=\"DA\">En usynlig beskyttende t\u00e5ge til ansigt og krop, ikke-kl\u00e6bende og absorberes \u00f8jeblikkeligt, ideel til udend\u00f8rsaktiviteter og sport. Med den ultimative UV-beskyttelse modst\u00e5r den selv st\u00e6rk tr\u00e6ning, samtidig med at den giver din hud en glat, silkebl\u00f8d finish uden at f\u00f8les fedtet. den.<\/span>&nbsp;<br \/><span data-contrast=\"auto\" lang=\"SV\">Formlen&nbsp;giver en k\u00f8lende og forfriskende opbrusning p&aring; huden ved p\u00e5f\u00f8ring.<\/span>&nbsp;<br \/>&nbsp;<br \/><span data-contrast=\"auto\" lang=\"DA\">Shiseidos&nbsp;nye&nbsp;Invisible&nbsp;Feel-teknologi giver hurtig gennemtr\u00e6ngning uden fedtet eller hvidt papir p&aring; huden.<\/span>&nbsp;<br \/><span data-contrast=\"auto\" lang=\"DA\">&nbsp;<\/span>&nbsp;<br \/><span data-contrast=\"auto\" lang=\" DA \">Shiseidos&nbsp;ikoniske&nbsp;WetForce&nbsp;TEKNOLOGI styrker et beskyttende lag, n\u00e5r det kommer i kontakt med sved eller vand.<\/span>&nbsp;<br \/><span data-contrast=\"auto\" lang=\" EN\">&nbsp; <\/span>&nbsp;<br \/><span data-contrast=\"auto\" lang=\"DA\">Indeholder&nbsp;Shiseido&nbsp;frisk lugtharmoniserende duft, der fanger duften af \u200b\u200bsved og synkroniserer med den og \u00e6ndrer den opfattede duft til en behagelig duft. Uanset hvor aktiv du er, eller hvor meget du sveder under solen, kan du bruge tid uden at bekymre dig om lugten af \u200b\u200bsved.&quot;<\/span><span data-ccp-props='{\"201341983\": 0,\" 335559739\":160,\"335559740\":259}'>&nbsp;<\/span> <\/p>\n","protected":false},"excerpt":{"rendered":"<p>En usynlig beskyttende t\u00e5ge til ansigt og krop, ikke-kl\u00e6bende og absorberes \u00f8jeblikkeligt, ideel til udend\u00f8rsaktiviteter og sport. Med den ultimative UV-beskyttelse modst\u00e5r den selv st\u00e6rk tr\u00e6ning, samtidig med at den giver din hud en glat, silkebl\u00f8d finish uden at f\u00f8les fedtet. den.&nbsp;Formlen&nbsp;giver en k\u00f8lende og forfriskende opbrusning p&aring; huden ved p\u00e5f\u00f8ring.&nbsp;&nbsp;Shiseidos&nbsp;nye&nbsp;Invisible&nbsp;Feel-teknologi giver hurtig gennemtr\u00e6ngning uden [&hellip;]<\/p>\n","protected":false},"featured_media":144890,"comment_status":"open","ping_status":"closed","template":"","meta":{"_trash_the_other_posts":false},"product_brand":[],"product_cat":[573],"product_tag":[],"berocket_brand":[1193],"class_list":{"0":"post-144891","1":"product","2":"type-product","3":"status-publish","4":"has-post-thumbnail","6":"product_cat-solcreme","7":"pa_brand-shiseido","8":"berocket_brand-shiseido","10":"first","11":"outofstock","12":"sale","13":"taxable","14":"shipping-taxable","15":"purchasable","16":"product-type-simple"},"_links":{"self":[{"href":"https:\/\/stylingagenten.com\/da\/wp-json\/wp\/v2\/product\/144891","targetHints":{"allow":["GET"]}}],"collection":[{"href":"https:\/\/stylingagenten.com\/da\/wp-json\/wp\/v2\/product"}],"about":[{"href":"https:\/\/stylingagenten.com\/da\/wp-json\/wp\/v2\/types\/product"}],"replies":[{"embeddable":true,"href":"https:\/\/stylingagenten.com\/da\/wp-json\/wp\/v2\/comments?post=144891"}],"version-history":[{"count":1,"href":"https:\/\/stylingagenten.com\/da\/wp-json\/wp\/v2\/product\/144891\/revisions"}],"predecessor-version":[{"id":2000689,"href":"https:\/\/stylingagenten.com\/da\/wp-json\/wp\/v2\/product\/144891\/revisions\/2000689"}],"wp:featuredmedia":[{"embeddable":true,"href":"https:\/\/stylingagenten.com\/da\/wp-json\/wp\/v2\/media\/144890"}],"wp:attachment":[{"href":"https:\/\/stylingagenten.com\/da\/wp-json\/wp\/v2\/media?parent=144891"}],"wp:term":[{"taxonomy":"product_brand","embeddable":true,"href":"https:\/\/stylingagenten.com\/da\/wp-json\/wp\/v2\/product_brand?post=144891"},{"taxonomy":"product_cat","embeddable":true,"href":"https:\/\/stylingagenten.com\/da\/wp-json\/wp\/v2\/product_cat?post=144891"},{"taxonomy":"product_tag","embeddable":true,"href":"https:\/\/stylingagenten.com\/da\/wp-json\/wp\/v2\/product_tag?post=144891"},{"taxonomy":"berocket_brand","embeddable":true,"href":"https:\/\/stylingagenten.com\/da\/wp-json\/wp\/v2\/berocket_brand?post=144891"}],"curies":[{"name":"wp","href":"https:\/\/api.w.org\/{rel}","templated":true}]}}