{"id":144851,"date":"2025-05-18T23:28:13","date_gmt":"2025-05-18T23:28:13","guid":{"rendered":"https:\/\/staging2.stylingagenten.com\/da\/produkt\/malibu-sun-lotion-spf30-400ml\/"},"modified":"2025-11-19T11:52:14","modified_gmt":"2025-11-19T11:52:14","slug":"malibu-sun-lotion-spf30-400ml","status":"publish","type":"product","link":"https:\/\/stylingagenten.com\/da\/produkt\/malibu-sun-lotion-spf30-400ml\/","title":{"rendered":"Malibu Sun Lotion SPF30 400ml"},"content":{"rendered":"<p>Malibu SPF30 Protective Lotion giver h\u00f8j beskyttelse mod UVA- og UVB-str\u00e5ler. Det er en fotostabil lotion, som er klinisk bevist at v\u00e6re venlig mod de fleste hudtyper. Solcremen er vandt\u00e6t og beriget med E-vitamin og aloe vera.<br \/>Solcremen er nem at p\u00e5f\u00f8re og er perfekt til stranden og ferien.<\/p>\n","protected":false},"excerpt":{"rendered":"<p>Malibu SPF30 Protective Lotion giver h\u00f8j beskyttelse mod UVA- og UVB-str\u00e5ler. Det er en fotostabil lotion, som er klinisk bevist at v\u00e6re venlig mod de fleste hudtyper. Solcremen er vandt\u00e6t og beriget med E-vitamin og aloe vera.Solcremen er nem at p\u00e5f\u00f8re og er perfekt til stranden og ferien.<\/p>\n","protected":false},"featured_media":144850,"comment_status":"open","ping_status":"closed","template":"","meta":{"_trash_the_other_posts":false},"product_brand":[],"product_cat":[573],"product_tag":[3371],"berocket_brand":[1241],"class_list":{"0":"post-144851","1":"product","2":"type-product","3":"status-publish","4":"has-post-thumbnail","6":"product_cat-solcreme","7":"product_tag-malibu-sun-lotion-spf30","8":"pa_brand-malibu","9":"pa_variant-400ml","10":"berocket_brand-malibu","12":"first","13":"outofstock","14":"sale","15":"taxable","16":"shipping-taxable","17":"purchasable","18":"product-type-simple"},"_links":{"self":[{"href":"https:\/\/stylingagenten.com\/da\/wp-json\/wp\/v2\/product\/144851","targetHints":{"allow":["GET"]}}],"collection":[{"href":"https:\/\/stylingagenten.com\/da\/wp-json\/wp\/v2\/product"}],"about":[{"href":"https:\/\/stylingagenten.com\/da\/wp-json\/wp\/v2\/types\/product"}],"replies":[{"embeddable":true,"href":"https:\/\/stylingagenten.com\/da\/wp-json\/wp\/v2\/comments?post=144851"}],"version-history":[{"count":0,"href":"https:\/\/stylingagenten.com\/da\/wp-json\/wp\/v2\/product\/144851\/revisions"}],"wp:featuredmedia":[{"embeddable":true,"href":"https:\/\/stylingagenten.com\/da\/wp-json\/wp\/v2\/media\/144850"}],"wp:attachment":[{"href":"https:\/\/stylingagenten.com\/da\/wp-json\/wp\/v2\/media?parent=144851"}],"wp:term":[{"taxonomy":"product_brand","embeddable":true,"href":"https:\/\/stylingagenten.com\/da\/wp-json\/wp\/v2\/product_brand?post=144851"},{"taxonomy":"product_cat","embeddable":true,"href":"https:\/\/stylingagenten.com\/da\/wp-json\/wp\/v2\/product_cat?post=144851"},{"taxonomy":"product_tag","embeddable":true,"href":"https:\/\/stylingagenten.com\/da\/wp-json\/wp\/v2\/product_tag?post=144851"},{"taxonomy":"berocket_brand","embeddable":true,"href":"https:\/\/stylingagenten.com\/da\/wp-json\/wp\/v2\/berocket_brand?post=144851"}],"curies":[{"name":"wp","href":"https:\/\/api.w.org\/{rel}","templated":true}]}}