{"id":144836,"date":"2025-05-18T23:28:07","date_gmt":"2025-05-18T23:28:07","guid":{"rendered":"https:\/\/staging2.stylingagenten.com\/da\/produkt\/malibu-dry-oil-spray-spf10-100ml\/"},"modified":"2026-04-10T16:28:43","modified_gmt":"2026-04-10T16:28:43","slug":"malibu-dry-oil-spray-spf10-100ml","status":"publish","type":"product","link":"https:\/\/stylingagenten.com\/da\/produkt\/malibu-dry-oil-spray-spf10-100ml\/","title":{"rendered":"Malibu Dry Oil Spray SPF10 100ml"},"content":{"rendered":"<p>Malibu Dry Oil Spray SPF 10 giver lav beskyttelse mod UVA- og UVB-str\u00e5ler. Det er en fotostabil olie, der er klinisk bevist at v\u00e6re venlig mod de fleste hudtyper. Ydermere er den vitaminberiget, vandafvisende, t\u00f8r i konsistensen og nem at p\u00e5f\u00f8re over hele kroppen.<\/p>\n","protected":false},"excerpt":{"rendered":"<p>Malibu Dry Oil Spray SPF 10 giver lav beskyttelse mod UVA- og UVB-str\u00e5ler. Det er en fotostabil olie, der er klinisk bevist at v\u00e6re venlig mod de fleste hudtyper. Ydermere er den vitaminberiget, vandafvisende, t\u00f8r i konsistensen og nem at p\u00e5f\u00f8re over hele kroppen.<\/p>\n","protected":false},"featured_media":144834,"comment_status":"open","ping_status":"closed","template":"","meta":{"_trash_the_other_posts":false},"product_brand":[],"product_cat":[573],"product_tag":[3360],"berocket_brand":[1241],"class_list":{"0":"post-144836","1":"product","2":"type-product","3":"status-publish","4":"has-post-thumbnail","6":"product_cat-solcreme","7":"product_tag-malibu-dry-oil-spray-spf10","8":"pa_brand-malibu","9":"pa_variant-100ml","10":"berocket_brand-malibu","12":"first","13":"instock","14":"sale","15":"taxable","16":"shipping-taxable","17":"purchasable","18":"product-type-simple"},"_links":{"self":[{"href":"https:\/\/stylingagenten.com\/da\/wp-json\/wp\/v2\/product\/144836","targetHints":{"allow":["GET"]}}],"collection":[{"href":"https:\/\/stylingagenten.com\/da\/wp-json\/wp\/v2\/product"}],"about":[{"href":"https:\/\/stylingagenten.com\/da\/wp-json\/wp\/v2\/types\/product"}],"replies":[{"embeddable":true,"href":"https:\/\/stylingagenten.com\/da\/wp-json\/wp\/v2\/comments?post=144836"}],"version-history":[{"count":0,"href":"https:\/\/stylingagenten.com\/da\/wp-json\/wp\/v2\/product\/144836\/revisions"}],"wp:featuredmedia":[{"embeddable":true,"href":"https:\/\/stylingagenten.com\/da\/wp-json\/wp\/v2\/media\/144834"}],"wp:attachment":[{"href":"https:\/\/stylingagenten.com\/da\/wp-json\/wp\/v2\/media?parent=144836"}],"wp:term":[{"taxonomy":"product_brand","embeddable":true,"href":"https:\/\/stylingagenten.com\/da\/wp-json\/wp\/v2\/product_brand?post=144836"},{"taxonomy":"product_cat","embeddable":true,"href":"https:\/\/stylingagenten.com\/da\/wp-json\/wp\/v2\/product_cat?post=144836"},{"taxonomy":"product_tag","embeddable":true,"href":"https:\/\/stylingagenten.com\/da\/wp-json\/wp\/v2\/product_tag?post=144836"},{"taxonomy":"berocket_brand","embeddable":true,"href":"https:\/\/stylingagenten.com\/da\/wp-json\/wp\/v2\/berocket_brand?post=144836"}],"curies":[{"name":"wp","href":"https:\/\/api.w.org\/{rel}","templated":true}]}}