{"id":144781,"date":"2025-05-18T23:27:40","date_gmt":"2025-05-18T23:27:40","guid":{"rendered":"https:\/\/staging2.stylingagenten.com\/da\/produkt\/malibu-lip-care-balm-trio-spf30\/"},"modified":"2026-04-13T08:29:12","modified_gmt":"2026-04-13T08:29:12","slug":"malibu-lip-care-balm-trio-spf30","status":"publish","type":"product","link":"https:\/\/stylingagenten.com\/da\/produkt\/malibu-lip-care-balm-trio-spf30\/","title":{"rendered":"Malibu Lip Care Balm Trio SPF30"},"content":{"rendered":"<p>Malibu SPF30 Moisturizing Lip Protection kommer i en pakke med tre og er skabt til at beskytte dine l\u00e6ber mod sol, vind og kulde. En udvalgspakke med 3 smagsvarianter: Vanilje, Jordb\u00e6r og Tropical. Balsamformlen er specielt lavet til at modst\u00e5 og modst\u00e5 sol, sved og vand. Perfekt til en solrig dag p\u00e5 stranden, lange g\u00e5ture eller en shoppingdag i byen.<\/p>\n","protected":false},"excerpt":{"rendered":"<p>Malibu SPF30 Moisturizing Lip Protection kommer i en pakke med tre og er skabt til at beskytte dine l\u00e6ber mod sol, vind og kulde. En udvalgspakke med 3 smagsvarianter: Vanilje, Jordb\u00e6r og Tropical. Balsamformlen er specielt lavet til at modst\u00e5 og modst\u00e5 sol, sved og vand. Perfekt til en solrig dag p\u00e5 stranden, lange g\u00e5ture [&hellip;]<\/p>\n","protected":false},"featured_media":144780,"comment_status":"open","ping_status":"closed","template":"","meta":{"_trash_the_other_posts":false},"product_brand":[],"product_cat":[580],"product_tag":[],"berocket_brand":[1241],"class_list":{"0":"post-144781","1":"product","2":"type-product","3":"status-publish","4":"has-post-thumbnail","6":"product_cat-lappebalsam","7":"pa_brand-malibu","8":"berocket_brand-malibu","10":"first","11":"instock","12":"sale","13":"taxable","14":"shipping-taxable","15":"purchasable","16":"product-type-simple"},"_links":{"self":[{"href":"https:\/\/stylingagenten.com\/da\/wp-json\/wp\/v2\/product\/144781","targetHints":{"allow":["GET"]}}],"collection":[{"href":"https:\/\/stylingagenten.com\/da\/wp-json\/wp\/v2\/product"}],"about":[{"href":"https:\/\/stylingagenten.com\/da\/wp-json\/wp\/v2\/types\/product"}],"replies":[{"embeddable":true,"href":"https:\/\/stylingagenten.com\/da\/wp-json\/wp\/v2\/comments?post=144781"}],"version-history":[{"count":0,"href":"https:\/\/stylingagenten.com\/da\/wp-json\/wp\/v2\/product\/144781\/revisions"}],"wp:featuredmedia":[{"embeddable":true,"href":"https:\/\/stylingagenten.com\/da\/wp-json\/wp\/v2\/media\/144780"}],"wp:attachment":[{"href":"https:\/\/stylingagenten.com\/da\/wp-json\/wp\/v2\/media?parent=144781"}],"wp:term":[{"taxonomy":"product_brand","embeddable":true,"href":"https:\/\/stylingagenten.com\/da\/wp-json\/wp\/v2\/product_brand?post=144781"},{"taxonomy":"product_cat","embeddable":true,"href":"https:\/\/stylingagenten.com\/da\/wp-json\/wp\/v2\/product_cat?post=144781"},{"taxonomy":"product_tag","embeddable":true,"href":"https:\/\/stylingagenten.com\/da\/wp-json\/wp\/v2\/product_tag?post=144781"},{"taxonomy":"berocket_brand","embeddable":true,"href":"https:\/\/stylingagenten.com\/da\/wp-json\/wp\/v2\/berocket_brand?post=144781"}],"curies":[{"name":"wp","href":"https:\/\/api.w.org\/{rel}","templated":true}]}}