{"id":144773,"date":"2025-05-18T23:27:35","date_gmt":"2025-05-18T23:27:35","guid":{"rendered":"https:\/\/staging2.stylingagenten.com\/da\/produkt\/malibu-clear-hair-and-scalp-protector-spf-50-50ml\/"},"modified":"2026-04-13T17:28:31","modified_gmt":"2026-04-13T17:28:31","slug":"malibu-clear-hair-and-scalp-protector-spf-50-50ml","status":"publish","type":"product","link":"https:\/\/stylingagenten.com\/da\/produkt\/malibu-clear-hair-and-scalp-protector-spf-50-50ml\/","title":{"rendered":"Malibu Clear Hair and Scalp Protector SPF 50 50ml"},"content":{"rendered":"<p>Glem ikke at beskytte din hovedbund mod UV-str\u00e5ler! Malibu Scalp Protection med SPF 50 beskytter huden under dit h\u00e5r, komplet med en ikke-fedtet, vitaminberiget formel, der ikke p\u00e5virker stilen.<br \/>S\u00e5dan bruges:<br \/>Anvend 30 minutter f\u00f8r soleksponering<br \/>S\u00f8rg for, at al eksponeret hud er j\u00e6vn og gener\u00f8st d\u00e6kket<br \/>P\u00e5f\u00f8r igen efter bad<\/p>\n","protected":false},"excerpt":{"rendered":"<p>Glem ikke at beskytte din hovedbund mod UV-str\u00e5ler! Malibu Scalp Protection med SPF 50 beskytter huden under dit h\u00e5r, komplet med en ikke-fedtet, vitaminberiget formel, der ikke p\u00e5virker stilen.S\u00e5dan bruges:Anvend 30 minutter f\u00f8r soleksponeringS\u00f8rg for, at al eksponeret hud er j\u00e6vn og gener\u00f8st d\u00e6kketP\u00e5f\u00f8r igen efter bad<\/p>\n","protected":false},"featured_media":144772,"comment_status":"open","ping_status":"closed","template":"","meta":{"_trash_the_other_posts":false},"product_brand":[],"product_cat":[573],"product_tag":[3359],"berocket_brand":[1241],"class_list":{"0":"post-144773","1":"product","2":"type-product","3":"status-publish","4":"has-post-thumbnail","6":"product_cat-solcreme","7":"product_tag-malibu-clear-hair-and-scalp-protector-spf50","8":"pa_brand-malibu","9":"pa_variant-50ml","10":"berocket_brand-malibu","12":"first","13":"instock","14":"sale","15":"taxable","16":"shipping-taxable","17":"purchasable","18":"product-type-simple"},"_links":{"self":[{"href":"https:\/\/stylingagenten.com\/da\/wp-json\/wp\/v2\/product\/144773","targetHints":{"allow":["GET"]}}],"collection":[{"href":"https:\/\/stylingagenten.com\/da\/wp-json\/wp\/v2\/product"}],"about":[{"href":"https:\/\/stylingagenten.com\/da\/wp-json\/wp\/v2\/types\/product"}],"replies":[{"embeddable":true,"href":"https:\/\/stylingagenten.com\/da\/wp-json\/wp\/v2\/comments?post=144773"}],"version-history":[{"count":0,"href":"https:\/\/stylingagenten.com\/da\/wp-json\/wp\/v2\/product\/144773\/revisions"}],"wp:featuredmedia":[{"embeddable":true,"href":"https:\/\/stylingagenten.com\/da\/wp-json\/wp\/v2\/media\/144772"}],"wp:attachment":[{"href":"https:\/\/stylingagenten.com\/da\/wp-json\/wp\/v2\/media?parent=144773"}],"wp:term":[{"taxonomy":"product_brand","embeddable":true,"href":"https:\/\/stylingagenten.com\/da\/wp-json\/wp\/v2\/product_brand?post=144773"},{"taxonomy":"product_cat","embeddable":true,"href":"https:\/\/stylingagenten.com\/da\/wp-json\/wp\/v2\/product_cat?post=144773"},{"taxonomy":"product_tag","embeddable":true,"href":"https:\/\/stylingagenten.com\/da\/wp-json\/wp\/v2\/product_tag?post=144773"},{"taxonomy":"berocket_brand","embeddable":true,"href":"https:\/\/stylingagenten.com\/da\/wp-json\/wp\/v2\/berocket_brand?post=144773"}],"curies":[{"name":"wp","href":"https:\/\/api.w.org\/{rel}","templated":true}]}}