{"id":144764,"date":"2025-05-18T23:27:32","date_gmt":"2025-05-18T23:27:32","guid":{"rendered":"https:\/\/staging2.stylingagenten.com\/da\/produkt\/balmain-sun-protection-spray-200-ml\/"},"modified":"2025-12-18T21:30:31","modified_gmt":"2025-12-18T21:30:31","slug":"balmain-sun-protection-spray-200-ml","status":"publish","type":"product","link":"https:\/\/stylingagenten.com\/da\/produkt\/balmain-sun-protection-spray-200-ml\/","title":{"rendered":"Balmain Sun Protection Spray 200 ml"},"content":{"rendered":"<p>En formel beriget med beskyttende UVA- og UVB-filtre, der hj\u00e6lper h\u00e5r udsat for sol, hav eller ridser.<br \/>Forhindrer beskadiget keratin og din h\u00e5rfarve i at falme.<br \/>Til bl\u00f8dt, st\u00e6rkt solkysset h\u00e5r med str\u00e5lende glans.<\/p>\n<p>Indeholder Balmains silkeprotein og arganolie sammen med antioxidanten E-vitamin, der forhindrer, at farven falmer, og det proteinrige vitamin B5.<\/p>\n","protected":false},"excerpt":{"rendered":"<p>En formel beriget med beskyttende UVA- og UVB-filtre, der hj\u00e6lper h\u00e5r udsat for sol, hav eller ridser.Forhindrer beskadiget keratin og din h\u00e5rfarve i at falme.Til bl\u00f8dt, st\u00e6rkt solkysset h\u00e5r med str\u00e5lende glans. Indeholder Balmains silkeprotein og arganolie sammen med antioxidanten E-vitamin, der forhindrer, at farven falmer, og det proteinrige vitamin B5.<\/p>\n","protected":false},"featured_media":144763,"comment_status":"open","ping_status":"closed","template":"","meta":{"_trash_the_other_posts":false},"product_brand":[],"product_cat":[573],"product_tag":[],"berocket_brand":[1144],"class_list":{"0":"post-144764","1":"product","2":"type-product","3":"status-publish","4":"has-post-thumbnail","6":"product_cat-solcreme","7":"pa_brand-balmain","8":"berocket_brand-balmain","10":"first","11":"instock","12":"sale","13":"taxable","14":"shipping-taxable","15":"purchasable","16":"product-type-simple"},"_links":{"self":[{"href":"https:\/\/stylingagenten.com\/da\/wp-json\/wp\/v2\/product\/144764","targetHints":{"allow":["GET"]}}],"collection":[{"href":"https:\/\/stylingagenten.com\/da\/wp-json\/wp\/v2\/product"}],"about":[{"href":"https:\/\/stylingagenten.com\/da\/wp-json\/wp\/v2\/types\/product"}],"replies":[{"embeddable":true,"href":"https:\/\/stylingagenten.com\/da\/wp-json\/wp\/v2\/comments?post=144764"}],"version-history":[{"count":0,"href":"https:\/\/stylingagenten.com\/da\/wp-json\/wp\/v2\/product\/144764\/revisions"}],"wp:featuredmedia":[{"embeddable":true,"href":"https:\/\/stylingagenten.com\/da\/wp-json\/wp\/v2\/media\/144763"}],"wp:attachment":[{"href":"https:\/\/stylingagenten.com\/da\/wp-json\/wp\/v2\/media?parent=144764"}],"wp:term":[{"taxonomy":"product_brand","embeddable":true,"href":"https:\/\/stylingagenten.com\/da\/wp-json\/wp\/v2\/product_brand?post=144764"},{"taxonomy":"product_cat","embeddable":true,"href":"https:\/\/stylingagenten.com\/da\/wp-json\/wp\/v2\/product_cat?post=144764"},{"taxonomy":"product_tag","embeddable":true,"href":"https:\/\/stylingagenten.com\/da\/wp-json\/wp\/v2\/product_tag?post=144764"},{"taxonomy":"berocket_brand","embeddable":true,"href":"https:\/\/stylingagenten.com\/da\/wp-json\/wp\/v2\/berocket_brand?post=144764"}],"curies":[{"name":"wp","href":"https:\/\/api.w.org\/{rel}","templated":true}]}}