{"id":144762,"date":"2025-05-18T23:27:30","date_gmt":"2025-05-18T23:27:30","guid":{"rendered":"https:\/\/staging2.stylingagenten.com\/da\/produkt\/malibu-aloe-vera-aftersun-gel-spray-175ml\/"},"modified":"2026-04-15T08:29:34","modified_gmt":"2026-04-15T08:29:34","slug":"malibu-aloe-vera-aftersun-gel-spray-175ml","status":"publish","type":"product","link":"https:\/\/stylingagenten.com\/da\/produkt\/malibu-aloe-vera-aftersun-gel-spray-175ml\/","title":{"rendered":"Malibu Aloe Vera Aftersun Gel Spray 175ml"},"content":{"rendered":"<p>ALOE VERA AFTER SUN GEL SPRAY<br \/>Aloe Vera er kendt for sine helbredende og genoprettende egenskaber og er den aktive ingrediens, der giver den mest betydningsfulde lindring til soleksponeret hud.<br \/>Klinisk bevist at v\u00e6re venlig mod huden<br \/> K\u00f8lende og beroligende<br \/>Fugter<br \/>Rig med de beroligende fordele ved Aloe Vera<br \/>Kun testet p\u00e5 mennesker<br \/>Produceret i England<\/p>\n<p>BRUGSANVISNING:<br \/>P\u00e5f\u00f8res rigeligt efter soleksponering.<br \/>S\u00f8rg for, at huden er glat og gener\u00f8st d\u00e6kket med gel.<br \/>Kun til udvortes brug.<br \/>M\u00e5 ikke p\u00e5f\u00f8res p\u00e5 \u00f8delagt hud.<br \/>Undg\u00e5 kontakt med stoffer og \u00f8jne.<br \/>I tilf\u00e6lde af kontakt med \u00f8jne, skyl med rent vand.<\/p>\n","protected":false},"excerpt":{"rendered":"<p>ALOE VERA AFTER SUN GEL SPRAYAloe Vera er kendt for sine helbredende og genoprettende egenskaber og er den aktive ingrediens, der giver den mest betydningsfulde lindring til soleksponeret hud.Klinisk bevist at v\u00e6re venlig mod huden K\u00f8lende og beroligendeFugterRig med de beroligende fordele ved Aloe VeraKun testet p\u00e5 menneskerProduceret i England BRUGSANVISNING:P\u00e5f\u00f8res rigeligt efter soleksponering.S\u00f8rg for, [&hellip;]<\/p>\n","protected":false},"featured_media":144761,"comment_status":"open","ping_status":"closed","template":"","meta":{"_trash_the_other_posts":false},"product_brand":[],"product_cat":[658],"product_tag":[],"berocket_brand":[1241],"class_list":{"0":"post-144762","1":"product","2":"type-product","3":"status-publish","4":"has-post-thumbnail","6":"product_cat-efter-sol","7":"pa_brand-malibu","8":"berocket_brand-malibu","10":"first","11":"instock","12":"sale","13":"taxable","14":"shipping-taxable","15":"purchasable","16":"product-type-simple"},"_links":{"self":[{"href":"https:\/\/stylingagenten.com\/da\/wp-json\/wp\/v2\/product\/144762","targetHints":{"allow":["GET"]}}],"collection":[{"href":"https:\/\/stylingagenten.com\/da\/wp-json\/wp\/v2\/product"}],"about":[{"href":"https:\/\/stylingagenten.com\/da\/wp-json\/wp\/v2\/types\/product"}],"replies":[{"embeddable":true,"href":"https:\/\/stylingagenten.com\/da\/wp-json\/wp\/v2\/comments?post=144762"}],"version-history":[{"count":0,"href":"https:\/\/stylingagenten.com\/da\/wp-json\/wp\/v2\/product\/144762\/revisions"}],"wp:featuredmedia":[{"embeddable":true,"href":"https:\/\/stylingagenten.com\/da\/wp-json\/wp\/v2\/media\/144761"}],"wp:attachment":[{"href":"https:\/\/stylingagenten.com\/da\/wp-json\/wp\/v2\/media?parent=144762"}],"wp:term":[{"taxonomy":"product_brand","embeddable":true,"href":"https:\/\/stylingagenten.com\/da\/wp-json\/wp\/v2\/product_brand?post=144762"},{"taxonomy":"product_cat","embeddable":true,"href":"https:\/\/stylingagenten.com\/da\/wp-json\/wp\/v2\/product_cat?post=144762"},{"taxonomy":"product_tag","embeddable":true,"href":"https:\/\/stylingagenten.com\/da\/wp-json\/wp\/v2\/product_tag?post=144762"},{"taxonomy":"berocket_brand","embeddable":true,"href":"https:\/\/stylingagenten.com\/da\/wp-json\/wp\/v2\/berocket_brand?post=144762"}],"curies":[{"name":"wp","href":"https:\/\/api.w.org\/{rel}","templated":true}]}}