{"id":144697,"date":"2025-05-18T23:26:54","date_gmt":"2025-05-18T23:26:54","guid":{"rendered":"https:\/\/staging2.stylingagenten.com\/da\/produkt\/purito-daily-soft-touch-sunscreen-spf-50-60ml\/"},"modified":"2026-03-28T14:58:35","modified_gmt":"2026-03-28T14:58:35","slug":"purito-daily-soft-touch-sunscreen-spf-50-60ml","status":"publish","type":"product","link":"https:\/\/stylingagenten.com\/da\/produkt\/purito-daily-soft-touch-sunscreen-spf-50-60ml\/","title":{"rendered":"Purito Daily Soft Touch Sunscreen SPF 50 60ml"},"content":{"rendered":"<p>Daily Soft Touch solcreme fra Purito er en plejende solcreme med en let gelcreme-konsistens, som absorberes hurtigt uden at f\u00f8les klistret. Den har h\u00f8j beskyttelse med SPF 50+ PA++++ samtidig med at den tilf\u00f8rer fugt og plejer huden.<br \/>\n<br \/>Produktet passer godt til alle hudtyper &#8211; is\u00e6r fedtet og kombineret hud.<\/p>\n<p>Her finder du flere stjerneingredienser som centella asiatica, ogs\u00e5 kendt som CICA, og hele fem forskellige ceramider til pleje og beskyttelse. Ceramiderne NS, NP, AS, AP og EOP arbejder sammen om at beskytte hudbarrieren mod ydre p\u00e5virkninger samtidig med at de giver dyb n\u00e6ring. Alpha-Bisabolo, Panthenol og Tocopherol (vitamin E) giver yderligere styrke ved daglig eksponering for p\u00e5virkninger og frie radikaler.<\/p>\n<p>60 ml<\/p>\n","protected":false},"excerpt":{"rendered":"<p>Daily Soft Touch solcreme fra Purito er en plejende solcreme med en let gelcreme-konsistens, som absorberes hurtigt uden at f\u00f8les klistret. Den har h\u00f8j beskyttelse med SPF 50+ PA++++ samtidig med at den tilf\u00f8rer fugt og plejer huden. Produktet passer godt til alle hudtyper &#8211; is\u00e6r fedtet og kombineret hud. Her finder du flere stjerneingredienser [&hellip;]<\/p>\n","protected":false},"featured_media":144686,"comment_status":"open","ping_status":"closed","template":"","meta":{"_trash_the_other_posts":false},"product_brand":[],"product_cat":[1001,573],"product_tag":[],"berocket_brand":[1412],"class_list":{"0":"post-144697","1":"product","2":"type-product","3":"status-publish","4":"has-post-thumbnail","6":"product_cat-k-beauty","7":"product_cat-solcreme","8":"pa_brand-purito","9":"berocket_brand-purito","11":"first","12":"instock","13":"sale","14":"taxable","15":"shipping-taxable","16":"purchasable","17":"product-type-simple"},"_links":{"self":[{"href":"https:\/\/stylingagenten.com\/da\/wp-json\/wp\/v2\/product\/144697","targetHints":{"allow":["GET"]}}],"collection":[{"href":"https:\/\/stylingagenten.com\/da\/wp-json\/wp\/v2\/product"}],"about":[{"href":"https:\/\/stylingagenten.com\/da\/wp-json\/wp\/v2\/types\/product"}],"replies":[{"embeddable":true,"href":"https:\/\/stylingagenten.com\/da\/wp-json\/wp\/v2\/comments?post=144697"}],"version-history":[{"count":0,"href":"https:\/\/stylingagenten.com\/da\/wp-json\/wp\/v2\/product\/144697\/revisions"}],"wp:featuredmedia":[{"embeddable":true,"href":"https:\/\/stylingagenten.com\/da\/wp-json\/wp\/v2\/media\/144686"}],"wp:attachment":[{"href":"https:\/\/stylingagenten.com\/da\/wp-json\/wp\/v2\/media?parent=144697"}],"wp:term":[{"taxonomy":"product_brand","embeddable":true,"href":"https:\/\/stylingagenten.com\/da\/wp-json\/wp\/v2\/product_brand?post=144697"},{"taxonomy":"product_cat","embeddable":true,"href":"https:\/\/stylingagenten.com\/da\/wp-json\/wp\/v2\/product_cat?post=144697"},{"taxonomy":"product_tag","embeddable":true,"href":"https:\/\/stylingagenten.com\/da\/wp-json\/wp\/v2\/product_tag?post=144697"},{"taxonomy":"berocket_brand","embeddable":true,"href":"https:\/\/stylingagenten.com\/da\/wp-json\/wp\/v2\/berocket_brand?post=144697"}],"curies":[{"name":"wp","href":"https:\/\/api.w.org\/{rel}","templated":true}]}}