{"id":144674,"date":"2025-05-18T23:26:42","date_gmt":"2025-05-18T23:26:42","guid":{"rendered":"https:\/\/staging2.stylingagenten.com\/da\/produkt\/malibu-bronzing-oil-with-coconut-spray-spf15-175ml\/"},"modified":"2026-02-16T09:56:44","modified_gmt":"2026-02-16T09:56:44","slug":"malibu-bronzing-oil-with-coconut-spray-spf15-175ml","status":"publish","type":"product","link":"https:\/\/stylingagenten.com\/da\/produkt\/malibu-bronzing-oil-with-coconut-spray-spf15-175ml\/","title":{"rendered":"Malibu Bronzing Oil with Coconut Spray SPF15 175ml"},"content":{"rendered":"<p>Malibu Bronzing Oil med Kokos Spray SPF 15 er den perfekte l\u00f8sning til at opn\u00e5 en smuk og naturlig solbrun gl\u00f8d samtidig med at beskytte din hud mod solens skadelige str\u00e5ler. Den unikke formel med kokosn\u00f8ddeolie fugter og plejer huden, mens den lette spray g\u00f8r det nemt at p\u00e5f\u00f8re olien j\u00e6vnt over hele kroppen.<\/p>\n<p>175 ml<\/p>\n","protected":false},"excerpt":{"rendered":"<p>Malibu Bronzing Oil med Kokos Spray SPF 15 er den perfekte l\u00f8sning til at opn\u00e5 en smuk og naturlig solbrun gl\u00f8d samtidig med at beskytte din hud mod solens skadelige str\u00e5ler. Den unikke formel med kokosn\u00f8ddeolie fugter og plejer huden, mens den lette spray g\u00f8r det nemt at p\u00e5f\u00f8re olien j\u00e6vnt over hele kroppen. 175 [&hellip;]<\/p>\n","protected":false},"featured_media":144673,"comment_status":"open","ping_status":"closed","template":"","meta":{"_trash_the_other_posts":false},"product_brand":[],"product_cat":[573],"product_tag":[],"berocket_brand":[1241],"class_list":{"0":"post-144674","1":"product","2":"type-product","3":"status-publish","4":"has-post-thumbnail","6":"product_cat-solcreme","7":"pa_brand-malibu","8":"berocket_brand-malibu","10":"first","11":"instock","12":"sale","13":"taxable","14":"shipping-taxable","15":"purchasable","16":"product-type-simple"},"_links":{"self":[{"href":"https:\/\/stylingagenten.com\/da\/wp-json\/wp\/v2\/product\/144674","targetHints":{"allow":["GET"]}}],"collection":[{"href":"https:\/\/stylingagenten.com\/da\/wp-json\/wp\/v2\/product"}],"about":[{"href":"https:\/\/stylingagenten.com\/da\/wp-json\/wp\/v2\/types\/product"}],"replies":[{"embeddable":true,"href":"https:\/\/stylingagenten.com\/da\/wp-json\/wp\/v2\/comments?post=144674"}],"version-history":[{"count":0,"href":"https:\/\/stylingagenten.com\/da\/wp-json\/wp\/v2\/product\/144674\/revisions"}],"wp:featuredmedia":[{"embeddable":true,"href":"https:\/\/stylingagenten.com\/da\/wp-json\/wp\/v2\/media\/144673"}],"wp:attachment":[{"href":"https:\/\/stylingagenten.com\/da\/wp-json\/wp\/v2\/media?parent=144674"}],"wp:term":[{"taxonomy":"product_brand","embeddable":true,"href":"https:\/\/stylingagenten.com\/da\/wp-json\/wp\/v2\/product_brand?post=144674"},{"taxonomy":"product_cat","embeddable":true,"href":"https:\/\/stylingagenten.com\/da\/wp-json\/wp\/v2\/product_cat?post=144674"},{"taxonomy":"product_tag","embeddable":true,"href":"https:\/\/stylingagenten.com\/da\/wp-json\/wp\/v2\/product_tag?post=144674"},{"taxonomy":"berocket_brand","embeddable":true,"href":"https:\/\/stylingagenten.com\/da\/wp-json\/wp\/v2\/berocket_brand?post=144674"}],"curies":[{"name":"wp","href":"https:\/\/api.w.org\/{rel}","templated":true}]}}