{"id":144655,"date":"2025-05-18T23:26:31","date_gmt":"2025-05-18T23:26:31","guid":{"rendered":"https:\/\/staging2.stylingagenten.com\/da\/produkt\/malibu-dry-oil-spray-spf20-100ml\/"},"modified":"2026-04-01T14:38:35","modified_gmt":"2026-04-01T14:38:35","slug":"malibu-dry-oil-spray-spf20-100ml","status":"publish","type":"product","link":"https:\/\/stylingagenten.com\/da\/produkt\/malibu-dry-oil-spray-spf20-100ml\/","title":{"rendered":"Malibu Dry Oil Spray SPF20 100ml"},"content":{"rendered":"<p>Malibu Dry Oil Spray SPF 20 giver medium til h\u00f8j beskyttelse mod UVA- og UVB-str\u00e5ler. Det er en fotostabil olie, som klinisk har vist sig at v\u00e6re sk\u00e5nsom mod de fleste hudtyper. Derudover er den beriget med vitaminer, vandfast, har en t\u00f8r tekstur og er let at p\u00e5f\u00f8re over hele kroppen.<\/p>\n<p>100 ml<\/p>\n","protected":false},"excerpt":{"rendered":"<p>Malibu Dry Oil Spray SPF 20 giver medium til h\u00f8j beskyttelse mod UVA- og UVB-str\u00e5ler. Det er en fotostabil olie, som klinisk har vist sig at v\u00e6re sk\u00e5nsom mod de fleste hudtyper. Derudover er den beriget med vitaminer, vandfast, har en t\u00f8r tekstur og er let at p\u00e5f\u00f8re over hele kroppen. 100 ml<\/p>\n","protected":false},"featured_media":144654,"comment_status":"open","ping_status":"closed","template":"","meta":{"_trash_the_other_posts":false},"product_brand":[],"product_cat":[573],"product_tag":[3362],"berocket_brand":[1241],"class_list":{"0":"post-144655","1":"product","2":"type-product","3":"status-publish","4":"has-post-thumbnail","6":"product_cat-solcreme","7":"product_tag-malibu-dry-oil-spray-spf20","8":"pa_brand-malibu","9":"pa_variant-100ml","10":"berocket_brand-malibu","12":"first","13":"instock","14":"sale","15":"taxable","16":"shipping-taxable","17":"purchasable","18":"product-type-simple"},"_links":{"self":[{"href":"https:\/\/stylingagenten.com\/da\/wp-json\/wp\/v2\/product\/144655","targetHints":{"allow":["GET"]}}],"collection":[{"href":"https:\/\/stylingagenten.com\/da\/wp-json\/wp\/v2\/product"}],"about":[{"href":"https:\/\/stylingagenten.com\/da\/wp-json\/wp\/v2\/types\/product"}],"replies":[{"embeddable":true,"href":"https:\/\/stylingagenten.com\/da\/wp-json\/wp\/v2\/comments?post=144655"}],"version-history":[{"count":0,"href":"https:\/\/stylingagenten.com\/da\/wp-json\/wp\/v2\/product\/144655\/revisions"}],"wp:featuredmedia":[{"embeddable":true,"href":"https:\/\/stylingagenten.com\/da\/wp-json\/wp\/v2\/media\/144654"}],"wp:attachment":[{"href":"https:\/\/stylingagenten.com\/da\/wp-json\/wp\/v2\/media?parent=144655"}],"wp:term":[{"taxonomy":"product_brand","embeddable":true,"href":"https:\/\/stylingagenten.com\/da\/wp-json\/wp\/v2\/product_brand?post=144655"},{"taxonomy":"product_cat","embeddable":true,"href":"https:\/\/stylingagenten.com\/da\/wp-json\/wp\/v2\/product_cat?post=144655"},{"taxonomy":"product_tag","embeddable":true,"href":"https:\/\/stylingagenten.com\/da\/wp-json\/wp\/v2\/product_tag?post=144655"},{"taxonomy":"berocket_brand","embeddable":true,"href":"https:\/\/stylingagenten.com\/da\/wp-json\/wp\/v2\/berocket_brand?post=144655"}],"curies":[{"name":"wp","href":"https:\/\/api.w.org\/{rel}","templated":true}]}}