{"id":144653,"date":"2025-05-18T23:26:29","date_gmt":"2025-05-18T23:26:29","guid":{"rendered":"https:\/\/staging2.stylingagenten.com\/da\/produkt\/malibu-sun-lotion-spf50-100ml\/"},"modified":"2026-03-13T18:56:28","modified_gmt":"2026-03-13T18:56:28","slug":"malibu-sun-lotion-spf50-100ml","status":"publish","type":"product","link":"https:\/\/stylingagenten.com\/da\/produkt\/malibu-sun-lotion-spf50-100ml\/","title":{"rendered":"Malibu Sun Lotion SPF50 100ml"},"content":{"rendered":"<p>Malibu SPF50 Lotion giver h\u00f8j beskyttelse mod UVA- og UVB-str\u00e5ler. Det er en fotostabil lotion, som klinisk har vist sig at v\u00e6re sk\u00e5nsom mod de fleste hudtyper. Solbeskyttelsen er vandfast og beriget med vitamin E og aloe vera. Den er let at p\u00e5f\u00f8re og perfekt til stranden og ferien.<\/p>\n<p>100 ml<\/p>\n","protected":false},"excerpt":{"rendered":"<p>Malibu SPF50 Lotion giver h\u00f8j beskyttelse mod UVA- og UVB-str\u00e5ler. Det er en fotostabil lotion, som klinisk har vist sig at v\u00e6re sk\u00e5nsom mod de fleste hudtyper. Solbeskyttelsen er vandfast og beriget med vitamin E og aloe vera. Den er let at p\u00e5f\u00f8re og perfekt til stranden og ferien. 100 ml<\/p>\n","protected":false},"featured_media":144652,"comment_status":"open","ping_status":"closed","template":"","meta":{"_trash_the_other_posts":false},"product_brand":[],"product_cat":[573],"product_tag":[3372],"berocket_brand":[1241],"class_list":{"0":"post-144653","1":"product","2":"type-product","3":"status-publish","4":"has-post-thumbnail","6":"product_cat-solcreme","7":"product_tag-malibu-sun-lotion-spf50","8":"pa_brand-malibu","9":"pa_variant-100ml","10":"berocket_brand-malibu","12":"first","13":"instock","14":"sale","15":"taxable","16":"shipping-taxable","17":"purchasable","18":"product-type-simple"},"_links":{"self":[{"href":"https:\/\/stylingagenten.com\/da\/wp-json\/wp\/v2\/product\/144653","targetHints":{"allow":["GET"]}}],"collection":[{"href":"https:\/\/stylingagenten.com\/da\/wp-json\/wp\/v2\/product"}],"about":[{"href":"https:\/\/stylingagenten.com\/da\/wp-json\/wp\/v2\/types\/product"}],"replies":[{"embeddable":true,"href":"https:\/\/stylingagenten.com\/da\/wp-json\/wp\/v2\/comments?post=144653"}],"version-history":[{"count":0,"href":"https:\/\/stylingagenten.com\/da\/wp-json\/wp\/v2\/product\/144653\/revisions"}],"wp:featuredmedia":[{"embeddable":true,"href":"https:\/\/stylingagenten.com\/da\/wp-json\/wp\/v2\/media\/144652"}],"wp:attachment":[{"href":"https:\/\/stylingagenten.com\/da\/wp-json\/wp\/v2\/media?parent=144653"}],"wp:term":[{"taxonomy":"product_brand","embeddable":true,"href":"https:\/\/stylingagenten.com\/da\/wp-json\/wp\/v2\/product_brand?post=144653"},{"taxonomy":"product_cat","embeddable":true,"href":"https:\/\/stylingagenten.com\/da\/wp-json\/wp\/v2\/product_cat?post=144653"},{"taxonomy":"product_tag","embeddable":true,"href":"https:\/\/stylingagenten.com\/da\/wp-json\/wp\/v2\/product_tag?post=144653"},{"taxonomy":"berocket_brand","embeddable":true,"href":"https:\/\/stylingagenten.com\/da\/wp-json\/wp\/v2\/berocket_brand?post=144653"}],"curies":[{"name":"wp","href":"https:\/\/api.w.org\/{rel}","templated":true}]}}