{"id":144643,"date":"2025-05-18T23:26:19","date_gmt":"2025-05-18T23:26:19","guid":{"rendered":"https:\/\/staging2.stylingagenten.com\/da\/produkt\/malibu-sun-dry-oil-gel-spf15-200ml\/"},"modified":"2025-12-18T21:51:23","modified_gmt":"2025-12-18T21:51:23","slug":"malibu-sun-dry-oil-gel-spf15-200ml","status":"publish","type":"product","link":"https:\/\/stylingagenten.com\/da\/produkt\/malibu-sun-dry-oil-gel-spf15-200ml\/","title":{"rendered":"Malibu Sun Dry Oil Gel SPF15 200ml"},"content":{"rendered":"<p>Malibu Dry Oil Gel SPF15 giver medium beskyttelse mod UVA- og UVB-str\u00e5ler. Det er en fotostabil olie, som klinisk har vist sig at v\u00e6re sk\u00e5nsom mod de fleste hudtyper. Derudover er den beriget med vitaminer, vandfast, har en t\u00f8r gel\u00e9formel og er let at p\u00e5f\u00f8re over hele kroppen.<\/p>\n<p>200 ml<\/p>\n","protected":false},"excerpt":{"rendered":"<p>Malibu Dry Oil Gel SPF15 giver medium beskyttelse mod UVA- og UVB-str\u00e5ler. Det er en fotostabil olie, som klinisk har vist sig at v\u00e6re sk\u00e5nsom mod de fleste hudtyper. Derudover er den beriget med vitaminer, vandfast, har en t\u00f8r gel\u00e9formel og er let at p\u00e5f\u00f8re over hele kroppen. 200 ml<\/p>\n","protected":false},"featured_media":144642,"comment_status":"open","ping_status":"closed","template":"","meta":{"_trash_the_other_posts":false},"product_brand":[],"product_cat":[573],"product_tag":[],"berocket_brand":[1241],"class_list":{"0":"post-144643","1":"product","2":"type-product","3":"status-publish","4":"has-post-thumbnail","6":"product_cat-solcreme","7":"pa_brand-malibu","8":"berocket_brand-malibu","10":"first","11":"instock","12":"sale","13":"taxable","14":"shipping-taxable","15":"purchasable","16":"product-type-simple"},"_links":{"self":[{"href":"https:\/\/stylingagenten.com\/da\/wp-json\/wp\/v2\/product\/144643","targetHints":{"allow":["GET"]}}],"collection":[{"href":"https:\/\/stylingagenten.com\/da\/wp-json\/wp\/v2\/product"}],"about":[{"href":"https:\/\/stylingagenten.com\/da\/wp-json\/wp\/v2\/types\/product"}],"replies":[{"embeddable":true,"href":"https:\/\/stylingagenten.com\/da\/wp-json\/wp\/v2\/comments?post=144643"}],"version-history":[{"count":0,"href":"https:\/\/stylingagenten.com\/da\/wp-json\/wp\/v2\/product\/144643\/revisions"}],"wp:featuredmedia":[{"embeddable":true,"href":"https:\/\/stylingagenten.com\/da\/wp-json\/wp\/v2\/media\/144642"}],"wp:attachment":[{"href":"https:\/\/stylingagenten.com\/da\/wp-json\/wp\/v2\/media?parent=144643"}],"wp:term":[{"taxonomy":"product_brand","embeddable":true,"href":"https:\/\/stylingagenten.com\/da\/wp-json\/wp\/v2\/product_brand?post=144643"},{"taxonomy":"product_cat","embeddable":true,"href":"https:\/\/stylingagenten.com\/da\/wp-json\/wp\/v2\/product_cat?post=144643"},{"taxonomy":"product_tag","embeddable":true,"href":"https:\/\/stylingagenten.com\/da\/wp-json\/wp\/v2\/product_tag?post=144643"},{"taxonomy":"berocket_brand","embeddable":true,"href":"https:\/\/stylingagenten.com\/da\/wp-json\/wp\/v2\/berocket_brand?post=144643"}],"curies":[{"name":"wp","href":"https:\/\/api.w.org\/{rel}","templated":true}]}}