{"id":144639,"date":"2025-05-18T23:26:13","date_gmt":"2025-05-18T23:26:13","guid":{"rendered":"https:\/\/staging2.stylingagenten.com\/da\/produkt\/malibu-sun-lotion-spf30-100ml\/"},"modified":"2026-04-12T13:17:36","modified_gmt":"2026-04-12T13:17:36","slug":"malibu-sun-lotion-spf30-100ml","status":"publish","type":"product","link":"https:\/\/stylingagenten.com\/da\/produkt\/malibu-sun-lotion-spf30-100ml\/","title":{"rendered":"Malibu Sun Lotion SPF30 100ml"},"content":{"rendered":"<p>Malibu solcreme SPF30 giver h\u00f8j beskyttelse mod UVA- og UVB-str\u00e5ler. Det er en foto-stabil creme, der klinisk er bevist at v\u00e6re sk\u00e5nsom mod de fleste hudtyper. Derudover er den beriget med vitaminer og er vandfast. Solcremen er let at p\u00e5f\u00f8re og perfekt til stranden og ferien.<\/p>\n<p>100ml<\/p>\n","protected":false},"excerpt":{"rendered":"<p>Malibu solcreme SPF30 giver h\u00f8j beskyttelse mod UVA- og UVB-str\u00e5ler. Det er en foto-stabil creme, der klinisk er bevist at v\u00e6re sk\u00e5nsom mod de fleste hudtyper. Derudover er den beriget med vitaminer og er vandfast. Solcremen er let at p\u00e5f\u00f8re og perfekt til stranden og ferien. 100ml<\/p>\n","protected":false},"featured_media":144638,"comment_status":"open","ping_status":"closed","template":"","meta":{"_trash_the_other_posts":false},"product_brand":[],"product_cat":[573],"product_tag":[3371],"berocket_brand":[1241],"class_list":{"0":"post-144639","1":"product","2":"type-product","3":"status-publish","4":"has-post-thumbnail","6":"product_cat-solcreme","7":"product_tag-malibu-sun-lotion-spf30","8":"pa_brand-malibu","9":"pa_variant-100ml","10":"berocket_brand-malibu","12":"first","13":"instock","14":"sale","15":"taxable","16":"shipping-taxable","17":"purchasable","18":"product-type-simple"},"_links":{"self":[{"href":"https:\/\/stylingagenten.com\/da\/wp-json\/wp\/v2\/product\/144639","targetHints":{"allow":["GET"]}}],"collection":[{"href":"https:\/\/stylingagenten.com\/da\/wp-json\/wp\/v2\/product"}],"about":[{"href":"https:\/\/stylingagenten.com\/da\/wp-json\/wp\/v2\/types\/product"}],"replies":[{"embeddable":true,"href":"https:\/\/stylingagenten.com\/da\/wp-json\/wp\/v2\/comments?post=144639"}],"version-history":[{"count":0,"href":"https:\/\/stylingagenten.com\/da\/wp-json\/wp\/v2\/product\/144639\/revisions"}],"wp:featuredmedia":[{"embeddable":true,"href":"https:\/\/stylingagenten.com\/da\/wp-json\/wp\/v2\/media\/144638"}],"wp:attachment":[{"href":"https:\/\/stylingagenten.com\/da\/wp-json\/wp\/v2\/media?parent=144639"}],"wp:term":[{"taxonomy":"product_brand","embeddable":true,"href":"https:\/\/stylingagenten.com\/da\/wp-json\/wp\/v2\/product_brand?post=144639"},{"taxonomy":"product_cat","embeddable":true,"href":"https:\/\/stylingagenten.com\/da\/wp-json\/wp\/v2\/product_cat?post=144639"},{"taxonomy":"product_tag","embeddable":true,"href":"https:\/\/stylingagenten.com\/da\/wp-json\/wp\/v2\/product_tag?post=144639"},{"taxonomy":"berocket_brand","embeddable":true,"href":"https:\/\/stylingagenten.com\/da\/wp-json\/wp\/v2\/berocket_brand?post=144639"}],"curies":[{"name":"wp","href":"https:\/\/api.w.org\/{rel}","templated":true}]}}