{"id":144637,"date":"2025-05-18T23:26:11","date_gmt":"2025-05-18T23:26:11","guid":{"rendered":"https:\/\/staging2.stylingagenten.com\/da\/produkt\/malibu-kids-lotion-spf50-100ml\/"},"modified":"2026-04-08T12:58:40","modified_gmt":"2026-04-08T12:58:40","slug":"malibu-kids-lotion-spf50-100ml","status":"publish","type":"product","link":"https:\/\/stylingagenten.com\/da\/produkt\/malibu-kids-lotion-spf50-100ml\/","title":{"rendered":"Malibu Kids Lotion SPF50 100ml"},"content":{"rendered":"<p>Malibu Kids SPF50 Beskyttende Lotion giver h\u00f8j beskyttelse mod UVA- og UVB-str\u00e5ler og er specielt udviklet til at modst\u00e5 alle b\u00f8rns strandaktiviteter. Det er en foto-stabil lotion, der klinisk er bevist at v\u00e6re sk\u00e5nsom mod de fleste hudtyper. Derudover er den beriget med vitaminer, indeholder Aloe Vera og er vandfast. Solbeskyttelsen er let at p\u00e5f\u00f8re og perfekt til stranden og ferien.<\/p>\n<p>100ml<\/p>\n","protected":false},"excerpt":{"rendered":"<p>Malibu Kids SPF50 Beskyttende Lotion giver h\u00f8j beskyttelse mod UVA- og UVB-str\u00e5ler og er specielt udviklet til at modst\u00e5 alle b\u00f8rns strandaktiviteter. Det er en foto-stabil lotion, der klinisk er bevist at v\u00e6re sk\u00e5nsom mod de fleste hudtyper. Derudover er den beriget med vitaminer, indeholder Aloe Vera og er vandfast. Solbeskyttelsen er let at p\u00e5f\u00f8re [&hellip;]<\/p>\n","protected":false},"featured_media":144636,"comment_status":"open","ping_status":"closed","template":"","meta":{"_trash_the_other_posts":false},"product_brand":[],"product_cat":[573,1011],"product_tag":[],"berocket_brand":[1241],"class_list":{"0":"post-144637","1":"product","2":"type-product","3":"status-publish","4":"has-post-thumbnail","6":"product_cat-solcreme","7":"product_cat-solbeskyttelse-boern","8":"pa_brand-malibu","9":"berocket_brand-malibu","11":"first","12":"instock","13":"sale","14":"taxable","15":"shipping-taxable","16":"purchasable","17":"product-type-simple"},"_links":{"self":[{"href":"https:\/\/stylingagenten.com\/da\/wp-json\/wp\/v2\/product\/144637","targetHints":{"allow":["GET"]}}],"collection":[{"href":"https:\/\/stylingagenten.com\/da\/wp-json\/wp\/v2\/product"}],"about":[{"href":"https:\/\/stylingagenten.com\/da\/wp-json\/wp\/v2\/types\/product"}],"replies":[{"embeddable":true,"href":"https:\/\/stylingagenten.com\/da\/wp-json\/wp\/v2\/comments?post=144637"}],"version-history":[{"count":0,"href":"https:\/\/stylingagenten.com\/da\/wp-json\/wp\/v2\/product\/144637\/revisions"}],"wp:featuredmedia":[{"embeddable":true,"href":"https:\/\/stylingagenten.com\/da\/wp-json\/wp\/v2\/media\/144636"}],"wp:attachment":[{"href":"https:\/\/stylingagenten.com\/da\/wp-json\/wp\/v2\/media?parent=144637"}],"wp:term":[{"taxonomy":"product_brand","embeddable":true,"href":"https:\/\/stylingagenten.com\/da\/wp-json\/wp\/v2\/product_brand?post=144637"},{"taxonomy":"product_cat","embeddable":true,"href":"https:\/\/stylingagenten.com\/da\/wp-json\/wp\/v2\/product_cat?post=144637"},{"taxonomy":"product_tag","embeddable":true,"href":"https:\/\/stylingagenten.com\/da\/wp-json\/wp\/v2\/product_tag?post=144637"},{"taxonomy":"berocket_brand","embeddable":true,"href":"https:\/\/stylingagenten.com\/da\/wp-json\/wp\/v2\/berocket_brand?post=144637"}],"curies":[{"name":"wp","href":"https:\/\/api.w.org\/{rel}","templated":true}]}}