{"id":144625,"date":"2025-05-18T23:25:56","date_gmt":"2025-05-18T23:25:56","guid":{"rendered":"https:\/\/staging2.stylingagenten.com\/da\/produkt\/malibu-sun-lotion-spray-spf20-100ml\/"},"modified":"2026-04-10T16:28:29","modified_gmt":"2026-04-10T16:28:29","slug":"malibu-sun-lotion-spray-spf20-100ml","status":"publish","type":"product","link":"https:\/\/stylingagenten.com\/da\/produkt\/malibu-sun-lotion-spray-spf20-100ml\/","title":{"rendered":"Malibu Sun Lotion Spray SPF20 100ml"},"content":{"rendered":"<p>Malibu SPF20 Lotion Spray giver medium beskyttelse mod UVA- og UVB-str\u00e5ler. Det er en fotostabil lotion, som klinisk har vist sig at v\u00e6re sk\u00e5nsom mod de fleste hudtyper. Derudover er den beriget med vitaminer og vandfast. Solbeskyttelsen er let at p\u00e5f\u00f8re og perfekt til stranden og ferien.<\/p>\n<p>100 ml<\/p>\n","protected":false},"excerpt":{"rendered":"<p>Malibu SPF20 Lotion Spray giver medium beskyttelse mod UVA- og UVB-str\u00e5ler. Det er en fotostabil lotion, som klinisk har vist sig at v\u00e6re sk\u00e5nsom mod de fleste hudtyper. Derudover er den beriget med vitaminer og vandfast. Solbeskyttelsen er let at p\u00e5f\u00f8re og perfekt til stranden og ferien. 100 ml<\/p>\n","protected":false},"featured_media":144624,"comment_status":"open","ping_status":"closed","template":"","meta":{"_trash_the_other_posts":false},"product_brand":[],"product_cat":[573],"product_tag":[],"berocket_brand":[1241],"class_list":{"0":"post-144625","1":"product","2":"type-product","3":"status-publish","4":"has-post-thumbnail","6":"product_cat-solcreme","7":"pa_brand-malibu","8":"berocket_brand-malibu","10":"first","11":"instock","12":"sale","13":"taxable","14":"shipping-taxable","15":"purchasable","16":"product-type-simple"},"_links":{"self":[{"href":"https:\/\/stylingagenten.com\/da\/wp-json\/wp\/v2\/product\/144625","targetHints":{"allow":["GET"]}}],"collection":[{"href":"https:\/\/stylingagenten.com\/da\/wp-json\/wp\/v2\/product"}],"about":[{"href":"https:\/\/stylingagenten.com\/da\/wp-json\/wp\/v2\/types\/product"}],"replies":[{"embeddable":true,"href":"https:\/\/stylingagenten.com\/da\/wp-json\/wp\/v2\/comments?post=144625"}],"version-history":[{"count":0,"href":"https:\/\/stylingagenten.com\/da\/wp-json\/wp\/v2\/product\/144625\/revisions"}],"wp:featuredmedia":[{"embeddable":true,"href":"https:\/\/stylingagenten.com\/da\/wp-json\/wp\/v2\/media\/144624"}],"wp:attachment":[{"href":"https:\/\/stylingagenten.com\/da\/wp-json\/wp\/v2\/media?parent=144625"}],"wp:term":[{"taxonomy":"product_brand","embeddable":true,"href":"https:\/\/stylingagenten.com\/da\/wp-json\/wp\/v2\/product_brand?post=144625"},{"taxonomy":"product_cat","embeddable":true,"href":"https:\/\/stylingagenten.com\/da\/wp-json\/wp\/v2\/product_cat?post=144625"},{"taxonomy":"product_tag","embeddable":true,"href":"https:\/\/stylingagenten.com\/da\/wp-json\/wp\/v2\/product_tag?post=144625"},{"taxonomy":"berocket_brand","embeddable":true,"href":"https:\/\/stylingagenten.com\/da\/wp-json\/wp\/v2\/berocket_brand?post=144625"}],"curies":[{"name":"wp","href":"https:\/\/api.w.org\/{rel}","templated":true}]}}