{"id":144623,"date":"2025-05-18T23:25:53","date_gmt":"2025-05-18T23:25:53","guid":{"rendered":"https:\/\/staging2.stylingagenten.com\/da\/produkt\/dermalogica-invisible-physical-defense-spf30-50ml\/"},"modified":"2026-04-08T15:30:24","modified_gmt":"2026-04-08T15:30:24","slug":"dermalogica-invisible-physical-defense-spf30-50ml","status":"publish","type":"product","link":"https:\/\/stylingagenten.com\/da\/produkt\/dermalogica-invisible-physical-defense-spf30-50ml\/","title":{"rendered":"Dermalogica Invisible Physical Defense SPF30 50ml"},"content":{"rendered":"<p>Dermalogica Invisible Physical Defense SPF30 er en solbeskyttelse med ultratransparent zinkoxid, der giver en fysisk UV-beskyttelse, som f\u00f8les v\u00e6gtl\u00f8s og smelter usynligt sammen med alle hudtoner.<\/p>\n<p>Egnet til alle hudtyper og -tilstande, inklusive sensitiv hud.<\/p>\n<p>50ml<\/p>\n","protected":false},"excerpt":{"rendered":"<p>Dermalogica Invisible Physical Defense SPF30 er en solbeskyttelse med ultratransparent zinkoxid, der giver en fysisk UV-beskyttelse, som f\u00f8les v\u00e6gtl\u00f8s og smelter usynligt sammen med alle hudtoner. Egnet til alle hudtyper og -tilstande, inklusive sensitiv hud. 50ml<\/p>\n","protected":false},"featured_media":144619,"comment_status":"open","ping_status":"closed","template":"","meta":{"_trash_the_other_posts":false},"product_brand":[],"product_cat":[573],"product_tag":[],"berocket_brand":[1420],"class_list":{"0":"post-144623","1":"product","2":"type-product","3":"status-publish","4":"has-post-thumbnail","6":"product_cat-solcreme","7":"pa_brand-dermalogica","8":"berocket_brand-dermalogica","10":"first","11":"instock","12":"sale","13":"taxable","14":"shipping-taxable","15":"purchasable","16":"product-type-simple"},"_links":{"self":[{"href":"https:\/\/stylingagenten.com\/da\/wp-json\/wp\/v2\/product\/144623","targetHints":{"allow":["GET"]}}],"collection":[{"href":"https:\/\/stylingagenten.com\/da\/wp-json\/wp\/v2\/product"}],"about":[{"href":"https:\/\/stylingagenten.com\/da\/wp-json\/wp\/v2\/types\/product"}],"replies":[{"embeddable":true,"href":"https:\/\/stylingagenten.com\/da\/wp-json\/wp\/v2\/comments?post=144623"}],"version-history":[{"count":0,"href":"https:\/\/stylingagenten.com\/da\/wp-json\/wp\/v2\/product\/144623\/revisions"}],"wp:featuredmedia":[{"embeddable":true,"href":"https:\/\/stylingagenten.com\/da\/wp-json\/wp\/v2\/media\/144619"}],"wp:attachment":[{"href":"https:\/\/stylingagenten.com\/da\/wp-json\/wp\/v2\/media?parent=144623"}],"wp:term":[{"taxonomy":"product_brand","embeddable":true,"href":"https:\/\/stylingagenten.com\/da\/wp-json\/wp\/v2\/product_brand?post=144623"},{"taxonomy":"product_cat","embeddable":true,"href":"https:\/\/stylingagenten.com\/da\/wp-json\/wp\/v2\/product_cat?post=144623"},{"taxonomy":"product_tag","embeddable":true,"href":"https:\/\/stylingagenten.com\/da\/wp-json\/wp\/v2\/product_tag?post=144623"},{"taxonomy":"berocket_brand","embeddable":true,"href":"https:\/\/stylingagenten.com\/da\/wp-json\/wp\/v2\/berocket_brand?post=144623"}],"curies":[{"name":"wp","href":"https:\/\/api.w.org\/{rel}","templated":true}]}}