{"id":144618,"date":"2025-05-18T23:25:47","date_gmt":"2025-05-18T23:25:47","guid":{"rendered":"https:\/\/staging2.stylingagenten.com\/da\/produkt\/malibu-clear-protection-spray-spf20-250ml\/"},"modified":"2026-02-02T09:08:52","modified_gmt":"2026-02-02T09:08:52","slug":"malibu-clear-protection-spray-spf20-250ml","status":"publish","type":"product","link":"https:\/\/stylingagenten.com\/da\/produkt\/malibu-clear-protection-spray-spf20-250ml\/","title":{"rendered":"Malibu Clear Protection Spray SPF20 250ml"},"content":{"rendered":"<p>Malibu Clear Protection Spray SPF20 giver beskyttelse mod UVA- og UVB-str\u00e5ler. Beskyt din hud mod solens kraftfulde str\u00e5ler med denne spraysolcreme. Denne transparente solcreme tr\u00e6nger hurtigt ind i huden, er ikke fedtet og vandafvisende.<\/p>\n<p>250 ml<\/p>\n","protected":false},"excerpt":{"rendered":"<p>Malibu Clear Protection Spray SPF20 giver beskyttelse mod UVA- og UVB-str\u00e5ler. Beskyt din hud mod solens kraftfulde str\u00e5ler med denne spraysolcreme. Denne transparente solcreme tr\u00e6nger hurtigt ind i huden, er ikke fedtet og vandafvisende. 250 ml<\/p>\n","protected":false},"featured_media":144617,"comment_status":"open","ping_status":"closed","template":"","meta":{"_trash_the_other_posts":false},"product_brand":[],"product_cat":[573],"product_tag":[],"berocket_brand":[1241],"class_list":{"0":"post-144618","1":"product","2":"type-product","3":"status-publish","4":"has-post-thumbnail","6":"product_cat-solcreme","7":"pa_brand-malibu","8":"berocket_brand-malibu","10":"first","11":"instock","12":"sale","13":"taxable","14":"shipping-taxable","15":"purchasable","16":"product-type-simple"},"_links":{"self":[{"href":"https:\/\/stylingagenten.com\/da\/wp-json\/wp\/v2\/product\/144618","targetHints":{"allow":["GET"]}}],"collection":[{"href":"https:\/\/stylingagenten.com\/da\/wp-json\/wp\/v2\/product"}],"about":[{"href":"https:\/\/stylingagenten.com\/da\/wp-json\/wp\/v2\/types\/product"}],"replies":[{"embeddable":true,"href":"https:\/\/stylingagenten.com\/da\/wp-json\/wp\/v2\/comments?post=144618"}],"version-history":[{"count":0,"href":"https:\/\/stylingagenten.com\/da\/wp-json\/wp\/v2\/product\/144618\/revisions"}],"wp:featuredmedia":[{"embeddable":true,"href":"https:\/\/stylingagenten.com\/da\/wp-json\/wp\/v2\/media\/144617"}],"wp:attachment":[{"href":"https:\/\/stylingagenten.com\/da\/wp-json\/wp\/v2\/media?parent=144618"}],"wp:term":[{"taxonomy":"product_brand","embeddable":true,"href":"https:\/\/stylingagenten.com\/da\/wp-json\/wp\/v2\/product_brand?post=144618"},{"taxonomy":"product_cat","embeddable":true,"href":"https:\/\/stylingagenten.com\/da\/wp-json\/wp\/v2\/product_cat?post=144618"},{"taxonomy":"product_tag","embeddable":true,"href":"https:\/\/stylingagenten.com\/da\/wp-json\/wp\/v2\/product_tag?post=144618"},{"taxonomy":"berocket_brand","embeddable":true,"href":"https:\/\/stylingagenten.com\/da\/wp-json\/wp\/v2\/berocket_brand?post=144618"}],"curies":[{"name":"wp","href":"https:\/\/api.w.org\/{rel}","templated":true}]}}