{"id":144612,"date":"2025-05-18T23:25:39","date_gmt":"2025-05-18T23:25:39","guid":{"rendered":"https:\/\/staging2.stylingagenten.com\/da\/produkt\/beauty-of-joseon-relief-sun-aqua-fresh-spf50-pa-50ml\/"},"modified":"2025-12-18T21:34:37","modified_gmt":"2025-12-18T21:34:37","slug":"beauty-of-joseon-relief-sun-aqua-fresh-spf50-pa-50ml","status":"publish","type":"product","link":"https:\/\/stylingagenten.com\/da\/produkt\/beauty-of-joseon-relief-sun-aqua-fresh-spf50-pa-50ml\/","title":{"rendered":"Beauty of Joseon Relief Sun Aqua Fresh SPF50+ PA++++ 50ml"},"content":{"rendered":"<p>Beauty of Joseon Relief Sun Aqua Fresh SPF50+ PA++++ er en forfriskende, fugtgivende solcreme med risfr\u00f8vand og panthenol, der beskytter din hud mod skadelige UV-str\u00e5ler og milj\u00f8faktorer. Den er hurtigtabsorberende med en dewy finish.<\/p>\n<p>Indeholder risfr\u00f8vand (30 %) fyldt med vitaminer, mineraler og antioxidanter, som hj\u00e6lper med at genskabe hudens naturlige sundhed og giver den klar og str\u00e5lende gl\u00f8d. Panthenol (vitamin B5) er kendt for sine exceptionelle fugtgivende og beroligende egenskaber, hj\u00e6lper med at styrke hudens fugtbarriere og beroliger hud, der er irriteret af UV-str\u00e5ler og milj\u00f8faktorer.<\/p>\n<p>Oplev den perfekte balance mellem fugt og beskyttelse med Relief Sun Aqua-Fresh, designet til dig, der \u00f8nsker en let, dewy finish uden at g\u00e5 p\u00e5 kompromis med solbeskyttelsen.<\/p>\n<p>50ml<\/p>\n","protected":false},"excerpt":{"rendered":"<p>Beauty of Joseon Relief Sun Aqua Fresh SPF50+ PA++++ er en forfriskende, fugtgivende solcreme med risfr\u00f8vand og panthenol, der beskytter din hud mod skadelige UV-str\u00e5ler og milj\u00f8faktorer. Den er hurtigtabsorberende med en dewy finish. Indeholder risfr\u00f8vand (30 %) fyldt med vitaminer, mineraler og antioxidanter, som hj\u00e6lper med at genskabe hudens naturlige sundhed og giver den [&hellip;]<\/p>\n","protected":false},"featured_media":144604,"comment_status":"open","ping_status":"closed","template":"","meta":{"_trash_the_other_posts":false},"product_brand":[],"product_cat":[573],"product_tag":[],"berocket_brand":[1395],"class_list":{"0":"post-144612","1":"product","2":"type-product","3":"status-publish","4":"has-post-thumbnail","6":"product_cat-solcreme","7":"pa_brand-beauty-of-joseon","8":"berocket_brand-beauty-of-joseon","10":"first","11":"instock","12":"sale","13":"taxable","14":"shipping-taxable","15":"purchasable","16":"product-type-simple"},"_links":{"self":[{"href":"https:\/\/stylingagenten.com\/da\/wp-json\/wp\/v2\/product\/144612","targetHints":{"allow":["GET"]}}],"collection":[{"href":"https:\/\/stylingagenten.com\/da\/wp-json\/wp\/v2\/product"}],"about":[{"href":"https:\/\/stylingagenten.com\/da\/wp-json\/wp\/v2\/types\/product"}],"replies":[{"embeddable":true,"href":"https:\/\/stylingagenten.com\/da\/wp-json\/wp\/v2\/comments?post=144612"}],"version-history":[{"count":0,"href":"https:\/\/stylingagenten.com\/da\/wp-json\/wp\/v2\/product\/144612\/revisions"}],"wp:featuredmedia":[{"embeddable":true,"href":"https:\/\/stylingagenten.com\/da\/wp-json\/wp\/v2\/media\/144604"}],"wp:attachment":[{"href":"https:\/\/stylingagenten.com\/da\/wp-json\/wp\/v2\/media?parent=144612"}],"wp:term":[{"taxonomy":"product_brand","embeddable":true,"href":"https:\/\/stylingagenten.com\/da\/wp-json\/wp\/v2\/product_brand?post=144612"},{"taxonomy":"product_cat","embeddable":true,"href":"https:\/\/stylingagenten.com\/da\/wp-json\/wp\/v2\/product_cat?post=144612"},{"taxonomy":"product_tag","embeddable":true,"href":"https:\/\/stylingagenten.com\/da\/wp-json\/wp\/v2\/product_tag?post=144612"},{"taxonomy":"berocket_brand","embeddable":true,"href":"https:\/\/stylingagenten.com\/da\/wp-json\/wp\/v2\/berocket_brand?post=144612"}],"curies":[{"name":"wp","href":"https:\/\/api.w.org\/{rel}","templated":true}]}}