{"id":144590,"date":"2025-05-18T23:24:27","date_gmt":"2025-05-18T23:24:27","guid":{"rendered":"https:\/\/staging2.stylingagenten.com\/da\/produkt\/nuxe-tanning-sun-oil-spf50-150ml\/"},"modified":"2025-12-18T21:53:23","modified_gmt":"2025-12-18T21:53:23","slug":"nuxe-tanning-sun-oil-spf50-150ml","status":"publish","type":"product","link":"https:\/\/stylingagenten.com\/da\/produkt\/nuxe-tanning-sun-oil-spf50-150ml\/","title":{"rendered":"Nuxe Tanning Sun Oil SPF50 150ml"},"content":{"rendered":"<p>Nuxe Tanning Sun Oil SPF50 er en sololie med h\u00f8j solbeskyttelsesfaktor. Brug olien, hvis du \u00f8nsker at fremh\u00e6ve din solbrune farve \u2013 den kan anvendes b\u00e5de i ansigtet og p\u00e5 kroppen. Den absorberes hurtigt af huden og efterlader den silkebl\u00f8d. Den har en mild sommerduft af appelsin, tiareblomst og vanilje. Den er ogs\u00e5 fri for b\u00e5de alkohol og parabener. Nuxe Tanning Oil kommer i en smart sprayflaske, der g\u00f8r p\u00e5f\u00f8ringen supernem. Velegnet til alle hudtyper. H\u00f8j beskyttelse.<\/p>\n<p>En sololie med h\u00f8j solfaktor, der fremmer en smuk solbrun gl\u00f8d i ansigtet og p\u00e5 kroppen.<br \/>Absorberes hurtigt i huden og efterlader den silkebl\u00f8d.<br \/>Fri for alkohol og parabener.<\/p>\n<p>150ml<\/p>\n","protected":false},"excerpt":{"rendered":"<p>Nuxe Tanning Sun Oil SPF50 er en sololie med h\u00f8j solbeskyttelsesfaktor. Brug olien, hvis du \u00f8nsker at fremh\u00e6ve din solbrune farve \u2013 den kan anvendes b\u00e5de i ansigtet og p\u00e5 kroppen. Den absorberes hurtigt af huden og efterlader den silkebl\u00f8d. Den har en mild sommerduft af appelsin, tiareblomst og vanilje. Den er ogs\u00e5 fri for [&hellip;]<\/p>\n","protected":false},"featured_media":144575,"comment_status":"open","ping_status":"closed","template":"","meta":{"_trash_the_other_posts":false},"product_brand":[],"product_cat":[573],"product_tag":[],"berocket_brand":[1024],"class_list":{"0":"post-144590","1":"product","2":"type-product","3":"status-publish","4":"has-post-thumbnail","6":"product_cat-solcreme","7":"pa_brand-nuxe","8":"berocket_brand-nuxe","10":"first","11":"instock","12":"sale","13":"taxable","14":"shipping-taxable","15":"purchasable","16":"product-type-simple"},"_links":{"self":[{"href":"https:\/\/stylingagenten.com\/da\/wp-json\/wp\/v2\/product\/144590","targetHints":{"allow":["GET"]}}],"collection":[{"href":"https:\/\/stylingagenten.com\/da\/wp-json\/wp\/v2\/product"}],"about":[{"href":"https:\/\/stylingagenten.com\/da\/wp-json\/wp\/v2\/types\/product"}],"replies":[{"embeddable":true,"href":"https:\/\/stylingagenten.com\/da\/wp-json\/wp\/v2\/comments?post=144590"}],"version-history":[{"count":0,"href":"https:\/\/stylingagenten.com\/da\/wp-json\/wp\/v2\/product\/144590\/revisions"}],"wp:featuredmedia":[{"embeddable":true,"href":"https:\/\/stylingagenten.com\/da\/wp-json\/wp\/v2\/media\/144575"}],"wp:attachment":[{"href":"https:\/\/stylingagenten.com\/da\/wp-json\/wp\/v2\/media?parent=144590"}],"wp:term":[{"taxonomy":"product_brand","embeddable":true,"href":"https:\/\/stylingagenten.com\/da\/wp-json\/wp\/v2\/product_brand?post=144590"},{"taxonomy":"product_cat","embeddable":true,"href":"https:\/\/stylingagenten.com\/da\/wp-json\/wp\/v2\/product_cat?post=144590"},{"taxonomy":"product_tag","embeddable":true,"href":"https:\/\/stylingagenten.com\/da\/wp-json\/wp\/v2\/product_tag?post=144590"},{"taxonomy":"berocket_brand","embeddable":true,"href":"https:\/\/stylingagenten.com\/da\/wp-json\/wp\/v2\/berocket_brand?post=144590"}],"curies":[{"name":"wp","href":"https:\/\/api.w.org\/{rel}","templated":true}]}}