{"id":144585,"date":"2025-05-18T23:24:26","date_gmt":"2025-05-18T23:24:26","guid":{"rendered":"https:\/\/staging2.stylingagenten.com\/da\/produkt\/malibu-bronzing-butter-with-beta-carotene-spf15-300ml\/"},"modified":"2026-04-14T21:08:42","modified_gmt":"2026-04-14T21:08:42","slug":"malibu-bronzing-butter-with-beta-carotene-spf15-300ml","status":"publish","type":"product","link":"https:\/\/stylingagenten.com\/da\/produkt\/malibu-bronzing-butter-with-beta-carotene-spf15-300ml\/","title":{"rendered":"Malibu Bronzing Butter with Beta Carotene SPF15 300ml"},"content":{"rendered":"<p>Malibu Bronzing Butter med Beta Caroten SPF15 er specielt formuleret med Beta Caroten for at st\u00f8tte hudens naturlige solbruning ved at fremme hudens m\u00f8rke pigmenter til overfladen.<\/p>\n<p>Denne n\u00e6rende formel vil efterlade din hud str\u00e5lende med Malibus ber\u00f8mte tropiske kokosduft. Denne kropssm\u00f8r indeholder vitamin E, som fugter huden og holder den bl\u00f8d, samtidig med at den er vand- og svedresistent. SPF 15.<\/p>\n<p>300ml<\/p>\n","protected":false},"excerpt":{"rendered":"<p>Malibu Bronzing Butter med Beta Caroten SPF15 er specielt formuleret med Beta Caroten for at st\u00f8tte hudens naturlige solbruning ved at fremme hudens m\u00f8rke pigmenter til overfladen. Denne n\u00e6rende formel vil efterlade din hud str\u00e5lende med Malibus ber\u00f8mte tropiske kokosduft. Denne kropssm\u00f8r indeholder vitamin E, som fugter huden og holder den bl\u00f8d, samtidig med at [&hellip;]<\/p>\n","protected":false},"featured_media":144584,"comment_status":"open","ping_status":"closed","template":"","meta":{"_trash_the_other_posts":false},"product_brand":[],"product_cat":[573],"product_tag":[],"berocket_brand":[1241],"class_list":{"0":"post-144585","1":"product","2":"type-product","3":"status-publish","4":"has-post-thumbnail","6":"product_cat-solcreme","7":"pa_brand-malibu","8":"berocket_brand-malibu","10":"first","11":"instock","12":"sale","13":"taxable","14":"shipping-taxable","15":"purchasable","16":"product-type-simple"},"_links":{"self":[{"href":"https:\/\/stylingagenten.com\/da\/wp-json\/wp\/v2\/product\/144585","targetHints":{"allow":["GET"]}}],"collection":[{"href":"https:\/\/stylingagenten.com\/da\/wp-json\/wp\/v2\/product"}],"about":[{"href":"https:\/\/stylingagenten.com\/da\/wp-json\/wp\/v2\/types\/product"}],"replies":[{"embeddable":true,"href":"https:\/\/stylingagenten.com\/da\/wp-json\/wp\/v2\/comments?post=144585"}],"version-history":[{"count":0,"href":"https:\/\/stylingagenten.com\/da\/wp-json\/wp\/v2\/product\/144585\/revisions"}],"wp:featuredmedia":[{"embeddable":true,"href":"https:\/\/stylingagenten.com\/da\/wp-json\/wp\/v2\/media\/144584"}],"wp:attachment":[{"href":"https:\/\/stylingagenten.com\/da\/wp-json\/wp\/v2\/media?parent=144585"}],"wp:term":[{"taxonomy":"product_brand","embeddable":true,"href":"https:\/\/stylingagenten.com\/da\/wp-json\/wp\/v2\/product_brand?post=144585"},{"taxonomy":"product_cat","embeddable":true,"href":"https:\/\/stylingagenten.com\/da\/wp-json\/wp\/v2\/product_cat?post=144585"},{"taxonomy":"product_tag","embeddable":true,"href":"https:\/\/stylingagenten.com\/da\/wp-json\/wp\/v2\/product_tag?post=144585"},{"taxonomy":"berocket_brand","embeddable":true,"href":"https:\/\/stylingagenten.com\/da\/wp-json\/wp\/v2\/berocket_brand?post=144585"}],"curies":[{"name":"wp","href":"https:\/\/api.w.org\/{rel}","templated":true}]}}