{"id":144548,"date":"2025-05-18T23:24:19","date_gmt":"2025-05-18T23:24:19","guid":{"rendered":"https:\/\/staging2.stylingagenten.com\/da\/produkt\/wet-n-wild-makeup-sponge-applicator\/"},"modified":"2026-02-26T06:26:37","modified_gmt":"2026-02-26T06:26:37","slug":"wet-n-wild-makeup-sponge-applicator","status":"publish","type":"product","link":"https:\/\/stylingagenten.com\/da\/produkt\/wet-n-wild-makeup-sponge-applicator\/","title":{"rendered":"Wet n Wild Makeup Sponge Applicator"},"content":{"rendered":"<p>Denne makeup-svamp fra Wet n Wild giver mulighed for fejlfri p\u00e5f\u00f8ring af din makeup. Giver en nem, stribefri p\u00e5f\u00f8ring til en professionel finish. <br \/>Designet med et unikt hydrofilt materiale for at forhindre mindre produktspild.<\/p>\n<p><\/p>\n","protected":false},"excerpt":{"rendered":"<p>Denne makeup-svamp fra Wet n Wild giver mulighed for fejlfri p\u00e5f\u00f8ring af din makeup. Giver en nem, stribefri p\u00e5f\u00f8ring til en professionel finish. Designet med et unikt hydrofilt materiale for at forhindre mindre produktspild.<\/p>\n","protected":false},"featured_media":144537,"comment_status":"open","ping_status":"closed","template":"","meta":{"_trash_the_other_posts":false},"product_brand":[],"product_cat":[677],"product_tag":[],"berocket_brand":[1035],"class_list":{"0":"post-144548","1":"product","2":"type-product","3":"status-publish","4":"has-post-thumbnail","6":"product_cat-makeup-svamp","7":"pa_brand-wet-n-wild","8":"berocket_brand-wet-n-wild","10":"first","11":"instock","12":"sale","13":"taxable","14":"shipping-taxable","15":"purchasable","16":"product-type-simple"},"_links":{"self":[{"href":"https:\/\/stylingagenten.com\/da\/wp-json\/wp\/v2\/product\/144548","targetHints":{"allow":["GET"]}}],"collection":[{"href":"https:\/\/stylingagenten.com\/da\/wp-json\/wp\/v2\/product"}],"about":[{"href":"https:\/\/stylingagenten.com\/da\/wp-json\/wp\/v2\/types\/product"}],"replies":[{"embeddable":true,"href":"https:\/\/stylingagenten.com\/da\/wp-json\/wp\/v2\/comments?post=144548"}],"version-history":[{"count":0,"href":"https:\/\/stylingagenten.com\/da\/wp-json\/wp\/v2\/product\/144548\/revisions"}],"wp:featuredmedia":[{"embeddable":true,"href":"https:\/\/stylingagenten.com\/da\/wp-json\/wp\/v2\/media\/144537"}],"wp:attachment":[{"href":"https:\/\/stylingagenten.com\/da\/wp-json\/wp\/v2\/media?parent=144548"}],"wp:term":[{"taxonomy":"product_brand","embeddable":true,"href":"https:\/\/stylingagenten.com\/da\/wp-json\/wp\/v2\/product_brand?post=144548"},{"taxonomy":"product_cat","embeddable":true,"href":"https:\/\/stylingagenten.com\/da\/wp-json\/wp\/v2\/product_cat?post=144548"},{"taxonomy":"product_tag","embeddable":true,"href":"https:\/\/stylingagenten.com\/da\/wp-json\/wp\/v2\/product_tag?post=144548"},{"taxonomy":"berocket_brand","embeddable":true,"href":"https:\/\/stylingagenten.com\/da\/wp-json\/wp\/v2\/berocket_brand?post=144548"}],"curies":[{"name":"wp","href":"https:\/\/api.w.org\/{rel}","templated":true}]}}