{"id":144450,"date":"2025-05-18T23:24:03","date_gmt":"2025-05-18T23:24:03","guid":{"rendered":"https:\/\/staging2.stylingagenten.com\/da\/produkt\/cs-beauty-nail-scissor\/"},"modified":"2026-01-23T12:46:52","modified_gmt":"2026-01-23T12:46:52","slug":"cs-beauty-nail-scissor","status":"publish","type":"product","link":"https:\/\/stylingagenten.com\/da\/produkt\/cs-beauty-nail-scissor\/","title":{"rendered":"CS Beauty Nail Scissor"},"content":{"rendered":"<p>Disse neglesakse i rustfrit st\u00e5l med deres lige blade er ideelle til at klippe bl\u00f8de negle og negleb\u00e5nd.<\/p>\n","protected":false},"excerpt":{"rendered":"<p>Disse neglesakse i rustfrit st\u00e5l med deres lige blade er ideelle til at klippe bl\u00f8de negle og negleb\u00e5nd.<\/p>\n","protected":false},"featured_media":144448,"comment_status":"open","ping_status":"closed","template":"","meta":{"_trash_the_other_posts":false},"product_brand":[],"product_cat":[557],"product_tag":[],"berocket_brand":[1411],"class_list":{"0":"post-144450","1":"product","2":"type-product","3":"status-publish","4":"has-post-thumbnail","6":"product_cat-meikkityokalut","7":"pa_brand-cs-beauty","8":"berocket_brand-cs-beauty","10":"first","11":"instock","12":"sale","13":"taxable","14":"shipping-taxable","15":"purchasable","16":"product-type-simple"},"_links":{"self":[{"href":"https:\/\/stylingagenten.com\/da\/wp-json\/wp\/v2\/product\/144450","targetHints":{"allow":["GET"]}}],"collection":[{"href":"https:\/\/stylingagenten.com\/da\/wp-json\/wp\/v2\/product"}],"about":[{"href":"https:\/\/stylingagenten.com\/da\/wp-json\/wp\/v2\/types\/product"}],"replies":[{"embeddable":true,"href":"https:\/\/stylingagenten.com\/da\/wp-json\/wp\/v2\/comments?post=144450"}],"version-history":[{"count":0,"href":"https:\/\/stylingagenten.com\/da\/wp-json\/wp\/v2\/product\/144450\/revisions"}],"wp:featuredmedia":[{"embeddable":true,"href":"https:\/\/stylingagenten.com\/da\/wp-json\/wp\/v2\/media\/144448"}],"wp:attachment":[{"href":"https:\/\/stylingagenten.com\/da\/wp-json\/wp\/v2\/media?parent=144450"}],"wp:term":[{"taxonomy":"product_brand","embeddable":true,"href":"https:\/\/stylingagenten.com\/da\/wp-json\/wp\/v2\/product_brand?post=144450"},{"taxonomy":"product_cat","embeddable":true,"href":"https:\/\/stylingagenten.com\/da\/wp-json\/wp\/v2\/product_cat?post=144450"},{"taxonomy":"product_tag","embeddable":true,"href":"https:\/\/stylingagenten.com\/da\/wp-json\/wp\/v2\/product_tag?post=144450"},{"taxonomy":"berocket_brand","embeddable":true,"href":"https:\/\/stylingagenten.com\/da\/wp-json\/wp\/v2\/berocket_brand?post=144450"}],"curies":[{"name":"wp","href":"https:\/\/api.w.org\/{rel}","templated":true}]}}