{"id":144438,"date":"2025-05-18T23:24:01","date_gmt":"2025-05-18T23:24:01","guid":{"rendered":"https:\/\/staging2.stylingagenten.com\/da\/produkt\/milani-keep-it-clean-longwear-lip-color-remover-12g\/"},"modified":"2025-12-18T21:52:51","modified_gmt":"2025-12-18T21:52:51","slug":"milani-keep-it-clean-longwear-lip-color-remover-12g","status":"publish","type":"product","link":"https:\/\/stylingagenten.com\/da\/produkt\/milani-keep-it-clean-longwear-lip-color-remover-12g\/","title":{"rendered":"Milani Keep It Clean Longwear lip Color Remover 12g"},"content":{"rendered":"<p>Med et enkelt stryg fjerner Keep It Clean Longwear Lip Color Remover alle spor af langtidsholdbar l\u00e6befarve.<br \/>Den blide, men effektive sammens\u00e6tning betyder, at huden f\u00f8les ekstra bl\u00f8d, n\u00e6ret, fugtet og genoplivet. <\/p>\n","protected":false},"excerpt":{"rendered":"<p>Med et enkelt stryg fjerner Keep It Clean Longwear Lip Color Remover alle spor af langtidsholdbar l\u00e6befarve.Den blide, men effektive sammens\u00e6tning betyder, at huden f\u00f8les ekstra bl\u00f8d, n\u00e6ret, fugtet og genoplivet.<\/p>\n","protected":false},"featured_media":144436,"comment_status":"open","ping_status":"closed","template":"","meta":{"_trash_the_other_posts":false},"product_brand":[],"product_cat":[653],"product_tag":[],"berocket_brand":[1027],"class_list":{"0":"post-144438","1":"product","2":"type-product","3":"status-publish","4":"has-post-thumbnail","6":"product_cat-makeupfjerner-ansigtsvask","7":"pa_brand-milani","8":"berocket_brand-milani","10":"first","11":"instock","12":"sale","13":"taxable","14":"shipping-taxable","15":"purchasable","16":"product-type-simple"},"_links":{"self":[{"href":"https:\/\/stylingagenten.com\/da\/wp-json\/wp\/v2\/product\/144438","targetHints":{"allow":["GET"]}}],"collection":[{"href":"https:\/\/stylingagenten.com\/da\/wp-json\/wp\/v2\/product"}],"about":[{"href":"https:\/\/stylingagenten.com\/da\/wp-json\/wp\/v2\/types\/product"}],"replies":[{"embeddable":true,"href":"https:\/\/stylingagenten.com\/da\/wp-json\/wp\/v2\/comments?post=144438"}],"version-history":[{"count":0,"href":"https:\/\/stylingagenten.com\/da\/wp-json\/wp\/v2\/product\/144438\/revisions"}],"wp:featuredmedia":[{"embeddable":true,"href":"https:\/\/stylingagenten.com\/da\/wp-json\/wp\/v2\/media\/144436"}],"wp:attachment":[{"href":"https:\/\/stylingagenten.com\/da\/wp-json\/wp\/v2\/media?parent=144438"}],"wp:term":[{"taxonomy":"product_brand","embeddable":true,"href":"https:\/\/stylingagenten.com\/da\/wp-json\/wp\/v2\/product_brand?post=144438"},{"taxonomy":"product_cat","embeddable":true,"href":"https:\/\/stylingagenten.com\/da\/wp-json\/wp\/v2\/product_cat?post=144438"},{"taxonomy":"product_tag","embeddable":true,"href":"https:\/\/stylingagenten.com\/da\/wp-json\/wp\/v2\/product_tag?post=144438"},{"taxonomy":"berocket_brand","embeddable":true,"href":"https:\/\/stylingagenten.com\/da\/wp-json\/wp\/v2\/berocket_brand?post=144438"}],"curies":[{"name":"wp","href":"https:\/\/api.w.org\/{rel}","templated":true}]}}