{"id":144423,"date":"2025-05-18T23:23:58","date_gmt":"2025-05-18T23:23:58","guid":{"rendered":"https:\/\/staging2.stylingagenten.com\/da\/produkt\/shiseido-instant-eye-and-lip-makeup-remover-125ml\/"},"modified":"2026-03-30T07:31:56","modified_gmt":"2026-03-30T07:31:56","slug":"shiseido-instant-eye-and-lip-makeup-remover-125ml","status":"publish","type":"product","link":"https:\/\/stylingagenten.com\/da\/produkt\/shiseido-instant-eye-and-lip-makeup-remover-125ml\/","title":{"rendered":"Shiseido Instant Eye and Lip Makeup Remover 125ml"},"content":{"rendered":"<p>En blid, dobbeltfaset makeupfjerner, der \u00f8jeblikkeligt opl\u00f8ser vandfast og holdbar makeup og l\u00e6bestift. Efterlader huden frisk og glat uden en fedtet f\u00f8lelse. Fjerner nemt al make-up, inklusive vandfast mascara.<\/p>\n<p>&nbsp;<\/p>\n<p>Dermatologisk testet. &Ouml;gon&auml;kare-testet. Ikke-komedogen.<\/p>\n","protected":false},"excerpt":{"rendered":"<p>En blid, dobbeltfaset makeupfjerner, der \u00f8jeblikkeligt opl\u00f8ser vandfast og holdbar makeup og l\u00e6bestift. Efterlader huden frisk og glat uden en fedtet f\u00f8lelse. Fjerner nemt al make-up, inklusive vandfast mascara. &nbsp; Dermatologisk testet. &Ouml;gon&auml;kare-testet. Ikke-komedogen.<\/p>\n","protected":false},"featured_media":144422,"comment_status":"open","ping_status":"closed","template":"","meta":{"_trash_the_other_posts":false},"product_brand":[],"product_cat":[653],"product_tag":[],"berocket_brand":[1193],"class_list":{"0":"post-144423","1":"product","2":"type-product","3":"status-publish","4":"has-post-thumbnail","6":"product_cat-makeupfjerner-ansigtsvask","7":"pa_brand-shiseido","8":"berocket_brand-shiseido","10":"first","11":"instock","12":"sale","13":"taxable","14":"shipping-taxable","15":"purchasable","16":"product-type-simple"},"_links":{"self":[{"href":"https:\/\/stylingagenten.com\/da\/wp-json\/wp\/v2\/product\/144423","targetHints":{"allow":["GET"]}}],"collection":[{"href":"https:\/\/stylingagenten.com\/da\/wp-json\/wp\/v2\/product"}],"about":[{"href":"https:\/\/stylingagenten.com\/da\/wp-json\/wp\/v2\/types\/product"}],"replies":[{"embeddable":true,"href":"https:\/\/stylingagenten.com\/da\/wp-json\/wp\/v2\/comments?post=144423"}],"version-history":[{"count":0,"href":"https:\/\/stylingagenten.com\/da\/wp-json\/wp\/v2\/product\/144423\/revisions"}],"wp:featuredmedia":[{"embeddable":true,"href":"https:\/\/stylingagenten.com\/da\/wp-json\/wp\/v2\/media\/144422"}],"wp:attachment":[{"href":"https:\/\/stylingagenten.com\/da\/wp-json\/wp\/v2\/media?parent=144423"}],"wp:term":[{"taxonomy":"product_brand","embeddable":true,"href":"https:\/\/stylingagenten.com\/da\/wp-json\/wp\/v2\/product_brand?post=144423"},{"taxonomy":"product_cat","embeddable":true,"href":"https:\/\/stylingagenten.com\/da\/wp-json\/wp\/v2\/product_cat?post=144423"},{"taxonomy":"product_tag","embeddable":true,"href":"https:\/\/stylingagenten.com\/da\/wp-json\/wp\/v2\/product_tag?post=144423"},{"taxonomy":"berocket_brand","embeddable":true,"href":"https:\/\/stylingagenten.com\/da\/wp-json\/wp\/v2\/berocket_brand?post=144423"}],"curies":[{"name":"wp","href":"https:\/\/api.w.org\/{rel}","templated":true}]}}