{"id":144402,"date":"2025-05-18T23:23:53","date_gmt":"2025-05-18T23:23:53","guid":{"rendered":"https:\/\/staging2.stylingagenten.com\/da\/produkt\/beauty-uk-no-08-small-flat-blending-shading-brush\/"},"modified":"2026-03-24T16:37:44","modified_gmt":"2026-03-24T16:37:44","slug":"beauty-uk-no-08-small-flat-blending-shading-brush","status":"publish","type":"product","link":"https:\/\/stylingagenten.com\/da\/produkt\/beauty-uk-no-08-small-flat-blending-shading-brush\/","title":{"rendered":"Beauty UK No. 08 Small Flat Blending\/Shading Brush"},"content":{"rendered":"<p>Bruges til at p\u00e5f\u00f8re og blende en eller flere \u00f8jenskygger ved hj\u00e6lp af fejende str\u00f8g hen over l\u00e5get.<\/p>\n<p>Professionelt designet og udformet tolv-delt samling af makeup must-haves . Vores b\u00f8rster er elegante, funktionelle og lover at levere et professionelt resultat; fra blush til bronze, kontur til sculpt, definer til highlight og pr\u00e6cision til blend. Grusomhedsfri, vegansk og lavet med syntetisk h\u00e5r af h\u00f8jeste kvalitet, vi har det hele under kontrol! <\/p>\n","protected":false},"excerpt":{"rendered":"<p>Bruges til at p\u00e5f\u00f8re og blende en eller flere \u00f8jenskygger ved hj\u00e6lp af fejende str\u00f8g hen over l\u00e5get. Professionelt designet og udformet tolv-delt samling af makeup must-haves . Vores b\u00f8rster er elegante, funktionelle og lover at levere et professionelt resultat; fra blush til bronze, kontur til sculpt, definer til highlight og pr\u00e6cision til blend. Grusomhedsfri, [&hellip;]<\/p>\n","protected":false},"featured_media":144399,"comment_status":"open","ping_status":"closed","template":"","meta":{"_trash_the_other_posts":false},"product_brand":[],"product_cat":[676,1005],"product_tag":[2518],"berocket_brand":[1059],"class_list":{"0":"post-144402","1":"product","2":"type-product","3":"status-publish","4":"has-post-thumbnail","6":"product_cat-make-up-boerster-ogon","7":"product_cat-outlet","8":"product_tag-beauty-uk-brush","9":"pa_brand-beautyuk","10":"pa_variant-no-08-small-flat-blending-shading","11":"berocket_brand-beautyuk","13":"first","14":"outofstock","15":"sale","16":"taxable","17":"shipping-taxable","18":"purchasable","19":"product-type-simple"},"_links":{"self":[{"href":"https:\/\/stylingagenten.com\/da\/wp-json\/wp\/v2\/product\/144402","targetHints":{"allow":["GET"]}}],"collection":[{"href":"https:\/\/stylingagenten.com\/da\/wp-json\/wp\/v2\/product"}],"about":[{"href":"https:\/\/stylingagenten.com\/da\/wp-json\/wp\/v2\/types\/product"}],"replies":[{"embeddable":true,"href":"https:\/\/stylingagenten.com\/da\/wp-json\/wp\/v2\/comments?post=144402"}],"version-history":[{"count":0,"href":"https:\/\/stylingagenten.com\/da\/wp-json\/wp\/v2\/product\/144402\/revisions"}],"wp:featuredmedia":[{"embeddable":true,"href":"https:\/\/stylingagenten.com\/da\/wp-json\/wp\/v2\/media\/144399"}],"wp:attachment":[{"href":"https:\/\/stylingagenten.com\/da\/wp-json\/wp\/v2\/media?parent=144402"}],"wp:term":[{"taxonomy":"product_brand","embeddable":true,"href":"https:\/\/stylingagenten.com\/da\/wp-json\/wp\/v2\/product_brand?post=144402"},{"taxonomy":"product_cat","embeddable":true,"href":"https:\/\/stylingagenten.com\/da\/wp-json\/wp\/v2\/product_cat?post=144402"},{"taxonomy":"product_tag","embeddable":true,"href":"https:\/\/stylingagenten.com\/da\/wp-json\/wp\/v2\/product_tag?post=144402"},{"taxonomy":"berocket_brand","embeddable":true,"href":"https:\/\/stylingagenten.com\/da\/wp-json\/wp\/v2\/berocket_brand?post=144402"}],"curies":[{"name":"wp","href":"https:\/\/api.w.org\/{rel}","templated":true}]}}