{"id":144401,"date":"2025-05-18T23:23:53","date_gmt":"2025-05-18T23:23:53","guid":{"rendered":"https:\/\/staging2.stylingagenten.com\/da\/produkt\/beauty-uk-no-06-flat-contour-blending-brush\/"},"modified":"2026-04-06T14:48:41","modified_gmt":"2026-04-06T14:48:41","slug":"beauty-uk-no-06-flat-contour-blending-brush","status":"publish","type":"product","link":"https:\/\/stylingagenten.com\/da\/produkt\/beauty-uk-no-06-flat-contour-blending-brush\/","title":{"rendered":"Beauty UK No. 06 Flat Contour\/Blending Brush"},"content":{"rendered":"<p>P\u00e5f\u00f8r produktet p\u00e5 siderne af b\u00f8rsten for at f\u00e5 en naturlig blanding af farve, eller brug toppen af \u200b\u200bb\u00f8rsten for at f\u00e5 en bedre d\u00e6kning. Blandet ved at stryge frem og tilbage for at sprede barske linjer for en fejlfrit kontureret teint.<\/p>\n<p>Professionelt designet og udformet tolv-delt samling af makeup-must-haves. Vores b\u00f8rster er elegante, funktionelle og lover at levere et professionelt resultat; fra blush til bronze, kontur til sculpt, definer til highlight og pr\u00e6cision til blend. Grusomhedsfri, vegansk og lavet med syntetisk h\u00e5r af h\u00f8jeste kvalitet, vi har det hele under kontrol! <\/p>\n","protected":false},"excerpt":{"rendered":"<p>P\u00e5f\u00f8r produktet p\u00e5 siderne af b\u00f8rsten for at f\u00e5 en naturlig blanding af farve, eller brug toppen af \u200b\u200bb\u00f8rsten for at f\u00e5 en bedre d\u00e6kning. Blandet ved at stryge frem og tilbage for at sprede barske linjer for en fejlfrit kontureret teint. Professionelt designet og udformet tolv-delt samling af makeup-must-haves. Vores b\u00f8rster er elegante, funktionelle [&hellip;]<\/p>\n","protected":false},"featured_media":144398,"comment_status":"open","ping_status":"closed","template":"","meta":{"_trash_the_other_posts":false},"product_brand":[],"product_cat":[726],"product_tag":[2518],"berocket_brand":[1059],"class_list":{"0":"post-144401","1":"product","2":"type-product","3":"status-publish","4":"has-post-thumbnail","6":"product_cat-bronzer-boerste","7":"product_tag-beauty-uk-brush","8":"pa_brand-beautyuk","9":"pa_variant-no-06-flat-contour-blending","10":"berocket_brand-beautyuk","12":"first","13":"outofstock","14":"sale","15":"taxable","16":"shipping-taxable","17":"purchasable","18":"product-type-simple"},"_links":{"self":[{"href":"https:\/\/stylingagenten.com\/da\/wp-json\/wp\/v2\/product\/144401","targetHints":{"allow":["GET"]}}],"collection":[{"href":"https:\/\/stylingagenten.com\/da\/wp-json\/wp\/v2\/product"}],"about":[{"href":"https:\/\/stylingagenten.com\/da\/wp-json\/wp\/v2\/types\/product"}],"replies":[{"embeddable":true,"href":"https:\/\/stylingagenten.com\/da\/wp-json\/wp\/v2\/comments?post=144401"}],"version-history":[{"count":0,"href":"https:\/\/stylingagenten.com\/da\/wp-json\/wp\/v2\/product\/144401\/revisions"}],"wp:featuredmedia":[{"embeddable":true,"href":"https:\/\/stylingagenten.com\/da\/wp-json\/wp\/v2\/media\/144398"}],"wp:attachment":[{"href":"https:\/\/stylingagenten.com\/da\/wp-json\/wp\/v2\/media?parent=144401"}],"wp:term":[{"taxonomy":"product_brand","embeddable":true,"href":"https:\/\/stylingagenten.com\/da\/wp-json\/wp\/v2\/product_brand?post=144401"},{"taxonomy":"product_cat","embeddable":true,"href":"https:\/\/stylingagenten.com\/da\/wp-json\/wp\/v2\/product_cat?post=144401"},{"taxonomy":"product_tag","embeddable":true,"href":"https:\/\/stylingagenten.com\/da\/wp-json\/wp\/v2\/product_tag?post=144401"},{"taxonomy":"berocket_brand","embeddable":true,"href":"https:\/\/stylingagenten.com\/da\/wp-json\/wp\/v2\/berocket_brand?post=144401"}],"curies":[{"name":"wp","href":"https:\/\/api.w.org\/{rel}","templated":true}]}}