{"id":144390,"date":"2025-05-18T23:23:51","date_gmt":"2025-05-18T23:23:51","guid":{"rendered":"https:\/\/staging2.stylingagenten.com\/da\/produkt\/beauty-uk-no-03-flat-top-brush\/"},"modified":"2025-11-28T15:52:57","modified_gmt":"2025-11-28T15:52:57","slug":"beauty-uk-no-03-flat-top-brush","status":"publish","type":"product","link":"https:\/\/stylingagenten.com\/da\/produkt\/beauty-uk-no-03-flat-top-brush\/","title":{"rendered":"Beauty UK No. 03 Flat Top Brush"},"content":{"rendered":"<p>Tryk foundation p\u00e5 bagsiden af \u200b\u200bdin h\u00e5nd, tag produktet op gradvist og fej let over hele ansigtet i cirkul\u00e6re bev\u00e6gelser. Tilf\u00f8j produkt for at f\u00e5 mere d\u00e6kning eller puds ind for et mere naturligt look.<\/p>\n<p>Professionelt designet og udformet tolv-delt samling af makeup must-haves. Vores b\u00f8rster er elegante, funktionelle og lover at levere et professionelt resultat; fra blush til bronze, kontur til sculpt, definer til highlight og pr\u00e6cision til blend. Grusomhedsfri, vegansk og lavet med syntetisk h\u00e5r af h\u00f8jeste kvalitet, vi har det hele under kontrol! <\/p>\n","protected":false},"excerpt":{"rendered":"<p>Tryk foundation p\u00e5 bagsiden af \u200b\u200bdin h\u00e5nd, tag produktet op gradvist og fej let over hele ansigtet i cirkul\u00e6re bev\u00e6gelser. Tilf\u00f8j produkt for at f\u00e5 mere d\u00e6kning eller puds ind for et mere naturligt look. Professionelt designet og udformet tolv-delt samling af makeup must-haves. Vores b\u00f8rster er elegante, funktionelle og lover at levere et professionelt [&hellip;]<\/p>\n","protected":false},"featured_media":144388,"comment_status":"open","ping_status":"closed","template":"","meta":{"_trash_the_other_posts":false},"product_brand":[],"product_cat":[725],"product_tag":[2518],"berocket_brand":[1059],"class_list":{"0":"post-144390","1":"product","2":"type-product","3":"status-publish","4":"has-post-thumbnail","6":"product_cat-foundation-boerste","7":"product_tag-beauty-uk-brush","8":"pa_brand-beautyuk","9":"pa_variant-no-03-flat-top","10":"berocket_brand-beautyuk","12":"first","13":"instock","14":"sale","15":"taxable","16":"shipping-taxable","17":"purchasable","18":"product-type-simple"},"_links":{"self":[{"href":"https:\/\/stylingagenten.com\/da\/wp-json\/wp\/v2\/product\/144390","targetHints":{"allow":["GET"]}}],"collection":[{"href":"https:\/\/stylingagenten.com\/da\/wp-json\/wp\/v2\/product"}],"about":[{"href":"https:\/\/stylingagenten.com\/da\/wp-json\/wp\/v2\/types\/product"}],"replies":[{"embeddable":true,"href":"https:\/\/stylingagenten.com\/da\/wp-json\/wp\/v2\/comments?post=144390"}],"version-history":[{"count":0,"href":"https:\/\/stylingagenten.com\/da\/wp-json\/wp\/v2\/product\/144390\/revisions"}],"wp:featuredmedia":[{"embeddable":true,"href":"https:\/\/stylingagenten.com\/da\/wp-json\/wp\/v2\/media\/144388"}],"wp:attachment":[{"href":"https:\/\/stylingagenten.com\/da\/wp-json\/wp\/v2\/media?parent=144390"}],"wp:term":[{"taxonomy":"product_brand","embeddable":true,"href":"https:\/\/stylingagenten.com\/da\/wp-json\/wp\/v2\/product_brand?post=144390"},{"taxonomy":"product_cat","embeddable":true,"href":"https:\/\/stylingagenten.com\/da\/wp-json\/wp\/v2\/product_cat?post=144390"},{"taxonomy":"product_tag","embeddable":true,"href":"https:\/\/stylingagenten.com\/da\/wp-json\/wp\/v2\/product_tag?post=144390"},{"taxonomy":"berocket_brand","embeddable":true,"href":"https:\/\/stylingagenten.com\/da\/wp-json\/wp\/v2\/berocket_brand?post=144390"}],"curies":[{"name":"wp","href":"https:\/\/api.w.org\/{rel}","templated":true}]}}