{"id":144375,"date":"2025-05-18T23:23:48","date_gmt":"2025-05-18T23:23:48","guid":{"rendered":"https:\/\/staging2.stylingagenten.com\/da\/produkt\/beauty-uk-no-12-eyeliner-brush\/"},"modified":"2026-01-10T13:06:43","modified_gmt":"2026-01-10T13:06:43","slug":"beauty-uk-no-12-eyeliner-brush","status":"publish","type":"product","link":"https:\/\/stylingagenten.com\/da\/produkt\/beauty-uk-no-12-eyeliner-brush\/","title":{"rendered":"Beauty UK No. 12 Eyeliner Brush"},"content":{"rendered":"<p>Bruges med vores Pro Gel eyeliner &#8211; dyp spidsen af \u200b\u200bb\u00f8rsten i glasset og p\u00e5f\u00f8r kort tid, str\u00f8g t\u00e6t p\u00e5 vippekanten, fra den indre til den ydre vippekant. Til brug med pudderskygge &#8211; v\u00e5d b\u00f8rsten og brug spidsen, lav et &quot;x&quot; med skygge for at opfange farve. Brug glatte str\u00f8g til at skabe en linje n\u00e6r vipperne, der g\u00e5r fra det indre til det ydre hj\u00f8rne.&nbsp;<\/p>\n<p>Professionelt designet og fremstillet. Vores b\u00f8rster er elegante, funktionelle og lover at levere et professionelt resultat.<br \/>Gramhedsfri, vegansk og lavet af syntetisk h\u00e5r af h\u00f8jeste kvalitet, vi har det hele under kontrol!<\/p>\n","protected":false},"excerpt":{"rendered":"<p>Bruges med vores Pro Gel eyeliner &#8211; dyp spidsen af \u200b\u200bb\u00f8rsten i glasset og p\u00e5f\u00f8r kort tid, str\u00f8g t\u00e6t p\u00e5 vippekanten, fra den indre til den ydre vippekant. Til brug med pudderskygge &#8211; v\u00e5d b\u00f8rsten og brug spidsen, lav et &quot;x&quot; med skygge for at opfange farve. Brug glatte str\u00f8g til at skabe en linje [&hellip;]<\/p>\n","protected":false},"featured_media":144372,"comment_status":"open","ping_status":"closed","template":"","meta":{"_trash_the_other_posts":false},"product_brand":[],"product_cat":[676],"product_tag":[2518],"berocket_brand":[1059],"class_list":{"0":"post-144375","1":"product","2":"type-product","3":"status-publish","4":"has-post-thumbnail","6":"product_cat-make-up-boerster-ogon","7":"product_tag-beauty-uk-brush","8":"pa_brand-beautyuk","9":"pa_variant-no-12-eyeliner","10":"berocket_brand-beautyuk","12":"first","13":"instock","14":"sale","15":"taxable","16":"shipping-taxable","17":"purchasable","18":"product-type-simple"},"_links":{"self":[{"href":"https:\/\/stylingagenten.com\/da\/wp-json\/wp\/v2\/product\/144375","targetHints":{"allow":["GET"]}}],"collection":[{"href":"https:\/\/stylingagenten.com\/da\/wp-json\/wp\/v2\/product"}],"about":[{"href":"https:\/\/stylingagenten.com\/da\/wp-json\/wp\/v2\/types\/product"}],"replies":[{"embeddable":true,"href":"https:\/\/stylingagenten.com\/da\/wp-json\/wp\/v2\/comments?post=144375"}],"version-history":[{"count":0,"href":"https:\/\/stylingagenten.com\/da\/wp-json\/wp\/v2\/product\/144375\/revisions"}],"wp:featuredmedia":[{"embeddable":true,"href":"https:\/\/stylingagenten.com\/da\/wp-json\/wp\/v2\/media\/144372"}],"wp:attachment":[{"href":"https:\/\/stylingagenten.com\/da\/wp-json\/wp\/v2\/media?parent=144375"}],"wp:term":[{"taxonomy":"product_brand","embeddable":true,"href":"https:\/\/stylingagenten.com\/da\/wp-json\/wp\/v2\/product_brand?post=144375"},{"taxonomy":"product_cat","embeddable":true,"href":"https:\/\/stylingagenten.com\/da\/wp-json\/wp\/v2\/product_cat?post=144375"},{"taxonomy":"product_tag","embeddable":true,"href":"https:\/\/stylingagenten.com\/da\/wp-json\/wp\/v2\/product_tag?post=144375"},{"taxonomy":"berocket_brand","embeddable":true,"href":"https:\/\/stylingagenten.com\/da\/wp-json\/wp\/v2\/berocket_brand?post=144375"}],"curies":[{"name":"wp","href":"https:\/\/api.w.org\/{rel}","templated":true}]}}