{"id":144350,"date":"2025-05-18T23:23:43","date_gmt":"2025-05-18T23:23:43","guid":{"rendered":"https:\/\/staging2.stylingagenten.com\/da\/produkt\/wet-n-wild-foundation-brush\/"},"modified":"2025-12-29T08:36:44","modified_gmt":"2025-12-29T08:36:44","slug":"wet-n-wild-foundation-brush","status":"publish","type":"product","link":"https:\/\/stylingagenten.com\/da\/produkt\/wet-n-wild-foundation-brush\/","title":{"rendered":"Wet n Wild Foundation Brush"},"content":{"rendered":"<p>Wet n Wild Foundation Brush er en tyk, flad b\u00f8rste, der har den perfekte balance mellem bl\u00f8dhed og fasthed, hvilket g\u00f8r det nemt at p\u00e5f\u00f8re enhver form for flydende og cremefoundation j\u00e6vnt og med pr\u00e6cision.<\/p>\n","protected":false},"excerpt":{"rendered":"<p>Wet n Wild Foundation Brush er en tyk, flad b\u00f8rste, der har den perfekte balance mellem bl\u00f8dhed og fasthed, hvilket g\u00f8r det nemt at p\u00e5f\u00f8re enhver form for flydende og cremefoundation j\u00e6vnt og med pr\u00e6cision.<\/p>\n","protected":false},"featured_media":144347,"comment_status":"open","ping_status":"closed","template":"","meta":{"_trash_the_other_posts":false},"product_brand":[],"product_cat":[725],"product_tag":[],"berocket_brand":[1035],"class_list":{"0":"post-144350","1":"product","2":"type-product","3":"status-publish","4":"has-post-thumbnail","6":"product_cat-foundation-boerste","7":"pa_brand-wet-n-wild","8":"berocket_brand-wet-n-wild","10":"first","11":"instock","12":"sale","13":"taxable","14":"shipping-taxable","15":"purchasable","16":"product-type-simple"},"_links":{"self":[{"href":"https:\/\/stylingagenten.com\/da\/wp-json\/wp\/v2\/product\/144350","targetHints":{"allow":["GET"]}}],"collection":[{"href":"https:\/\/stylingagenten.com\/da\/wp-json\/wp\/v2\/product"}],"about":[{"href":"https:\/\/stylingagenten.com\/da\/wp-json\/wp\/v2\/types\/product"}],"replies":[{"embeddable":true,"href":"https:\/\/stylingagenten.com\/da\/wp-json\/wp\/v2\/comments?post=144350"}],"version-history":[{"count":0,"href":"https:\/\/stylingagenten.com\/da\/wp-json\/wp\/v2\/product\/144350\/revisions"}],"wp:featuredmedia":[{"embeddable":true,"href":"https:\/\/stylingagenten.com\/da\/wp-json\/wp\/v2\/media\/144347"}],"wp:attachment":[{"href":"https:\/\/stylingagenten.com\/da\/wp-json\/wp\/v2\/media?parent=144350"}],"wp:term":[{"taxonomy":"product_brand","embeddable":true,"href":"https:\/\/stylingagenten.com\/da\/wp-json\/wp\/v2\/product_brand?post=144350"},{"taxonomy":"product_cat","embeddable":true,"href":"https:\/\/stylingagenten.com\/da\/wp-json\/wp\/v2\/product_cat?post=144350"},{"taxonomy":"product_tag","embeddable":true,"href":"https:\/\/stylingagenten.com\/da\/wp-json\/wp\/v2\/product_tag?post=144350"},{"taxonomy":"berocket_brand","embeddable":true,"href":"https:\/\/stylingagenten.com\/da\/wp-json\/wp\/v2\/berocket_brand?post=144350"}],"curies":[{"name":"wp","href":"https:\/\/api.w.org\/{rel}","templated":true}]}}