{"id":144320,"date":"2025-05-18T23:23:36","date_gmt":"2025-05-18T23:23:36","guid":{"rendered":"https:\/\/staging2.stylingagenten.com\/da\/produkt\/kokie-powder-brush-br600\/"},"modified":"2026-01-08T08:47:53","modified_gmt":"2026-01-08T08:47:53","slug":"kokie-powder-brush-br600","status":"publish","type":"product","link":"https:\/\/stylingagenten.com\/da\/produkt\/kokie-powder-brush-br600\/","title":{"rendered":"Kokie Powder Brush BR600"},"content":{"rendered":"<p>Kokie Powder Brush BR600 er en bl\u00f8d b\u00f8rste til p\u00e5f\u00f8ring af al make-up i pudderform s\u00e5som blush, bronzer, highlighter eller setting powder. Det syntetiske hoved opfanger nemt produktet og p\u00e5f\u00f8rer det s\u00e5 nemt som muligt. ansigtet. Blend eller fej over foundationen for en fejlfri finish. &nbsp;<\/p>\n","protected":false},"excerpt":{"rendered":"<p>Kokie Powder Brush BR600 er en bl\u00f8d b\u00f8rste til p\u00e5f\u00f8ring af al make-up i pudderform s\u00e5som blush, bronzer, highlighter eller setting powder. Det syntetiske hoved opfanger nemt produktet og p\u00e5f\u00f8rer det s\u00e5 nemt som muligt. ansigtet. Blend eller fej over foundationen for en fejlfri finish. &nbsp;<\/p>\n","protected":false},"featured_media":144307,"comment_status":"open","ping_status":"closed","template":"","meta":{"_trash_the_other_posts":false},"product_brand":[],"product_cat":[1005,728],"product_tag":[],"berocket_brand":[1198],"class_list":{"0":"post-144320","1":"product","2":"type-product","3":"status-publish","4":"has-post-thumbnail","6":"product_cat-outlet","7":"product_cat-pudder-boerste","8":"pa_brand-kokie-cosmetics","9":"berocket_brand-kokie-cosmetics","11":"first","12":"instock","13":"sale","14":"taxable","15":"shipping-taxable","16":"purchasable","17":"product-type-simple"},"_links":{"self":[{"href":"https:\/\/stylingagenten.com\/da\/wp-json\/wp\/v2\/product\/144320","targetHints":{"allow":["GET"]}}],"collection":[{"href":"https:\/\/stylingagenten.com\/da\/wp-json\/wp\/v2\/product"}],"about":[{"href":"https:\/\/stylingagenten.com\/da\/wp-json\/wp\/v2\/types\/product"}],"replies":[{"embeddable":true,"href":"https:\/\/stylingagenten.com\/da\/wp-json\/wp\/v2\/comments?post=144320"}],"version-history":[{"count":0,"href":"https:\/\/stylingagenten.com\/da\/wp-json\/wp\/v2\/product\/144320\/revisions"}],"wp:featuredmedia":[{"embeddable":true,"href":"https:\/\/stylingagenten.com\/da\/wp-json\/wp\/v2\/media\/144307"}],"wp:attachment":[{"href":"https:\/\/stylingagenten.com\/da\/wp-json\/wp\/v2\/media?parent=144320"}],"wp:term":[{"taxonomy":"product_brand","embeddable":true,"href":"https:\/\/stylingagenten.com\/da\/wp-json\/wp\/v2\/product_brand?post=144320"},{"taxonomy":"product_cat","embeddable":true,"href":"https:\/\/stylingagenten.com\/da\/wp-json\/wp\/v2\/product_cat?post=144320"},{"taxonomy":"product_tag","embeddable":true,"href":"https:\/\/stylingagenten.com\/da\/wp-json\/wp\/v2\/product_tag?post=144320"},{"taxonomy":"berocket_brand","embeddable":true,"href":"https:\/\/stylingagenten.com\/da\/wp-json\/wp\/v2\/berocket_brand?post=144320"}],"curies":[{"name":"wp","href":"https:\/\/api.w.org\/{rel}","templated":true}]}}