{"id":144315,"date":"2025-05-18T23:23:35","date_gmt":"2025-05-18T23:23:35","guid":{"rendered":"https:\/\/staging2.stylingagenten.com\/da\/produkt\/kokie-buffing-foundation-brush-br618\/"},"modified":"2025-12-18T21:50:04","modified_gmt":"2025-12-18T21:50:04","slug":"kokie-buffing-foundation-brush-br618","status":"publish","type":"product","link":"https:\/\/stylingagenten.com\/da\/produkt\/kokie-buffing-foundation-brush-br618\/","title":{"rendered":"Kokie Buffing Foundation Brush BR618"},"content":{"rendered":"<p>Kokie Buffing Foundation Brush er en stor, bl\u00f8d, bred b\u00f8rste, der skaber en perfekt solfinish.<br \/>Det afrundede syntetiske hoved er perfekt til at samle hud op. ;st eller presset pudder, det v\u00e6re sig blush, bronzer eller setting powder . Det sidste trin i makeup-rutinen vil v\u00e6re det bedste med denne bl\u00f8de b\u00f8rste til at swipe p\u00e5; make-up med.<br \/>P\u00e5f\u00f8res bl\u00f8dt og j\u00e6vnt med perfekt d\u00e6kning hver gang.<\/p>\n","protected":false},"excerpt":{"rendered":"<p>Kokie Buffing Foundation Brush er en stor, bl\u00f8d, bred b\u00f8rste, der skaber en perfekt solfinish.Det afrundede syntetiske hoved er perfekt til at samle hud op. ;st eller presset pudder, det v\u00e6re sig blush, bronzer eller setting powder . Det sidste trin i makeup-rutinen vil v\u00e6re det bedste med denne bl\u00f8de b\u00f8rste til at swipe p\u00e5; [&hellip;]<\/p>\n","protected":false},"featured_media":144305,"comment_status":"open","ping_status":"closed","template":"","meta":{"_trash_the_other_posts":false},"product_brand":[],"product_cat":[725],"product_tag":[],"berocket_brand":[1198],"class_list":{"0":"post-144315","1":"product","2":"type-product","3":"status-publish","4":"has-post-thumbnail","6":"product_cat-foundation-boerste","7":"pa_brand-kokie-cosmetics","8":"berocket_brand-kokie-cosmetics","10":"first","11":"instock","12":"sale","13":"taxable","14":"shipping-taxable","15":"purchasable","16":"product-type-simple"},"_links":{"self":[{"href":"https:\/\/stylingagenten.com\/da\/wp-json\/wp\/v2\/product\/144315","targetHints":{"allow":["GET"]}}],"collection":[{"href":"https:\/\/stylingagenten.com\/da\/wp-json\/wp\/v2\/product"}],"about":[{"href":"https:\/\/stylingagenten.com\/da\/wp-json\/wp\/v2\/types\/product"}],"replies":[{"embeddable":true,"href":"https:\/\/stylingagenten.com\/da\/wp-json\/wp\/v2\/comments?post=144315"}],"version-history":[{"count":0,"href":"https:\/\/stylingagenten.com\/da\/wp-json\/wp\/v2\/product\/144315\/revisions"}],"wp:featuredmedia":[{"embeddable":true,"href":"https:\/\/stylingagenten.com\/da\/wp-json\/wp\/v2\/media\/144305"}],"wp:attachment":[{"href":"https:\/\/stylingagenten.com\/da\/wp-json\/wp\/v2\/media?parent=144315"}],"wp:term":[{"taxonomy":"product_brand","embeddable":true,"href":"https:\/\/stylingagenten.com\/da\/wp-json\/wp\/v2\/product_brand?post=144315"},{"taxonomy":"product_cat","embeddable":true,"href":"https:\/\/stylingagenten.com\/da\/wp-json\/wp\/v2\/product_cat?post=144315"},{"taxonomy":"product_tag","embeddable":true,"href":"https:\/\/stylingagenten.com\/da\/wp-json\/wp\/v2\/product_tag?post=144315"},{"taxonomy":"berocket_brand","embeddable":true,"href":"https:\/\/stylingagenten.com\/da\/wp-json\/wp\/v2\/berocket_brand?post=144315"}],"curies":[{"name":"wp","href":"https:\/\/api.w.org\/{rel}","templated":true}]}}